{"id":6687,"date":"2020-11-23T20:09:27","date_gmt":"2020-11-23T20:09:27","guid":{"rendered":"https:\/\/ethique-rlaroche.profweb.ca\/?page_id=6687"},"modified":"2021-11-20T19:11:50","modified_gmt":"2021-11-20T19:11:50","slug":"nomade-3","status":"publish","type":"page","link":"http:\/\/www.ethique-rlaroche.philo-cvm.ca\/?page_id=6687","title":{"rendered":"Naomi Fontaine, Kuessipan.3"},"content":{"rendered":"\n<p>La fiert\u00e9 est un symbole, la douleur est le prix que je ne veux pas payer. Et pourtant, j&rsquo;ai invent\u00e9. J&rsquo;ai cr\u00e9\u00e9 un monde faux. Une r\u00e9serve reconstruite o\u00f9 les enfants jouent dehors, o\u00f9 les m\u00e8res font des enfants pour les aimer, o\u00f9 on fait survivre la langue.<\/p>\n\n\n\n<div class=\"wp-block-buttons is-layout-flex wp-block-buttons-is-layout-flex\">\n<div class=\"wp-block-button\"><a class=\"wp-block-button__link\" href=\"http:\/\/www.philo-cvm.ca\/?page_id=6692\">Sentier<\/a><\/div>\n<\/div>\n","protected":false},"excerpt":{"rendered":"<p>La fiert\u00e9 est un symbole, la douleur est le prix que je ne veux pas payer. Et pourtant, j&rsquo;ai invent\u00e9. J&rsquo;ai cr\u00e9\u00e9 un monde faux. &#8230;<\/p>\n","protected":false},"author":1,"featured_media":6689,"parent":0,"menu_order":0,"comment_status":"closed","ping_status":"closed","template":"","meta":{"footnotes":""},"class_list":["post-6687","page","type-page","status-publish","has-post-thumbnail","hentry"],"_links":{"self":[{"href":"http:\/\/www.ethique-rlaroche.philo-cvm.ca\/index.php?rest_route=\/wp\/v2\/pages\/6687","targetHints":{"allow":["GET"]}}],"collection":[{"href":"http:\/\/www.ethique-rlaroche.philo-cvm.ca\/index.php?rest_route=\/wp\/v2\/pages"}],"about":[{"href":"http:\/\/www.ethique-rlaroche.philo-cvm.ca\/index.php?rest_route=\/wp\/v2\/types\/page"}],"author":[{"embeddable":true,"href":"http:\/\/www.ethique-rlaroche.philo-cvm.ca\/index.php?rest_route=\/wp\/v2\/users\/1"}],"replies":[{"embeddable":true,"href":"http:\/\/www.ethique-rlaroche.philo-cvm.ca\/index.php?rest_route=%2Fwp%2Fv2%2Fcomments&post=6687"}],"version-history":[{"count":4,"href":"http:\/\/www.ethique-rlaroche.philo-cvm.ca\/index.php?rest_route=\/wp\/v2\/pages\/6687\/revisions"}],"predecessor-version":[{"id":17068,"href":"http:\/\/www.ethique-rlaroche.philo-cvm.ca\/index.php?rest_route=\/wp\/v2\/pages\/6687\/revisions\/17068"}],"wp:featuredmedia":[{"embeddable":true,"href":"http:\/\/www.ethique-rlaroche.philo-cvm.ca\/index.php?rest_route=\/wp\/v2\/media\/6689"}],"wp:attachment":[{"href":"http:\/\/www.ethique-rlaroche.philo-cvm.ca\/index.php?rest_route=%2Fwp%2Fv2%2Fmedia&parent=6687"}],"curies":[{"name":"wp","href":"https:\/\/api.w.org\/{rel}","templated":true}]}}