{"id":6644,"date":"2020-11-18T21:00:44","date_gmt":"2020-11-18T21:00:44","guid":{"rendered":"https:\/\/ethique-rlaroche.profweb.ca\/?page_id=6644"},"modified":"2020-11-18T22:46:47","modified_gmt":"2020-11-18T22:46:47","slug":"reflexion-et-critique","status":"publish","type":"page","link":"http:\/\/www.ethique-rlaroche.philo-cvm.ca\/?page_id=6644","title":{"rendered":"R\u00e9flexion et critique"},"content":{"rendered":"\n<h4 class=\"wp-block-heading\">Aidez-vous des questions suivantes pour formuler votre commentaire: <\/h4>\n\n\n\n<p><em>Cette exp\u00e9rience de pens\u00e9e, impliquant l\u2019id\u00e9e de position originelle ainsi que l\u2019utilisation du voile d\u2019ignorance<\/em>, nous informe-t-elle sur ce qui constitue notre imaginaire et nos apriori?<\/p>\n\n\n\n<p><em>Les id\u00e9es, issues de cette exp\u00e9rience de pens\u00e9e, peuvent-elles \u00eatre universalis\u00e9es? <\/em><\/p>\n\n\n\n<p><em>Peut-on affirmer qu\u2019elles refl\u00e8tent notre capacit\u00e9 \u00e0 rationaliser les valeurs que sont la libert\u00e9 et l\u2019\u00e9galit\u00e9?<\/em><\/p>\n\n\n\n<p><em>Favorisent-elles la mise en place d&rsquo;un processus de reconnaissance et de r\u00e9conciliation avec les Premi\u00e8res Nations?<\/em><\/p>\n\n\n\n<h3 class=\"has-text-align-center wp-block-heading\"><a href=\"http:\/\/www.philo-cvm.ca\/?page_id=5953\">RETOUR \u00c0 LA VIE DE TOUS LES JOURS<\/a><\/h3>\n","protected":false},"excerpt":{"rendered":"<p>Aidez-vous des questions suivantes pour formuler votre commentaire: Cette exp\u00e9rience de pens\u00e9e, impliquant l\u2019id\u00e9e de position originelle ainsi que l\u2019utilisation du voile d\u2019ignorance, nous informe-t-elle &#8230;<\/p>\n","protected":false},"author":1,"featured_media":6645,"parent":0,"menu_order":0,"comment_status":"open","ping_status":"closed","template":"","meta":{"footnotes":""},"class_list":["post-6644","page","type-page","status-publish","has-post-thumbnail","hentry"],"_links":{"self":[{"href":"http:\/\/www.ethique-rlaroche.philo-cvm.ca\/index.php?rest_route=\/wp\/v2\/pages\/6644","targetHints":{"allow":["GET"]}}],"collection":[{"href":"http:\/\/www.ethique-rlaroche.philo-cvm.ca\/index.php?rest_route=\/wp\/v2\/pages"}],"about":[{"href":"http:\/\/www.ethique-rlaroche.philo-cvm.ca\/index.php?rest_route=\/wp\/v2\/types\/page"}],"author":[{"embeddable":true,"href":"http:\/\/www.ethique-rlaroche.philo-cvm.ca\/index.php?rest_route=\/wp\/v2\/users\/1"}],"replies":[{"embeddable":true,"href":"http:\/\/www.ethique-rlaroche.philo-cvm.ca\/index.php?rest_route=%2Fwp%2Fv2%2Fcomments&post=6644"}],"version-history":[{"count":5,"href":"http:\/\/www.ethique-rlaroche.philo-cvm.ca\/index.php?rest_route=\/wp\/v2\/pages\/6644\/revisions"}],"predecessor-version":[{"id":6663,"href":"http:\/\/www.ethique-rlaroche.philo-cvm.ca\/index.php?rest_route=\/wp\/v2\/pages\/6644\/revisions\/6663"}],"wp:featuredmedia":[{"embeddable":true,"href":"http:\/\/www.ethique-rlaroche.philo-cvm.ca\/index.php?rest_route=\/wp\/v2\/media\/6645"}],"wp:attachment":[{"href":"http:\/\/www.ethique-rlaroche.philo-cvm.ca\/index.php?rest_route=%2Fwp%2Fv2%2Fmedia&parent=6644"}],"curies":[{"name":"wp","href":"https:\/\/api.w.org\/{rel}","templated":true}]}}