{"id":6632,"date":"2020-11-18T20:35:16","date_gmt":"2020-11-18T20:35:16","guid":{"rendered":"https:\/\/ethique-rlaroche.profweb.ca\/?page_id=6632"},"modified":"2020-11-18T20:52:20","modified_gmt":"2020-11-18T20:52:20","slug":"deux-principes-de-justice","status":"publish","type":"page","link":"http:\/\/www.ethique-rlaroche.philo-cvm.ca\/?page_id=6632","title":{"rendered":"Deux principes de justice"},"content":{"rendered":"\n<p> <em>Appuyez-vous sur la r\u00e9flexion qui pr\u00e9c\u00e8de afin de formuler des principes de justice devant r\u00e9guler les institutions sociales en vue de la r\u00e9partition juste et \u00e9quitable des biens premiers. <\/em><\/p>\n\n\n\n<p><em>Autrement dit, \u00e9noncez les r\u00e8gles g\u00e9n\u00e9rales d\u2019action d\u00e9terminant ce qui devra socialement \u00eatre fait pour que la soci\u00e9t\u00e9 soit juste.<\/em><\/p>\n\n\n\n<p>La difficult\u00e9 consiste \u00e0 trouver des id\u00e9es permettant que la libert\u00e9 de tous n\u2019entre pas en contradiction avec la justice?<\/p>\n\n\n\n<p>Nous pouvons aussi nous demander, comment faire pour assurer l\u2019\u00e9quit\u00e9 malgr\u00e9 les diff\u00e9rences?<\/p>\n\n\n\n<h4 class=\"has-text-align-center wp-block-heading\"><a href=\"http:\/\/www.philo-cvm.ca\/?page_id=6637\">QU&rsquo;A IMAGIN\u00c9 JOHN RAWLS?<\/a><\/h4>\n","protected":false},"excerpt":{"rendered":"<p>Appuyez-vous sur la r\u00e9flexion qui pr\u00e9c\u00e8de afin de formuler des principes de justice devant r\u00e9guler les institutions sociales en vue de la r\u00e9partition juste et &#8230;<\/p>\n","protected":false},"author":1,"featured_media":6634,"parent":0,"menu_order":0,"comment_status":"open","ping_status":"closed","template":"","meta":{"footnotes":""},"class_list":["post-6632","page","type-page","status-publish","has-post-thumbnail","hentry"],"_links":{"self":[{"href":"http:\/\/www.ethique-rlaroche.philo-cvm.ca\/index.php?rest_route=\/wp\/v2\/pages\/6632","targetHints":{"allow":["GET"]}}],"collection":[{"href":"http:\/\/www.ethique-rlaroche.philo-cvm.ca\/index.php?rest_route=\/wp\/v2\/pages"}],"about":[{"href":"http:\/\/www.ethique-rlaroche.philo-cvm.ca\/index.php?rest_route=\/wp\/v2\/types\/page"}],"author":[{"embeddable":true,"href":"http:\/\/www.ethique-rlaroche.philo-cvm.ca\/index.php?rest_route=\/wp\/v2\/users\/1"}],"replies":[{"embeddable":true,"href":"http:\/\/www.ethique-rlaroche.philo-cvm.ca\/index.php?rest_route=%2Fwp%2Fv2%2Fcomments&post=6632"}],"version-history":[{"count":3,"href":"http:\/\/www.ethique-rlaroche.philo-cvm.ca\/index.php?rest_route=\/wp\/v2\/pages\/6632\/revisions"}],"predecessor-version":[{"id":6641,"href":"http:\/\/www.ethique-rlaroche.philo-cvm.ca\/index.php?rest_route=\/wp\/v2\/pages\/6632\/revisions\/6641"}],"wp:featuredmedia":[{"embeddable":true,"href":"http:\/\/www.ethique-rlaroche.philo-cvm.ca\/index.php?rest_route=\/wp\/v2\/media\/6634"}],"wp:attachment":[{"href":"http:\/\/www.ethique-rlaroche.philo-cvm.ca\/index.php?rest_route=%2Fwp%2Fv2%2Fmedia&parent=6632"}],"curies":[{"name":"wp","href":"https:\/\/api.w.org\/{rel}","templated":true}]}}