{"id":6626,"date":"2020-11-18T20:24:00","date_gmt":"2020-11-18T20:24:00","guid":{"rendered":"https:\/\/ethique-rlaroche.profweb.ca\/?page_id=6626"},"modified":"2020-11-18T22:39:24","modified_gmt":"2020-11-18T22:39:24","slug":"les-biens-premiers-dune-societe-juste","status":"publish","type":"page","link":"http:\/\/www.ethique-rlaroche.philo-cvm.ca\/?page_id=6626","title":{"rendered":"Les biens premiers d&rsquo;une soci\u00e9t\u00e9 juste"},"content":{"rendered":"\n<p><em>Plac\u00e9s sous le voile d\u2019ignorance vous ne savez plus d\u2019avance quel sera votre projet de vie personnel, vous ne savez pas quelles sont vos croyances, vous ne connaissez plus la position que vous occupez sur le plan social, si vous avez eu de la chance ou non! Partant de cette position originelle \u2026<\/em><\/p>\n\n\n\n<h4 class=\"wp-block-heading\">D\u00e9terminez quels sont les droits et libert\u00e9s qui seront accord\u00e9s \u00e0 tous?<\/h4>\n\n\n\n<h4 class=\"wp-block-heading\">D\u00e9terminez quelles sont les conditions de base pour qu\u2019un individu dispose d\u2019une libert\u00e9 r\u00e9elle en soci\u00e9t\u00e9?<\/h4>\n\n\n\n<p>Aussit\u00f4t qu&rsquo;un membre de l&rsquo;\u00e9quipe participant \u00e0 la d\u00e9lib\u00e9ration r\u00e9f\u00e8re \u00e0 des int\u00e9r\u00eats particuliers revenez sous le voile d&rsquo;ignorance pour retrouver le maximum d&rsquo;impartialit\u00e9. <\/p>\n\n\n\n<h3 class=\"has-text-align-center wp-block-heading\"><a href=\"http:\/\/www.philo-cvm.ca\/?page_id=6632\">PRINCIPES DE JUSTICE<\/a><\/h3>\n","protected":false},"excerpt":{"rendered":"<p>Plac\u00e9s sous le voile d\u2019ignorance vous ne savez plus d\u2019avance quel sera votre projet de vie personnel, vous ne savez pas quelles sont vos croyances, &#8230;<\/p>\n","protected":false},"author":1,"featured_media":6627,"parent":0,"menu_order":0,"comment_status":"open","ping_status":"closed","template":"","meta":{"footnotes":""},"class_list":["post-6626","page","type-page","status-publish","has-post-thumbnail","hentry"],"_links":{"self":[{"href":"http:\/\/www.ethique-rlaroche.philo-cvm.ca\/index.php?rest_route=\/wp\/v2\/pages\/6626","targetHints":{"allow":["GET"]}}],"collection":[{"href":"http:\/\/www.ethique-rlaroche.philo-cvm.ca\/index.php?rest_route=\/wp\/v2\/pages"}],"about":[{"href":"http:\/\/www.ethique-rlaroche.philo-cvm.ca\/index.php?rest_route=\/wp\/v2\/types\/page"}],"author":[{"embeddable":true,"href":"http:\/\/www.ethique-rlaroche.philo-cvm.ca\/index.php?rest_route=\/wp\/v2\/users\/1"}],"replies":[{"embeddable":true,"href":"http:\/\/www.ethique-rlaroche.philo-cvm.ca\/index.php?rest_route=%2Fwp%2Fv2%2Fcomments&post=6626"}],"version-history":[{"count":4,"href":"http:\/\/www.ethique-rlaroche.philo-cvm.ca\/index.php?rest_route=\/wp\/v2\/pages\/6626\/revisions"}],"predecessor-version":[{"id":6660,"href":"http:\/\/www.ethique-rlaroche.philo-cvm.ca\/index.php?rest_route=\/wp\/v2\/pages\/6626\/revisions\/6660"}],"wp:featuredmedia":[{"embeddable":true,"href":"http:\/\/www.ethique-rlaroche.philo-cvm.ca\/index.php?rest_route=\/wp\/v2\/media\/6627"}],"wp:attachment":[{"href":"http:\/\/www.ethique-rlaroche.philo-cvm.ca\/index.php?rest_route=%2Fwp%2Fv2%2Fmedia&parent=6626"}],"curies":[{"name":"wp","href":"https:\/\/api.w.org\/{rel}","templated":true}]}}