{"id":6612,"date":"2020-11-18T19:52:21","date_gmt":"2020-11-18T19:52:21","guid":{"rendered":"https:\/\/ethique-rlaroche.profweb.ca\/?page_id=6612"},"modified":"2020-11-18T22:35:54","modified_gmt":"2020-11-18T22:35:54","slug":"la-position-originelle","status":"publish","type":"page","link":"http:\/\/www.ethique-rlaroche.philo-cvm.ca\/?page_id=6612","title":{"rendered":"La position originelle"},"content":{"rendered":"\n<p><em>Tous les membres de l\u2019\u00e9quipe doivent s\u2019imaginer participer \u00e0 un processus fictif de d\u00e9lib\u00e9ration ayant pour but de n\u00e9gocier un contrat social impliquant les principes de base d\u2019une association politique fond\u00e9e sur la justice.<\/em> <\/p>\n\n\n\n<p>L&rsquo;exercice fonctionne si vous vous imaginez dans cette fameuse position originelle que d\u00e9crit et utilise Rawls, c&rsquo;est \u00e7a l&rsquo;exp\u00e9rience de pens\u00e9e. <\/p>\n\n\n\n<p>Lorsque les conditions mentales son r\u00e9unis pour commencer la d\u00e9lib\u00e9ration : <\/p>\n\n\n\n<h4 class=\"wp-block-heading\">Identifiez des situations sociales par quoi le manque d\u2019\u00e9quit\u00e9 repr\u00e9sente des injustices. <\/h4>\n\n\n\n<h3 class=\"has-text-align-center wp-block-heading\"><a href=\"http:\/\/www.philo-cvm.ca\/?page_id=6619\">PORTER LE VOILE D&rsquo;IGNORANCE<\/a><\/h3>\n","protected":false},"excerpt":{"rendered":"<p>Tous les membres de l\u2019\u00e9quipe doivent s\u2019imaginer participer \u00e0 un processus fictif de d\u00e9lib\u00e9ration ayant pour but de n\u00e9gocier un contrat social impliquant les principes &#8230;<\/p>\n","protected":false},"author":1,"featured_media":6615,"parent":0,"menu_order":0,"comment_status":"open","ping_status":"closed","template":"","meta":{"footnotes":""},"class_list":["post-6612","page","type-page","status-publish","has-post-thumbnail","hentry"],"_links":{"self":[{"href":"http:\/\/www.ethique-rlaroche.philo-cvm.ca\/index.php?rest_route=\/wp\/v2\/pages\/6612","targetHints":{"allow":["GET"]}}],"collection":[{"href":"http:\/\/www.ethique-rlaroche.philo-cvm.ca\/index.php?rest_route=\/wp\/v2\/pages"}],"about":[{"href":"http:\/\/www.ethique-rlaroche.philo-cvm.ca\/index.php?rest_route=\/wp\/v2\/types\/page"}],"author":[{"embeddable":true,"href":"http:\/\/www.ethique-rlaroche.philo-cvm.ca\/index.php?rest_route=\/wp\/v2\/users\/1"}],"replies":[{"embeddable":true,"href":"http:\/\/www.ethique-rlaroche.philo-cvm.ca\/index.php?rest_route=%2Fwp%2Fv2%2Fcomments&post=6612"}],"version-history":[{"count":4,"href":"http:\/\/www.ethique-rlaroche.philo-cvm.ca\/index.php?rest_route=\/wp\/v2\/pages\/6612\/revisions"}],"predecessor-version":[{"id":6659,"href":"http:\/\/www.ethique-rlaroche.philo-cvm.ca\/index.php?rest_route=\/wp\/v2\/pages\/6612\/revisions\/6659"}],"wp:featuredmedia":[{"embeddable":true,"href":"http:\/\/www.ethique-rlaroche.philo-cvm.ca\/index.php?rest_route=\/wp\/v2\/media\/6615"}],"wp:attachment":[{"href":"http:\/\/www.ethique-rlaroche.philo-cvm.ca\/index.php?rest_route=%2Fwp%2Fv2%2Fmedia&parent=6612"}],"curies":[{"name":"wp","href":"https:\/\/api.w.org\/{rel}","templated":true}]}}