{"id":5999,"date":"2020-10-29T22:21:41","date_gmt":"2020-10-29T22:21:41","guid":{"rendered":"https:\/\/ethique-rlaroche.profweb.ca\/?page_id=5999"},"modified":"2021-11-20T19:51:13","modified_gmt":"2021-11-20T19:51:13","slug":"5999-2","status":"publish","type":"page","link":"http:\/\/www.ethique-rlaroche.philo-cvm.ca\/?page_id=5999","title":{"rendered":"Jean Sioui, Le couteau croche.4"},"content":{"rendered":"\n<p>Sept millions de mocassins ont d\u00e9j\u00e0 pris la route<\/p>\n\n\n\n<p>Quatorze millions de pas d&rsquo;indiens<\/p>\n\n\n\n<p>De la baie Georgienne \u00e0 la baie de Gasp\u00e9<\/p>\n\n\n\n<p>Des gentils hurons marchaient \u00e0 pas de daim<\/p>\n\n\n\n<p>Depuis des ann\u00e9es en r\u00e9serve<\/p>\n\n\n\n<p>Qu&rsquo;on appelle mon nouveau territoire<\/p>\n\n\n\n<p>J&rsquo;\u00e9coute l&rsquo;oreille clou\u00e9e au sol<\/p>\n\n\n\n<p>Le bruit des nouveaux marcheurs<\/p>\n\n\n\n<p>Permettez-moi un petit reproche<\/p>\n\n\n\n<p>Ce que vous nous avez enseign\u00e9<\/p>\n\n\n\n<p>N&rsquo;a plus d&rsquo;importance<\/p>\n\n\n\n<p>Il ne faut pas s&rsquo;en offusquer<\/p>\n\n\n\n<p>La vieille histoire reprend la route<\/p>\n\n\n\n<p>Le long de la grande rivi\u00e8re<\/p>\n\n\n\n<div class=\"wp-block-buttons is-layout-flex wp-block-buttons-is-layout-flex\">\n<div class=\"wp-block-button\"><a class=\"wp-block-button__link\" href=\"http:\/\/www.philo-cvm.ca\/?page_id=6003\" target=\"_blank\" rel=\"noreferrer noopener\">Bivouac<\/a><\/div>\n<\/div>\n","protected":false},"excerpt":{"rendered":"<p>Sept millions de mocassins ont d\u00e9j\u00e0 pris la route Quatorze millions de pas d&rsquo;indiens De la baie Georgienne \u00e0 la baie de Gasp\u00e9 Des gentils &#8230;<\/p>\n","protected":false},"author":1,"featured_media":6001,"parent":0,"menu_order":0,"comment_status":"closed","ping_status":"closed","template":"","meta":{"footnotes":""},"class_list":["post-5999","page","type-page","status-publish","has-post-thumbnail","hentry"],"_links":{"self":[{"href":"http:\/\/www.ethique-rlaroche.philo-cvm.ca\/index.php?rest_route=\/wp\/v2\/pages\/5999","targetHints":{"allow":["GET"]}}],"collection":[{"href":"http:\/\/www.ethique-rlaroche.philo-cvm.ca\/index.php?rest_route=\/wp\/v2\/pages"}],"about":[{"href":"http:\/\/www.ethique-rlaroche.philo-cvm.ca\/index.php?rest_route=\/wp\/v2\/types\/page"}],"author":[{"embeddable":true,"href":"http:\/\/www.ethique-rlaroche.philo-cvm.ca\/index.php?rest_route=\/wp\/v2\/users\/1"}],"replies":[{"embeddable":true,"href":"http:\/\/www.ethique-rlaroche.philo-cvm.ca\/index.php?rest_route=%2Fwp%2Fv2%2Fcomments&post=5999"}],"version-history":[{"count":3,"href":"http:\/\/www.ethique-rlaroche.philo-cvm.ca\/index.php?rest_route=\/wp\/v2\/pages\/5999\/revisions"}],"predecessor-version":[{"id":17096,"href":"http:\/\/www.ethique-rlaroche.philo-cvm.ca\/index.php?rest_route=\/wp\/v2\/pages\/5999\/revisions\/17096"}],"wp:featuredmedia":[{"embeddable":true,"href":"http:\/\/www.ethique-rlaroche.philo-cvm.ca\/index.php?rest_route=\/wp\/v2\/media\/6001"}],"wp:attachment":[{"href":"http:\/\/www.ethique-rlaroche.philo-cvm.ca\/index.php?rest_route=%2Fwp%2Fv2%2Fmedia&parent=5999"}],"curies":[{"name":"wp","href":"https:\/\/api.w.org\/{rel}","templated":true}]}}