{"id":5991,"date":"2020-10-29T21:59:55","date_gmt":"2020-10-29T21:59:55","guid":{"rendered":"https:\/\/ethique-rlaroche.profweb.ca\/?page_id=5991"},"modified":"2021-11-20T19:48:27","modified_gmt":"2021-11-20T19:48:27","slug":"5991-2","status":"publish","type":"page","link":"http:\/\/www.ethique-rlaroche.philo-cvm.ca\/?page_id=5991","title":{"rendered":"Jean Sioui, Mon couteau croche.2"},"content":{"rendered":"\n<p>M\u00e9moire trahie de ma nation<\/p>\n\n\n\n<p>Fiction de l&rsquo;histoire sur papier blanc<\/p>\n\n\n\n<p>Conteurs modernes en culottes savantes<\/p>\n\n\n\n<p>Dans des temps d&rsquo;envol\u00e9es c\u00f4te \u00e0 c\u00f4te<\/p>\n\n\n\n<p>Baveux et fiers<\/p>\n\n\n\n<p>Ils enfoncent des mots<\/p>\n\n\n\n<p>D&rsquo;eau ou de feu<\/p>\n\n\n\n<p>Mensonges<\/p>\n\n\n\n<p>Dans les \u00e9coles<\/p>\n\n\n\n<p>Pour trapper des \u00e9l\u00e8ves<\/p>\n\n\n\n<div class=\"wp-block-buttons is-layout-flex wp-block-buttons-is-layout-flex\">\n<div class=\"wp-block-button\"><a class=\"wp-block-button__link\" href=\"http:\/\/www.philo-cvm.ca\/?page_id=17086\">Sentier<\/a><\/div>\n<\/div>\n","protected":false},"excerpt":{"rendered":"<p>M\u00e9moire trahie de ma nation Fiction de l&rsquo;histoire sur papier blanc Conteurs modernes en culottes savantes Dans des temps d&rsquo;envol\u00e9es c\u00f4te \u00e0 c\u00f4te Baveux et &#8230;<\/p>\n","protected":false},"author":1,"featured_media":5993,"parent":0,"menu_order":0,"comment_status":"closed","ping_status":"closed","template":"","meta":{"footnotes":""},"class_list":["post-5991","page","type-page","status-publish","has-post-thumbnail","hentry"],"_links":{"self":[{"href":"http:\/\/www.ethique-rlaroche.philo-cvm.ca\/index.php?rest_route=\/wp\/v2\/pages\/5991","targetHints":{"allow":["GET"]}}],"collection":[{"href":"http:\/\/www.ethique-rlaroche.philo-cvm.ca\/index.php?rest_route=\/wp\/v2\/pages"}],"about":[{"href":"http:\/\/www.ethique-rlaroche.philo-cvm.ca\/index.php?rest_route=\/wp\/v2\/types\/page"}],"author":[{"embeddable":true,"href":"http:\/\/www.ethique-rlaroche.philo-cvm.ca\/index.php?rest_route=\/wp\/v2\/users\/1"}],"replies":[{"embeddable":true,"href":"http:\/\/www.ethique-rlaroche.philo-cvm.ca\/index.php?rest_route=%2Fwp%2Fv2%2Fcomments&post=5991"}],"version-history":[{"count":4,"href":"http:\/\/www.ethique-rlaroche.philo-cvm.ca\/index.php?rest_route=\/wp\/v2\/pages\/5991\/revisions"}],"predecessor-version":[{"id":17092,"href":"http:\/\/www.ethique-rlaroche.philo-cvm.ca\/index.php?rest_route=\/wp\/v2\/pages\/5991\/revisions\/17092"}],"wp:featuredmedia":[{"embeddable":true,"href":"http:\/\/www.ethique-rlaroche.philo-cvm.ca\/index.php?rest_route=\/wp\/v2\/media\/5993"}],"wp:attachment":[{"href":"http:\/\/www.ethique-rlaroche.philo-cvm.ca\/index.php?rest_route=%2Fwp%2Fv2%2Fmedia&parent=5991"}],"curies":[{"name":"wp","href":"https:\/\/api.w.org\/{rel}","templated":true}]}}