{"id":5969,"date":"2020-10-29T20:49:17","date_gmt":"2020-10-29T20:49:17","guid":{"rendered":"https:\/\/ethique-rlaroche.profweb.ca\/?page_id=5969"},"modified":"2021-11-20T19:02:49","modified_gmt":"2021-11-20T19:02:49","slug":"5969-2","status":"publish","type":"page","link":"http:\/\/www.ethique-rlaroche.philo-cvm.ca\/?page_id=5969","title":{"rendered":"Jos\u00e9phine Bacon, Uiesh, Quelque part.7"},"content":{"rendered":"\n<p>Je me so\u00fble de mots tendres<\/p>\n\n\n\n<p>Tu ne me remarques pas<\/p>\n\n\n\n<p>Tu vois mon absence dans l&rsquo;image<\/p>\n\n\n\n<p>Que tu as cr\u00e9\u00e9e<\/p>\n\n\n\n<p>Derri\u00e8re mon \u00e2me invisible<\/p>\n\n\n\n<p>Tu cherches le lieu<\/p>\n\n\n\n<p>Tu cherches le c\u0153ur<\/p>\n\n\n\n<p>Tu entames le chant<\/p>\n\n\n\n<p>Tu entames le chant<\/p>\n\n\n\n<p>Tu entames le chant<\/p>\n\n\n\n<p>***<\/p>\n\n\n\n<p>Niminuten shatshitun-aimuna<\/p>\n\n\n\n<p>Apu pishkapamin <\/p>\n\n\n\n<p>Tshitshisseniten eka uiapamin<\/p>\n\n\n\n<p>Anite iaitapin<\/p>\n\n\n\n<p>Nitatshakush apu nukushit<\/p>\n\n\n\n<p>Tshinanatuapamau uiesh<\/p>\n\n\n\n<p>Tshinanatuapaten nitei<\/p>\n\n\n\n<p>Tshinikamun<\/p>\n\n\n\n<p>Tshinikumin<\/p>\n\n\n\n<p>Tshinikumin<\/p>\n\n\n\n<div class=\"wp-block-buttons is-layout-flex wp-block-buttons-is-layout-flex\">\n<div class=\"wp-block-button\"><a class=\"wp-block-button__link\" href=\"http:\/\/www.philo-cvm.ca\/?page_id=5973\">Sentier<\/a><\/div>\n<\/div>\n","protected":false},"excerpt":{"rendered":"<p>Je me so\u00fble de mots tendres Tu ne me remarques pas Tu vois mon absence dans l&rsquo;image Que tu as cr\u00e9\u00e9e Derri\u00e8re mon \u00e2me invisible &#8230;<\/p>\n","protected":false},"author":1,"featured_media":5971,"parent":0,"menu_order":0,"comment_status":"closed","ping_status":"closed","template":"","meta":{"footnotes":""},"class_list":["post-5969","page","type-page","status-publish","has-post-thumbnail","hentry"],"_links":{"self":[{"href":"http:\/\/www.ethique-rlaroche.philo-cvm.ca\/index.php?rest_route=\/wp\/v2\/pages\/5969","targetHints":{"allow":["GET"]}}],"collection":[{"href":"http:\/\/www.ethique-rlaroche.philo-cvm.ca\/index.php?rest_route=\/wp\/v2\/pages"}],"about":[{"href":"http:\/\/www.ethique-rlaroche.philo-cvm.ca\/index.php?rest_route=\/wp\/v2\/types\/page"}],"author":[{"embeddable":true,"href":"http:\/\/www.ethique-rlaroche.philo-cvm.ca\/index.php?rest_route=\/wp\/v2\/users\/1"}],"replies":[{"embeddable":true,"href":"http:\/\/www.ethique-rlaroche.philo-cvm.ca\/index.php?rest_route=%2Fwp%2Fv2%2Fcomments&post=5969"}],"version-history":[{"count":3,"href":"http:\/\/www.ethique-rlaroche.philo-cvm.ca\/index.php?rest_route=\/wp\/v2\/pages\/5969\/revisions"}],"predecessor-version":[{"id":17057,"href":"http:\/\/www.ethique-rlaroche.philo-cvm.ca\/index.php?rest_route=\/wp\/v2\/pages\/5969\/revisions\/17057"}],"wp:featuredmedia":[{"embeddable":true,"href":"http:\/\/www.ethique-rlaroche.philo-cvm.ca\/index.php?rest_route=\/wp\/v2\/media\/5971"}],"wp:attachment":[{"href":"http:\/\/www.ethique-rlaroche.philo-cvm.ca\/index.php?rest_route=%2Fwp%2Fv2%2Fmedia&parent=5969"}],"curies":[{"name":"wp","href":"https:\/\/api.w.org\/{rel}","templated":true}]}}