{"id":5965,"date":"2020-10-29T20:39:26","date_gmt":"2020-10-29T20:39:26","guid":{"rendered":"https:\/\/ethique-rlaroche.profweb.ca\/?page_id=5965"},"modified":"2021-11-20T19:02:29","modified_gmt":"2021-11-20T19:02:29","slug":"5965-2","status":"publish","type":"page","link":"http:\/\/www.ethique-rlaroche.philo-cvm.ca\/?page_id=5965","title":{"rendered":"Jos\u00e9phine Bacon, Uiesh, Quelque part.6"},"content":{"rendered":"\n<p>Banc public<\/p>\n\n\n\n<p>Un soleil timide<\/p>\n\n\n\n<p>Un calepin rose<\/p>\n\n\n\n<p>Une plume grise<\/p>\n\n\n\n<p>Mon chien me regarde<\/p>\n\n\n\n<p>Je rencontre un petit bonheur<\/p>\n\n\n\n<p>Ma vieillesse s&rsquo;installe<\/p>\n\n\n\n<p>J&rsquo;ai des mots \u00e0 transmettre<\/p>\n\n\n\n<p>Des r\u00e9cits d&rsquo;a\u00een\u00e9s<\/p>\n\n\n\n<p>Tout tourne<\/p>\n\n\n\n<p>C&rsquo;est \u00e0 mon tour<\/p>\n\n\n\n<p>***<\/p>\n\n\n\n<p>Ka tshinuapekak tetapuakan nitapin unuitamit<\/p>\n\n\n\n<p>Uasheshkupanu<\/p>\n\n\n\n<p>Mitshinanushu nimashinaikan<\/p>\n\n\n\n<p>Uapinushiu nimashinaikanashku<\/p>\n\n\n\n<p>Niminuenimun <\/p>\n\n\n\n<p>Kashikat nitshisheishkueun<\/p>\n\n\n\n<p>Aimuna nipatshitinen<\/p>\n\n\n\n<p>Tshishennuat ka miniht<\/p>\n\n\n\n<p>Nin kuessipan<\/p>\n\n\n\n<div class=\"wp-block-buttons is-layout-flex wp-block-buttons-is-layout-flex\">\n<div class=\"wp-block-button\"><a class=\"wp-block-button__link\" href=\"http:\/\/www.philo-cvm.ca\/?page_id=5969\">Sentier<\/a><\/div>\n<\/div>\n","protected":false},"excerpt":{"rendered":"<p>Banc public Un soleil timide Un calepin rose Une plume grise Mon chien me regarde Je rencontre un petit bonheur Ma vieillesse s&rsquo;installe J&rsquo;ai des &#8230;<\/p>\n","protected":false},"author":1,"featured_media":5967,"parent":0,"menu_order":0,"comment_status":"closed","ping_status":"closed","template":"","meta":{"footnotes":""},"class_list":["post-5965","page","type-page","status-publish","has-post-thumbnail","hentry"],"_links":{"self":[{"href":"http:\/\/www.ethique-rlaroche.philo-cvm.ca\/index.php?rest_route=\/wp\/v2\/pages\/5965","targetHints":{"allow":["GET"]}}],"collection":[{"href":"http:\/\/www.ethique-rlaroche.philo-cvm.ca\/index.php?rest_route=\/wp\/v2\/pages"}],"about":[{"href":"http:\/\/www.ethique-rlaroche.philo-cvm.ca\/index.php?rest_route=\/wp\/v2\/types\/page"}],"author":[{"embeddable":true,"href":"http:\/\/www.ethique-rlaroche.philo-cvm.ca\/index.php?rest_route=\/wp\/v2\/users\/1"}],"replies":[{"embeddable":true,"href":"http:\/\/www.ethique-rlaroche.philo-cvm.ca\/index.php?rest_route=%2Fwp%2Fv2%2Fcomments&post=5965"}],"version-history":[{"count":3,"href":"http:\/\/www.ethique-rlaroche.philo-cvm.ca\/index.php?rest_route=\/wp\/v2\/pages\/5965\/revisions"}],"predecessor-version":[{"id":17056,"href":"http:\/\/www.ethique-rlaroche.philo-cvm.ca\/index.php?rest_route=\/wp\/v2\/pages\/5965\/revisions\/17056"}],"wp:featuredmedia":[{"embeddable":true,"href":"http:\/\/www.ethique-rlaroche.philo-cvm.ca\/index.php?rest_route=\/wp\/v2\/media\/5967"}],"wp:attachment":[{"href":"http:\/\/www.ethique-rlaroche.philo-cvm.ca\/index.php?rest_route=%2Fwp%2Fv2%2Fmedia&parent=5965"}],"curies":[{"name":"wp","href":"https:\/\/api.w.org\/{rel}","templated":true}]}}