{"id":5938,"date":"2020-10-29T16:35:38","date_gmt":"2020-10-29T16:35:38","guid":{"rendered":"https:\/\/ethique-rlaroche.profweb.ca\/?page_id=5938"},"modified":"2021-11-21T13:40:38","modified_gmt":"2021-11-21T13:40:38","slug":"bivouac-2","status":"publish","type":"page","link":"http:\/\/www.ethique-rlaroche.philo-cvm.ca\/?page_id=5938","title":{"rendered":"Bivouac sur la rivi\u00e8re"},"content":{"rendered":"\n<p>Sur les sentiers de la litt\u00e9rature autochtone, le bivouac est un campement sommaire, temporaire et l\u00e9ger qui permet \u00e0 une ou plusieurs personnes de discuter et r\u00e9fl\u00e9chir ensemble.<\/p>\n\n\n\n<p>Laissez votre commentaire dans la fen\u00eatre d\u00e9di\u00e9e \u00e0 cet effet, avant de poursuivre votre chemin.<\/p>\n\n\n\n<p>Le bivouac est aussi l\u2019occasion de continuer sur le sentier d\u00e9j\u00e0 emprunt\u00e9 ou de partir pour explorer un autre paysage litt\u00e9raire.<\/p>\n\n\n\n<p><a href=\"http:\/\/www.philo-cvm.ca\/?page_id=5943\">Katherena Vermette, Ballades d&rsquo;amour du North End<\/a><\/p>\n\n\n\n<p><a href=\"http:\/\/www.philo-cvm.ca\/?page_id=17185\">An Antane Kapesh, Tanite Nene Etutamin Nitassi<\/a><\/p>\n","protected":false},"excerpt":{"rendered":"<p>Sur les sentiers de la litt\u00e9rature autochtone, le bivouac est un campement sommaire, temporaire et l\u00e9ger qui permet \u00e0 une ou plusieurs personnes de discuter &#8230;<\/p>\n","protected":false},"author":1,"featured_media":5940,"parent":0,"menu_order":0,"comment_status":"open","ping_status":"closed","template":"","meta":{"footnotes":""},"class_list":["post-5938","page","type-page","status-publish","has-post-thumbnail","hentry"],"_links":{"self":[{"href":"http:\/\/www.ethique-rlaroche.philo-cvm.ca\/index.php?rest_route=\/wp\/v2\/pages\/5938","targetHints":{"allow":["GET"]}}],"collection":[{"href":"http:\/\/www.ethique-rlaroche.philo-cvm.ca\/index.php?rest_route=\/wp\/v2\/pages"}],"about":[{"href":"http:\/\/www.ethique-rlaroche.philo-cvm.ca\/index.php?rest_route=\/wp\/v2\/types\/page"}],"author":[{"embeddable":true,"href":"http:\/\/www.ethique-rlaroche.philo-cvm.ca\/index.php?rest_route=\/wp\/v2\/users\/1"}],"replies":[{"embeddable":true,"href":"http:\/\/www.ethique-rlaroche.philo-cvm.ca\/index.php?rest_route=%2Fwp%2Fv2%2Fcomments&post=5938"}],"version-history":[{"count":7,"href":"http:\/\/www.ethique-rlaroche.philo-cvm.ca\/index.php?rest_route=\/wp\/v2\/pages\/5938\/revisions"}],"predecessor-version":[{"id":17189,"href":"http:\/\/www.ethique-rlaroche.philo-cvm.ca\/index.php?rest_route=\/wp\/v2\/pages\/5938\/revisions\/17189"}],"wp:featuredmedia":[{"embeddable":true,"href":"http:\/\/www.ethique-rlaroche.philo-cvm.ca\/index.php?rest_route=\/wp\/v2\/media\/5940"}],"wp:attachment":[{"href":"http:\/\/www.ethique-rlaroche.philo-cvm.ca\/index.php?rest_route=%2Fwp%2Fv2%2Fmedia&parent=5938"}],"curies":[{"name":"wp","href":"https:\/\/api.w.org\/{rel}","templated":true}]}}