{"id":5935,"date":"2020-10-29T16:20:45","date_gmt":"2020-10-29T16:20:45","guid":{"rendered":"https:\/\/ethique-rlaroche.profweb.ca\/?page_id=5935"},"modified":"2021-11-20T19:26:01","modified_gmt":"2021-11-20T19:26:01","slug":"5935-2","status":"publish","type":"page","link":"http:\/\/www.ethique-rlaroche.philo-cvm.ca\/?page_id=5935","title":{"rendered":"Leanne Betasamosake simpson, on se perd toujours par accident.4"},"content":{"rendered":"\n<p>debout contre un rocher, j&rsquo;attrape tes yeux fugitifs. avant de me retourner et de poser ma t\u00eate, je pense \u00e0 Elle qui s&rsquo;enfuit entre les \u00e9pinettes, marchant au c\u0153ur des rochers, marchant sur la mousse. je pense \u00e0 Elle qui fuit un pass\u00e9 vol\u00e9, marchant au coeur du naufrage, marchant par-dessus la honte, couvant le feu dans Son \u00e2me, comme tous Ses descendants le font sans m\u00eame y penser, sous ta lumi\u00e8re toujours.<\/p>\n\n\n\n<div class=\"wp-block-buttons is-layout-flex wp-block-buttons-is-layout-flex\">\n<div class=\"wp-block-button\"><a class=\"wp-block-button__link\" href=\"http:\/\/www.philo-cvm.ca\/?page_id=5938\" target=\"_blank\" rel=\"noreferrer noopener\">Bivouac<\/a><\/div>\n<\/div>\n","protected":false},"excerpt":{"rendered":"<p>debout contre un rocher, j&rsquo;attrape tes yeux fugitifs. avant de me retourner et de poser ma t\u00eate, je pense \u00e0 Elle qui s&rsquo;enfuit entre les &#8230;<\/p>\n","protected":false},"author":1,"featured_media":5937,"parent":0,"menu_order":0,"comment_status":"closed","ping_status":"closed","template":"","meta":{"footnotes":""},"class_list":["post-5935","page","type-page","status-publish","has-post-thumbnail","hentry"],"_links":{"self":[{"href":"http:\/\/www.ethique-rlaroche.philo-cvm.ca\/index.php?rest_route=\/wp\/v2\/pages\/5935","targetHints":{"allow":["GET"]}}],"collection":[{"href":"http:\/\/www.ethique-rlaroche.philo-cvm.ca\/index.php?rest_route=\/wp\/v2\/pages"}],"about":[{"href":"http:\/\/www.ethique-rlaroche.philo-cvm.ca\/index.php?rest_route=\/wp\/v2\/types\/page"}],"author":[{"embeddable":true,"href":"http:\/\/www.ethique-rlaroche.philo-cvm.ca\/index.php?rest_route=\/wp\/v2\/users\/1"}],"replies":[{"embeddable":true,"href":"http:\/\/www.ethique-rlaroche.philo-cvm.ca\/index.php?rest_route=%2Fwp%2Fv2%2Fcomments&post=5935"}],"version-history":[{"count":4,"href":"http:\/\/www.ethique-rlaroche.philo-cvm.ca\/index.php?rest_route=\/wp\/v2\/pages\/5935\/revisions"}],"predecessor-version":[{"id":17083,"href":"http:\/\/www.ethique-rlaroche.philo-cvm.ca\/index.php?rest_route=\/wp\/v2\/pages\/5935\/revisions\/17083"}],"wp:featuredmedia":[{"embeddable":true,"href":"http:\/\/www.ethique-rlaroche.philo-cvm.ca\/index.php?rest_route=\/wp\/v2\/media\/5937"}],"wp:attachment":[{"href":"http:\/\/www.ethique-rlaroche.philo-cvm.ca\/index.php?rest_route=%2Fwp%2Fv2%2Fmedia&parent=5935"}],"curies":[{"name":"wp","href":"https:\/\/api.w.org\/{rel}","templated":true}]}}