{"id":5931,"date":"2020-10-29T16:12:29","date_gmt":"2020-10-29T16:12:29","guid":{"rendered":"https:\/\/ethique-rlaroche.profweb.ca\/?page_id=5931"},"modified":"2021-11-20T19:25:42","modified_gmt":"2021-11-20T19:25:42","slug":"5931-2","status":"publish","type":"page","link":"http:\/\/www.ethique-rlaroche.philo-cvm.ca\/?page_id=5931","title":{"rendered":"Leanne Betasamosake simpson, on se perd toujours par accident.3"},"content":{"rendered":"\n<p>kwezens s&rsquo;endort en ber\u00e7cant le corps d&rsquo;un canard pendant qu&rsquo;il tisse des histoires avec lynx et poulets et bonne fortune.<\/p>\n\n\n\n<p>peut-\u00eatre-kwezens tranche-tranquillement le cor\u00e9gone, et gwiiwizens enfin parle.<\/p>\n\n\n\n<p>tous ils visent et ouvrent le feu.<\/p>\n\n\n\n<div class=\"wp-block-buttons is-layout-flex wp-block-buttons-is-layout-flex\">\n<div class=\"wp-block-button\"><a class=\"wp-block-button__link\" href=\"http:\/\/www.philo-cvm.ca\/?page_id=5935\">Sentier<\/a><\/div>\n<\/div>\n","protected":false},"excerpt":{"rendered":"<p>kwezens s&rsquo;endort en ber\u00e7cant le corps d&rsquo;un canard pendant qu&rsquo;il tisse des histoires avec lynx et poulets et bonne fortune. peut-\u00eatre-kwezens tranche-tranquillement le cor\u00e9gone, et &#8230;<\/p>\n","protected":false},"author":1,"featured_media":5933,"parent":0,"menu_order":0,"comment_status":"closed","ping_status":"closed","template":"","meta":{"footnotes":""},"class_list":["post-5931","page","type-page","status-publish","has-post-thumbnail","hentry"],"_links":{"self":[{"href":"http:\/\/www.ethique-rlaroche.philo-cvm.ca\/index.php?rest_route=\/wp\/v2\/pages\/5931","targetHints":{"allow":["GET"]}}],"collection":[{"href":"http:\/\/www.ethique-rlaroche.philo-cvm.ca\/index.php?rest_route=\/wp\/v2\/pages"}],"about":[{"href":"http:\/\/www.ethique-rlaroche.philo-cvm.ca\/index.php?rest_route=\/wp\/v2\/types\/page"}],"author":[{"embeddable":true,"href":"http:\/\/www.ethique-rlaroche.philo-cvm.ca\/index.php?rest_route=\/wp\/v2\/users\/1"}],"replies":[{"embeddable":true,"href":"http:\/\/www.ethique-rlaroche.philo-cvm.ca\/index.php?rest_route=%2Fwp%2Fv2%2Fcomments&post=5931"}],"version-history":[{"count":3,"href":"http:\/\/www.ethique-rlaroche.philo-cvm.ca\/index.php?rest_route=\/wp\/v2\/pages\/5931\/revisions"}],"predecessor-version":[{"id":17082,"href":"http:\/\/www.ethique-rlaroche.philo-cvm.ca\/index.php?rest_route=\/wp\/v2\/pages\/5931\/revisions\/17082"}],"wp:featuredmedia":[{"embeddable":true,"href":"http:\/\/www.ethique-rlaroche.philo-cvm.ca\/index.php?rest_route=\/wp\/v2\/media\/5933"}],"wp:attachment":[{"href":"http:\/\/www.ethique-rlaroche.philo-cvm.ca\/index.php?rest_route=%2Fwp%2Fv2%2Fmedia&parent=5931"}],"curies":[{"name":"wp","href":"https:\/\/api.w.org\/{rel}","templated":true}]}}