{"id":5915,"date":"2020-10-28T23:12:28","date_gmt":"2020-10-28T23:12:28","guid":{"rendered":"https:\/\/ethique-rlaroche.profweb.ca\/?page_id=5915"},"modified":"2021-11-20T19:07:22","modified_gmt":"2021-11-20T19:07:22","slug":"5915-2","status":"publish","type":"page","link":"http:\/\/www.ethique-rlaroche.philo-cvm.ca\/?page_id=5915","title":{"rendered":"Natasha Kanap\u00e9 Fontaine, N\u2019entre pas dans mon \u00e2me avec tes chaussures.3"},"content":{"rendered":"\n<p>Sans te retourner. L&rsquo;exil devient un h\u00e9ritage. Le Saint-Laurent s&rsquo;\u00e9teint en rouge les soirs d&rsquo;\u00e9quinoxe. Les \u00e9t\u00e9s indiens, tu les fuis. Depuis, tu cherches \u00e0 effacer l&rsquo;eau, unir tes peuples, chanter des berceuses, ou encore, hurler. tu dessines des cartes sauvages dans les peintures de ton \u00e2me. Tu \u00e9cris ce que tu n&rsquo;arrives pas \u00e0 d\u00e9crire. Tu&#8230; DEVIENS m\u00e9tisse, assise entre deux mondes, deux rives, deux histoires. Non, tu danses. <\/p>\n\n\n\n<p><\/p>\n\n\n\n<div class=\"wp-block-buttons is-layout-flex wp-block-buttons-is-layout-flex\">\n<div class=\"wp-block-button\"><a class=\"wp-block-button__link\" href=\"http:\/\/www.philo-cvm.ca\/?page_id=5920\">Sentier<\/a><\/div>\n<\/div>\n","protected":false},"excerpt":{"rendered":"<p>Sans te retourner. L&rsquo;exil devient un h\u00e9ritage. Le Saint-Laurent s&rsquo;\u00e9teint en rouge les soirs d&rsquo;\u00e9quinoxe. Les \u00e9t\u00e9s indiens, tu les fuis. Depuis, tu cherches \u00e0 &#8230;<\/p>\n","protected":false},"author":1,"featured_media":5917,"parent":0,"menu_order":0,"comment_status":"closed","ping_status":"closed","template":"","meta":{"footnotes":""},"class_list":["post-5915","page","type-page","status-publish","has-post-thumbnail","hentry"],"_links":{"self":[{"href":"http:\/\/www.ethique-rlaroche.philo-cvm.ca\/index.php?rest_route=\/wp\/v2\/pages\/5915","targetHints":{"allow":["GET"]}}],"collection":[{"href":"http:\/\/www.ethique-rlaroche.philo-cvm.ca\/index.php?rest_route=\/wp\/v2\/pages"}],"about":[{"href":"http:\/\/www.ethique-rlaroche.philo-cvm.ca\/index.php?rest_route=\/wp\/v2\/types\/page"}],"author":[{"embeddable":true,"href":"http:\/\/www.ethique-rlaroche.philo-cvm.ca\/index.php?rest_route=\/wp\/v2\/users\/1"}],"replies":[{"embeddable":true,"href":"http:\/\/www.ethique-rlaroche.philo-cvm.ca\/index.php?rest_route=%2Fwp%2Fv2%2Fcomments&post=5915"}],"version-history":[{"count":4,"href":"http:\/\/www.ethique-rlaroche.philo-cvm.ca\/index.php?rest_route=\/wp\/v2\/pages\/5915\/revisions"}],"predecessor-version":[{"id":17062,"href":"http:\/\/www.ethique-rlaroche.philo-cvm.ca\/index.php?rest_route=\/wp\/v2\/pages\/5915\/revisions\/17062"}],"wp:featuredmedia":[{"embeddable":true,"href":"http:\/\/www.ethique-rlaroche.philo-cvm.ca\/index.php?rest_route=\/wp\/v2\/media\/5917"}],"wp:attachment":[{"href":"http:\/\/www.ethique-rlaroche.philo-cvm.ca\/index.php?rest_route=%2Fwp%2Fv2%2Fmedia&parent=5915"}],"curies":[{"name":"wp","href":"https:\/\/api.w.org\/{rel}","templated":true}]}}