{"id":5902,"date":"2020-10-28T22:47:44","date_gmt":"2020-10-28T22:47:44","guid":{"rendered":"https:\/\/ethique-rlaroche.profweb.ca\/?page_id=5902"},"modified":"2021-11-20T19:11:10","modified_gmt":"2021-11-20T19:11:10","slug":"nomade","status":"publish","type":"page","link":"http:\/\/www.ethique-rlaroche.philo-cvm.ca\/?page_id=5902","title":{"rendered":"Naomi Fontaine, Kuessipan.1"},"content":{"rendered":"\n<p>J&rsquo; ai invent\u00e9 des vies. L&rsquo;homme au tambour ne m&rsquo;a jamais parl\u00e9 de lui. J&rsquo;ai tiss\u00e9 d&rsquo;apr\u00e8s ses mains us\u00e9es, d&rsquo;apr\u00e8s son dos courb\u00e9. Il marmonnait une langue vieille, \u00e9loign\u00e9e. J&rsquo;ai pr\u00e9tendu tout conna\u00eetre de lui. <\/p>\n\n\n\n<div class=\"wp-block-buttons is-layout-flex wp-block-buttons-is-layout-flex\">\n<div class=\"wp-block-button\"><a class=\"wp-block-button__link\" href=\"http:\/\/www.philo-cvm.ca\/?page_id=6682\">Sentier<\/a><\/div>\n<\/div>\n","protected":false},"excerpt":{"rendered":"<p>J&rsquo; ai invent\u00e9 des vies. L&rsquo;homme au tambour ne m&rsquo;a jamais parl\u00e9 de lui. J&rsquo;ai tiss\u00e9 d&rsquo;apr\u00e8s ses mains us\u00e9es, d&rsquo;apr\u00e8s son dos courb\u00e9. Il &#8230;<\/p>\n","protected":false},"author":1,"featured_media":6680,"parent":0,"menu_order":0,"comment_status":"closed","ping_status":"closed","template":"","meta":{"footnotes":""},"class_list":["post-5902","page","type-page","status-publish","has-post-thumbnail","hentry"],"_links":{"self":[{"href":"http:\/\/www.ethique-rlaroche.philo-cvm.ca\/index.php?rest_route=\/wp\/v2\/pages\/5902","targetHints":{"allow":["GET"]}}],"collection":[{"href":"http:\/\/www.ethique-rlaroche.philo-cvm.ca\/index.php?rest_route=\/wp\/v2\/pages"}],"about":[{"href":"http:\/\/www.ethique-rlaroche.philo-cvm.ca\/index.php?rest_route=\/wp\/v2\/types\/page"}],"author":[{"embeddable":true,"href":"http:\/\/www.ethique-rlaroche.philo-cvm.ca\/index.php?rest_route=\/wp\/v2\/users\/1"}],"replies":[{"embeddable":true,"href":"http:\/\/www.ethique-rlaroche.philo-cvm.ca\/index.php?rest_route=%2Fwp%2Fv2%2Fcomments&post=5902"}],"version-history":[{"count":6,"href":"http:\/\/www.ethique-rlaroche.philo-cvm.ca\/index.php?rest_route=\/wp\/v2\/pages\/5902\/revisions"}],"predecessor-version":[{"id":17066,"href":"http:\/\/www.ethique-rlaroche.philo-cvm.ca\/index.php?rest_route=\/wp\/v2\/pages\/5902\/revisions\/17066"}],"wp:featuredmedia":[{"embeddable":true,"href":"http:\/\/www.ethique-rlaroche.philo-cvm.ca\/index.php?rest_route=\/wp\/v2\/media\/6680"}],"wp:attachment":[{"href":"http:\/\/www.ethique-rlaroche.philo-cvm.ca\/index.php?rest_route=%2Fwp%2Fv2%2Fmedia&parent=5902"}],"curies":[{"name":"wp","href":"https:\/\/api.w.org\/{rel}","templated":true}]}}