{"id":5897,"date":"2020-10-28T22:41:44","date_gmt":"2020-10-28T22:41:44","guid":{"rendered":"https:\/\/ethique-rlaroche.profweb.ca\/?page_id=5897"},"modified":"2021-11-20T19:06:40","modified_gmt":"2021-11-20T19:06:40","slug":"5897-2","status":"publish","type":"page","link":"http:\/\/www.ethique-rlaroche.philo-cvm.ca\/?page_id=5897","title":{"rendered":"Natasha Kanap\u00e9 Fontaine, N\u2019entre pas dans mon \u00e2me avec tes chaussures.1"},"content":{"rendered":"\n<p>Prologue<\/p>\n\n\n\n<p>Ne fuis rien si tu ne sais o\u00f9 aller exactement.<\/p>\n\n\n\n<p>Un pays, un homme. Tu as aim\u00e9. Ils se fracassent ensemble, telles des plaques tectoniques pour ne former plus qu&rsquo;une seule et m\u00eame complainte. Un cantique des cantiques. Une sauvagerie profonde pour enfin mettre le feu \u00e0 l&rsquo;histoire, \u00e0 ta douleur, \u00e0 vos l\u00e9gendes. \u00c0 vos peines \u00e0 tous. Sans celles-ci tu ne voudrais pas \u00eatre toi. Sans celles-ci tu ne crierais pas au g\u00e9nocide. <\/p>\n\n\n\n<div class=\"wp-block-buttons is-layout-flex wp-block-buttons-is-layout-flex\">\n<div class=\"wp-block-button\"><a class=\"wp-block-button__link\" href=\"http:\/\/www.philo-cvm.ca\/?page_id=5910\">Sentier<\/a><\/div>\n<\/div>\n","protected":false},"excerpt":{"rendered":"<p>Prologue Ne fuis rien si tu ne sais o\u00f9 aller exactement. Un pays, un homme. Tu as aim\u00e9. Ils se fracassent ensemble, telles des plaques &#8230;<\/p>\n","protected":false},"author":1,"featured_media":5905,"parent":0,"menu_order":0,"comment_status":"closed","ping_status":"closed","template":"","meta":{"footnotes":""},"class_list":["post-5897","page","type-page","status-publish","has-post-thumbnail","hentry"],"_links":{"self":[{"href":"http:\/\/www.ethique-rlaroche.philo-cvm.ca\/index.php?rest_route=\/wp\/v2\/pages\/5897","targetHints":{"allow":["GET"]}}],"collection":[{"href":"http:\/\/www.ethique-rlaroche.philo-cvm.ca\/index.php?rest_route=\/wp\/v2\/pages"}],"about":[{"href":"http:\/\/www.ethique-rlaroche.philo-cvm.ca\/index.php?rest_route=\/wp\/v2\/types\/page"}],"author":[{"embeddable":true,"href":"http:\/\/www.ethique-rlaroche.philo-cvm.ca\/index.php?rest_route=\/wp\/v2\/users\/1"}],"replies":[{"embeddable":true,"href":"http:\/\/www.ethique-rlaroche.philo-cvm.ca\/index.php?rest_route=%2Fwp%2Fv2%2Fcomments&post=5897"}],"version-history":[{"count":6,"href":"http:\/\/www.ethique-rlaroche.philo-cvm.ca\/index.php?rest_route=\/wp\/v2\/pages\/5897\/revisions"}],"predecessor-version":[{"id":17060,"href":"http:\/\/www.ethique-rlaroche.philo-cvm.ca\/index.php?rest_route=\/wp\/v2\/pages\/5897\/revisions\/17060"}],"wp:featuredmedia":[{"embeddable":true,"href":"http:\/\/www.ethique-rlaroche.philo-cvm.ca\/index.php?rest_route=\/wp\/v2\/media\/5905"}],"wp:attachment":[{"href":"http:\/\/www.ethique-rlaroche.philo-cvm.ca\/index.php?rest_route=%2Fwp%2Fv2%2Fmedia&parent=5897"}],"curies":[{"name":"wp","href":"https:\/\/api.w.org\/{rel}","templated":true}]}}