{"id":5885,"date":"2020-10-28T19:08:39","date_gmt":"2020-10-28T19:08:39","guid":{"rendered":"https:\/\/ethique-rlaroche.profweb.ca\/?page_id=5885"},"modified":"2021-11-20T19:25:07","modified_gmt":"2021-11-20T19:25:07","slug":"5885-2","status":"publish","type":"page","link":"http:\/\/www.ethique-rlaroche.philo-cvm.ca\/?page_id=5885","title":{"rendered":"Leanne Betasamosake simpson, on se perd toujours par accident.1"},"content":{"rendered":"\n<ol class=\"wp-block-list\"><li>la r\u00e9bellion est en chemin<\/li><\/ol>\n\n\n\n<p>sous la lumi\u00e8re toujours<\/p>\n\n\n\n<p>du moment o\u00f9 tu as r\u00e9ussi \u00e0 t\u2019enfuir de ceux qui t\u2019empoisonnaient, personne n\u2019allait plus jamais se mettre dans ton chemin. va chercher ton propre fusil. fabrique-toi ton propre filet, tue ton propre orignal. prends-toi deux maris et une \u00e9pouse et fais-leur perdre la t\u00eate en leur vouant un amour pur. donne naissance \u00e0 une nation de fa\u00e7on indigne, en rampant dans l\u2019urine et les excr\u00e9ments et la salet\u00e9 et les entrailles fumantes de la trahison.<\/p>\n\n\n\n<div class=\"wp-block-buttons is-layout-flex wp-block-buttons-is-layout-flex\">\n<div class=\"wp-block-button\"><a class=\"wp-block-button__link\" href=\"http:\/\/www.philo-cvm.ca\/?page_id=5891\">Sentier<\/a><\/div>\n<\/div>\n","protected":false},"excerpt":{"rendered":"<p>la r\u00e9bellion est en chemin sous la lumi\u00e8re toujours du moment o\u00f9 tu as r\u00e9ussi \u00e0 t\u2019enfuir de ceux qui t\u2019empoisonnaient, personne n\u2019allait plus jamais &#8230;<\/p>\n","protected":false},"author":1,"featured_media":5887,"parent":0,"menu_order":0,"comment_status":"closed","ping_status":"closed","template":"","meta":{"footnotes":""},"class_list":["post-5885","page","type-page","status-publish","has-post-thumbnail","hentry"],"_links":{"self":[{"href":"http:\/\/www.ethique-rlaroche.philo-cvm.ca\/index.php?rest_route=\/wp\/v2\/pages\/5885","targetHints":{"allow":["GET"]}}],"collection":[{"href":"http:\/\/www.ethique-rlaroche.philo-cvm.ca\/index.php?rest_route=\/wp\/v2\/pages"}],"about":[{"href":"http:\/\/www.ethique-rlaroche.philo-cvm.ca\/index.php?rest_route=\/wp\/v2\/types\/page"}],"author":[{"embeddable":true,"href":"http:\/\/www.ethique-rlaroche.philo-cvm.ca\/index.php?rest_route=\/wp\/v2\/users\/1"}],"replies":[{"embeddable":true,"href":"http:\/\/www.ethique-rlaroche.philo-cvm.ca\/index.php?rest_route=%2Fwp%2Fv2%2Fcomments&post=5885"}],"version-history":[{"count":4,"href":"http:\/\/www.ethique-rlaroche.philo-cvm.ca\/index.php?rest_route=\/wp\/v2\/pages\/5885\/revisions"}],"predecessor-version":[{"id":17080,"href":"http:\/\/www.ethique-rlaroche.philo-cvm.ca\/index.php?rest_route=\/wp\/v2\/pages\/5885\/revisions\/17080"}],"wp:featuredmedia":[{"embeddable":true,"href":"http:\/\/www.ethique-rlaroche.philo-cvm.ca\/index.php?rest_route=\/wp\/v2\/media\/5887"}],"wp:attachment":[{"href":"http:\/\/www.ethique-rlaroche.philo-cvm.ca\/index.php?rest_route=%2Fwp%2Fv2%2Fmedia&parent=5885"}],"curies":[{"name":"wp","href":"https:\/\/api.w.org\/{rel}","templated":true}]}}