{"id":5846,"date":"2020-10-27T23:17:01","date_gmt":"2020-10-27T23:17:01","guid":{"rendered":"https:\/\/ethique-rlaroche.profweb.ca\/?page_id=5846"},"modified":"2021-11-20T19:01:00","modified_gmt":"2021-11-20T19:01:00","slug":"5846-2","status":"publish","type":"page","link":"http:\/\/www.ethique-rlaroche.philo-cvm.ca\/?page_id=5846","title":{"rendered":"Jos\u00e9phine Bacon, Uiesh, Quelque part.4"},"content":{"rendered":"\n<p>Tu sais, petit fr\u00e8re<\/p>\n\n\n\n<p>Personne ne vole<\/p>\n\n\n\n<p>Les \u00e9l\u00e9ments sont humains<\/p>\n\n\n\n<p>Une personne d&rsquo;air<\/p>\n\n\n\n<p>Une personne de feu<\/p>\n\n\n\n<p>Une personne d&rsquo;eau<\/p>\n\n\n\n<p>Personne ne peut voler<\/p>\n\n\n\n<p>La terre<\/p>\n\n\n\n<p>Qui t&rsquo;a vu na\u00eetre<\/p>\n\n\n\n<p>Personne ne peut voler<\/p>\n\n\n\n<p>Ton sourire<\/p>\n\n\n\n<p>***<\/p>\n\n\n\n<p>Tshitshisseniten nishimish<\/p>\n\n\n\n<p>Apu auen tshimutit ka ishi-takuak<\/p>\n\n\n\n<p>Tshishiku<\/p>\n\n\n\n<p>Ishkuteu<\/p>\n\n\n\n<p>Nipi<\/p>\n\n\n\n<p>Apu auen tshi tshimutit assinu<\/p>\n\n\n\n<p>Anite ka inniuin<\/p>\n\n\n\n<p>Apu auen tshi tshimutit<\/p>\n\n\n\n<p>Ueshinamini<\/p>\n\n\n\n<div class=\"wp-block-buttons is-layout-flex wp-block-buttons-is-layout-flex\">\n<div class=\"wp-block-button\"><a class=\"wp-block-button__link\" href=\"http:\/\/www.philo-cvm.ca\/?page_id=5873\">Sentier<\/a><\/div>\n<\/div>\n","protected":false},"excerpt":{"rendered":"<p>Tu sais, petit fr\u00e8re Personne ne vole Les \u00e9l\u00e9ments sont humains Une personne d&rsquo;air Une personne de feu Une personne d&rsquo;eau Personne ne peut voler &#8230;<\/p>\n","protected":false},"author":1,"featured_media":5849,"parent":0,"menu_order":0,"comment_status":"closed","ping_status":"closed","template":"","meta":{"footnotes":""},"class_list":["post-5846","page","type-page","status-publish","has-post-thumbnail","hentry"],"_links":{"self":[{"href":"http:\/\/www.ethique-rlaroche.philo-cvm.ca\/index.php?rest_route=\/wp\/v2\/pages\/5846","targetHints":{"allow":["GET"]}}],"collection":[{"href":"http:\/\/www.ethique-rlaroche.philo-cvm.ca\/index.php?rest_route=\/wp\/v2\/pages"}],"about":[{"href":"http:\/\/www.ethique-rlaroche.philo-cvm.ca\/index.php?rest_route=\/wp\/v2\/types\/page"}],"author":[{"embeddable":true,"href":"http:\/\/www.ethique-rlaroche.philo-cvm.ca\/index.php?rest_route=\/wp\/v2\/users\/1"}],"replies":[{"embeddable":true,"href":"http:\/\/www.ethique-rlaroche.philo-cvm.ca\/index.php?rest_route=%2Fwp%2Fv2%2Fcomments&post=5846"}],"version-history":[{"count":3,"href":"http:\/\/www.ethique-rlaroche.philo-cvm.ca\/index.php?rest_route=\/wp\/v2\/pages\/5846\/revisions"}],"predecessor-version":[{"id":17054,"href":"http:\/\/www.ethique-rlaroche.philo-cvm.ca\/index.php?rest_route=\/wp\/v2\/pages\/5846\/revisions\/17054"}],"wp:featuredmedia":[{"embeddable":true,"href":"http:\/\/www.ethique-rlaroche.philo-cvm.ca\/index.php?rest_route=\/wp\/v2\/media\/5849"}],"wp:attachment":[{"href":"http:\/\/www.ethique-rlaroche.philo-cvm.ca\/index.php?rest_route=%2Fwp%2Fv2%2Fmedia&parent=5846"}],"curies":[{"name":"wp","href":"https:\/\/api.w.org\/{rel}","templated":true}]}}