{"id":5834,"date":"2020-10-27T22:55:01","date_gmt":"2020-10-27T22:55:01","guid":{"rendered":"https:\/\/ethique-rlaroche.profweb.ca\/?page_id=5834"},"modified":"2021-11-20T19:00:22","modified_gmt":"2021-11-20T19:00:22","slug":"5834-2","status":"publish","type":"page","link":"http:\/\/www.ethique-rlaroche.philo-cvm.ca\/?page_id=5834","title":{"rendered":"Jos\u00e9phine Bacon, Uiesh, Quelque part.2"},"content":{"rendered":"\n<p>Je n\u2019ai pas la d\u00e9marche f\u00e9line<\/p>\n\n\n\n<p>J\u2019ai le dos des femmes anc\u00eatres<\/p>\n\n\n\n<p>Les jambes arqu\u00e9es<\/p>\n\n\n\n<p>De celles qui ont portag\u00e9<\/p>\n\n\n\n<p>De celles qui accouchent<\/p>\n\n\n\n<p>En marchant<\/p>\n\n\n\n<p>***<\/p>\n\n\n\n<p>Apu tapue utshimashkueupaniuian pemuteiani<\/p>\n\n\n\n<p>Anikashkau nishpishkun miam tshiashishkueu<\/p>\n\n\n\n<p>Nuatshikaten<\/p>\n\n\n\n<p>Miam ishkueu ka pakatat<\/p>\n\n\n\n<p>Miam ishkueu ka peshuat auassa pemuteti<\/p>\n\n\n\n<div class=\"wp-block-buttons is-layout-flex wp-block-buttons-is-layout-flex\">\n<div class=\"wp-block-button\"><a class=\"wp-block-button__link\" href=\"http:\/\/www.philo-cvm.ca\/?page_id=5842\">Sentier<\/a><\/div>\n<\/div>\n","protected":false},"excerpt":{"rendered":"<p>Je n\u2019ai pas la d\u00e9marche f\u00e9line J\u2019ai le dos des femmes anc\u00eatres Les jambes arqu\u00e9es De celles qui ont portag\u00e9 De celles qui accouchent En &#8230;<\/p>\n","protected":false},"author":1,"featured_media":5839,"parent":0,"menu_order":0,"comment_status":"closed","ping_status":"closed","template":"","meta":{"footnotes":""},"class_list":["post-5834","page","type-page","status-publish","has-post-thumbnail","hentry"],"_links":{"self":[{"href":"http:\/\/www.ethique-rlaroche.philo-cvm.ca\/index.php?rest_route=\/wp\/v2\/pages\/5834","targetHints":{"allow":["GET"]}}],"collection":[{"href":"http:\/\/www.ethique-rlaroche.philo-cvm.ca\/index.php?rest_route=\/wp\/v2\/pages"}],"about":[{"href":"http:\/\/www.ethique-rlaroche.philo-cvm.ca\/index.php?rest_route=\/wp\/v2\/types\/page"}],"author":[{"embeddable":true,"href":"http:\/\/www.ethique-rlaroche.philo-cvm.ca\/index.php?rest_route=\/wp\/v2\/users\/1"}],"replies":[{"embeddable":true,"href":"http:\/\/www.ethique-rlaroche.philo-cvm.ca\/index.php?rest_route=%2Fwp%2Fv2%2Fcomments&post=5834"}],"version-history":[{"count":5,"href":"http:\/\/www.ethique-rlaroche.philo-cvm.ca\/index.php?rest_route=\/wp\/v2\/pages\/5834\/revisions"}],"predecessor-version":[{"id":17052,"href":"http:\/\/www.ethique-rlaroche.philo-cvm.ca\/index.php?rest_route=\/wp\/v2\/pages\/5834\/revisions\/17052"}],"wp:featuredmedia":[{"embeddable":true,"href":"http:\/\/www.ethique-rlaroche.philo-cvm.ca\/index.php?rest_route=\/wp\/v2\/media\/5839"}],"wp:attachment":[{"href":"http:\/\/www.ethique-rlaroche.philo-cvm.ca\/index.php?rest_route=%2Fwp%2Fv2%2Fmedia&parent=5834"}],"curies":[{"name":"wp","href":"https:\/\/api.w.org\/{rel}","templated":true}]}}