{"id":5826,"date":"2020-10-27T22:43:36","date_gmt":"2020-10-27T22:43:36","guid":{"rendered":"https:\/\/ethique-rlaroche.profweb.ca\/?page_id=5826"},"modified":"2021-11-20T19:00:08","modified_gmt":"2021-11-20T19:00:08","slug":"josephine-bacon-uiesh-quelque-part","status":"publish","type":"page","link":"http:\/\/www.ethique-rlaroche.philo-cvm.ca\/?page_id=5826","title":{"rendered":"Jos\u00e9phine Bacon, Uiesh, Quelque part.1"},"content":{"rendered":"\n<p>Prologue<\/p>\n\n\n\n<p>Aujourd&rsquo;hui, je suis quelque part dans ma vie. <\/p>\n\n\n\n<p>J&rsquo;appartiens \u00e0 la race des ain\u00e9s. Je veux \u00eatre po\u00e8te de tradition orale, parler comme les Anciens, les vrais nomades. Je n&rsquo;ai pas march\u00e9 Nutshimit, la terre.<\/p>\n\n\n\n<p>Ils me l&rsquo;ont racont\u00e9e. J&rsquo;ai \u00e9cout\u00e9 mes origines. Ils m&rsquo;ont baptis\u00e9e d&rsquo;eau, de lac pur. <\/p>\n\n\n\n<p>Un \u00e0 un, ils nous quittent. Avec eux, s&rsquo;en vont les mots de toundra, les courants des rivi\u00e8res et le calme des lacs. <\/p>\n\n\n\n<p>Je me sens h\u00e9riti\u00e8re de leurs paroles, de leurs r\u00e9cits, de leur nomadisme. Comme eux, j&rsquo;ai march\u00e9 la toundra, j&rsquo;ai honor\u00e9 le caribou. <\/p>\n\n\n\n<p>Quelque part, une roche sur une grosse roche indique ma pr\u00e9sence. <\/p>\n\n\n\n<p class=\"has-text-align-right\">Jos\u00e9phine Bacon<\/p>\n\n\n\n<div class=\"wp-block-buttons is-layout-flex wp-block-buttons-is-layout-flex\">\n<div class=\"wp-block-button\"><a class=\"wp-block-button__link\" href=\"http:\/\/www.philo-cvm.ca\/?page_id=5834\">Sentier<\/a><\/div>\n<\/div>\n\n\n\n<p><\/p>\n","protected":false},"excerpt":{"rendered":"<p>Prologue Aujourd&rsquo;hui, je suis quelque part dans ma vie. J&rsquo;appartiens \u00e0 la race des ain\u00e9s. Je veux \u00eatre po\u00e8te de tradition orale, parler comme les &#8230;<\/p>\n","protected":false},"author":1,"featured_media":5830,"parent":0,"menu_order":0,"comment_status":"closed","ping_status":"closed","template":"","meta":{"footnotes":""},"class_list":["post-5826","page","type-page","status-publish","has-post-thumbnail","hentry"],"_links":{"self":[{"href":"http:\/\/www.ethique-rlaroche.philo-cvm.ca\/index.php?rest_route=\/wp\/v2\/pages\/5826","targetHints":{"allow":["GET"]}}],"collection":[{"href":"http:\/\/www.ethique-rlaroche.philo-cvm.ca\/index.php?rest_route=\/wp\/v2\/pages"}],"about":[{"href":"http:\/\/www.ethique-rlaroche.philo-cvm.ca\/index.php?rest_route=\/wp\/v2\/types\/page"}],"author":[{"embeddable":true,"href":"http:\/\/www.ethique-rlaroche.philo-cvm.ca\/index.php?rest_route=\/wp\/v2\/users\/1"}],"replies":[{"embeddable":true,"href":"http:\/\/www.ethique-rlaroche.philo-cvm.ca\/index.php?rest_route=%2Fwp%2Fv2%2Fcomments&post=5826"}],"version-history":[{"count":5,"href":"http:\/\/www.ethique-rlaroche.philo-cvm.ca\/index.php?rest_route=\/wp\/v2\/pages\/5826\/revisions"}],"predecessor-version":[{"id":17051,"href":"http:\/\/www.ethique-rlaroche.philo-cvm.ca\/index.php?rest_route=\/wp\/v2\/pages\/5826\/revisions\/17051"}],"wp:featuredmedia":[{"embeddable":true,"href":"http:\/\/www.ethique-rlaroche.philo-cvm.ca\/index.php?rest_route=\/wp\/v2\/media\/5830"}],"wp:attachment":[{"href":"http:\/\/www.ethique-rlaroche.philo-cvm.ca\/index.php?rest_route=%2Fwp%2Fv2%2Fmedia&parent=5826"}],"curies":[{"name":"wp","href":"https:\/\/api.w.org\/{rel}","templated":true}]}}