{"id":5810,"date":"2020-10-27T21:25:45","date_gmt":"2020-10-27T21:25:45","guid":{"rendered":"https:\/\/ethique-rlaroche.profweb.ca\/?page_id=5810"},"modified":"2023-03-07T21:45:37","modified_gmt":"2023-03-07T21:45:37","slug":"le-campement","status":"publish","type":"page","link":"http:\/\/www.ethique-rlaroche.philo-cvm.ca\/?page_id=5810","title":{"rendered":"Campement"},"content":{"rendered":"\n<p>Ce premier lieu de rassemblement peut \u00e9videmment offrir l&rsquo;occasion de discuter et r\u00e9fl\u00e9chir ensemble. Soit parce qu&rsquo;avant de partir sur les sentiers de la litt\u00e9rature autochtones vous avez des choses \u00e0 dire, soit parce que vous repassez par le campement avant de repartir explorer de nouveaux paysages litt\u00e9raires, de nouveaux sentiments, de nouvelles id\u00e9es et de nouvelles r\u00e9alit\u00e9s. <\/p>\n\n\n\n<p><a href=\"http:\/\/www.philo-cvm.ca\/?page_id=5826\">Jos\u00e9phine Bacon, Uiesh, Quelque part<\/a><\/p>\n\n\n\n<p><a href=\"http:\/\/www.philo-cvm.ca\/?page_id=5897\">Natasha Kanap\u00e9 Fontaine, N&rsquo;entre pas dans mon \u00e2me avec tes chaussures<\/a><\/p>\n\n\n\n<p><a href=\"http:\/\/www.philo-cvm.ca\/?page_id=5902\">Naomi Fontaine, Kuessipan<\/a><\/p>\n","protected":false},"excerpt":{"rendered":"<p>Ce premier lieu de rassemblement peut \u00e9videmment offrir l&rsquo;occasion de discuter et r\u00e9fl\u00e9chir ensemble. Soit parce qu&rsquo;avant de partir sur les sentiers de la litt\u00e9rature &#8230;<\/p>\n","protected":false},"author":1,"featured_media":5811,"parent":0,"menu_order":0,"comment_status":"open","ping_status":"closed","template":"","meta":{"footnotes":""},"class_list":["post-5810","page","type-page","status-publish","has-post-thumbnail","hentry"],"_links":{"self":[{"href":"http:\/\/www.ethique-rlaroche.philo-cvm.ca\/index.php?rest_route=\/wp\/v2\/pages\/5810","targetHints":{"allow":["GET"]}}],"collection":[{"href":"http:\/\/www.ethique-rlaroche.philo-cvm.ca\/index.php?rest_route=\/wp\/v2\/pages"}],"about":[{"href":"http:\/\/www.ethique-rlaroche.philo-cvm.ca\/index.php?rest_route=\/wp\/v2\/types\/page"}],"author":[{"embeddable":true,"href":"http:\/\/www.ethique-rlaroche.philo-cvm.ca\/index.php?rest_route=\/wp\/v2\/users\/1"}],"replies":[{"embeddable":true,"href":"http:\/\/www.ethique-rlaroche.philo-cvm.ca\/index.php?rest_route=%2Fwp%2Fv2%2Fcomments&post=5810"}],"version-history":[{"count":11,"href":"http:\/\/www.ethique-rlaroche.philo-cvm.ca\/index.php?rest_route=\/wp\/v2\/pages\/5810\/revisions"}],"predecessor-version":[{"id":5904,"href":"http:\/\/www.ethique-rlaroche.philo-cvm.ca\/index.php?rest_route=\/wp\/v2\/pages\/5810\/revisions\/5904"}],"wp:featuredmedia":[{"embeddable":true,"href":"http:\/\/www.ethique-rlaroche.philo-cvm.ca\/index.php?rest_route=\/wp\/v2\/media\/5811"}],"wp:attachment":[{"href":"http:\/\/www.ethique-rlaroche.philo-cvm.ca\/index.php?rest_route=%2Fwp%2Fv2%2Fmedia&parent=5810"}],"curies":[{"name":"wp","href":"https:\/\/api.w.org\/{rel}","templated":true}]}}