{"id":4847,"date":"2020-09-18T21:41:24","date_gmt":"2020-09-18T21:41:24","guid":{"rendered":"https:\/\/ethique-rlaroche.profweb.ca\/?page_id=4847"},"modified":"2020-09-23T18:41:57","modified_gmt":"2020-09-23T18:41:57","slug":"rationalisation-capitaliste-de-la-sexualite","status":"publish","type":"page","link":"http:\/\/www.ethique-rlaroche.philo-cvm.ca\/?page_id=4847","title":{"rendered":"Rationalisation capitaliste de la sexualit\u00e9"},"content":{"rendered":"\n<p>L&rsquo;image plac\u00e9e en ent\u00eate pour cette le\u00e7on est int\u00e9ressante car elle va dans le m\u00eame sens que les explications de Silvia Federici. <\/p>\n\n\n\n<p>Revenons sur certains \u00e9l\u00e9ments de th\u00e9orie concernant le <a href=\"http:\/\/www.philo-cvm.ca\/wp-content\/uploads\/2020\/02\/Marx-1.pdf\" target=\"_blank\" rel=\"noreferrer noopener\">marxisme<\/a> afin de bien comprendre le changement de signification que propose l&rsquo;auteure gr\u00e2ce \u00e0 sa lecture f\u00e9ministe. <\/p>\n\n\n\n<p>Le capital est une richesse utilis\u00e9e pour produire une richesse suppl\u00e9mentaire. Une des cons\u00e9quences de l&rsquo;utilisation du capital est son effet sur les rapports sociaux entre les personnes. <\/p>\n\n\n\n<ul class=\"wp-block-list\"><li>Auriez-vous des exemples en t\u00eate?<\/li><\/ul>\n\n\n\n<p>Le concept d&rsquo;accumulation primitive implique l&rsquo;id\u00e9e que le capitalisme n&rsquo;aurait pas pu se d\u00e9velopper sans une concentration pr\u00e9alable de capital et de travail. C&rsquo;est ainsi que Marx associe l&rsquo;accumulation primitive \u00e0 l&rsquo;exploitation des travailleurs sur les terres ou dans les usines. <\/p>\n\n\n\n<p>D&rsquo;un point de vue marxiste, c&rsquo;est la s\u00e9paration entre les travailleurs et les moyens de production et non la frugalit\u00e9 des riches qui est la source de la richesse capitaliste. Entendez frugalit\u00e9 dans le sens o\u00f9 il n&rsquo;est pas rare d&rsquo;imaginer que la personne qui devient riche dans notre soci\u00e9t\u00e9 d\u00e9veloppe son capital gr\u00e2ce \u00e0 ses propres sacrifices. Ce jeu de repr\u00e9sentations interpos\u00e9s est instructif. Nous verrons dans le contexte du probl\u00e8me de la r\u00e9sistance politique comment il s&rsquo;articule. <\/p>\n\n\n\n<div class=\"wp-block-columns is-layout-flex wp-container-core-columns-is-layout-9d6595d7 wp-block-columns-is-layout-flex\">\n<div class=\"wp-block-column is-layout-flow wp-block-column-is-layout-flow\">\n<figure class=\"wp-block-image size-large\"><img loading=\"lazy\" decoding=\"async\" width=\"675\" height=\"506\" src=\"http:\/\/www.philo-cvm.ca\/wp-content\/uploads\/2020\/09\/artisan.jpg\" alt=\"\" class=\"wp-image-4928\" srcset=\"http:\/\/www.ethique-rlaroche.philo-cvm.ca\/wp-content\/uploads\/2020\/09\/artisan.jpg 675w, http:\/\/www.ethique-rlaroche.philo-cvm.ca\/wp-content\/uploads\/2020\/09\/artisan-300x225.jpg 300w\" sizes=\"auto, (max-width: 675px) 100vw, 675px\" \/><\/figure>\n<\/div>\n\n\n\n<div class=\"wp-block-column is-layout-flow wp-block-column-is-layout-flow\">\n<figure class=\"wp-block-image size-large\"><img loading=\"lazy\" decoding=\"async\" width=\"800\" height=\"533\" src=\"http:\/\/www.philo-cvm.ca\/wp-content\/uploads\/2020\/09\/DR-25052015-EMPLOISDANGEREUX-800x533-1.jpg\" alt=\"\" class=\"wp-image-4930\" srcset=\"http:\/\/www.ethique-rlaroche.philo-cvm.ca\/wp-content\/uploads\/2020\/09\/DR-25052015-EMPLOISDANGEREUX-800x533-1.jpg 800w, http:\/\/www.ethique-rlaroche.philo-cvm.ca\/wp-content\/uploads\/2020\/09\/DR-25052015-EMPLOISDANGEREUX-800x533-1-300x200.jpg 300w, http:\/\/www.ethique-rlaroche.philo-cvm.ca\/wp-content\/uploads\/2020\/09\/DR-25052015-EMPLOISDANGEREUX-800x533-1-768x512.jpg 768w\" sizes=\"auto, (max-width: 800px) 100vw, 800px\" \/><\/figure>\n<\/div>\n<\/div>\n\n\n\n<ul class=\"wp-block-list\"><li>Comparez et commentez ces deux images.<\/li><\/ul>\n\n\n\n<p>Or Silvia Federici va beaucoup plus loin car s&rsquo;il y a bien s\u00e9paration entre le travailleur et les moyens de production dans le contexte du capitalisme, il y a aussi et surtout s\u00e9paration pour la femme entre elle-m\u00eame et son propre corps. <\/p>\n\n\n\n<p>D&rsquo;o\u00f9 le transfert de la lutte des pouvoirs vers une lutte entre les genres, l&rsquo;instauration du patriarcat et l&rsquo;assujettissement des femmes. D&rsquo;o\u00f9 leur association au domaine de la Nature et leur enfermement dans la domesticit\u00e9 pour \u00eatre r\u00e9duite \u00e0 la reproduction de travailleurs. Ce \u00e0 quoi aurait servi la chasse aux sorci\u00e8res caract\u00e9risant le passage de la f\u00e9odalit\u00e9 au capitalisme. <\/p>\n\n\n\n<ul class=\"wp-block-list\"><li>Que pensez-vous de cette th\u00e8se?<\/li><\/ul>\n\n\n\n<p>Voyez la le\u00e7on suivante car une autre th\u00e8se forte et d\u00e9rangeante, \u00e9nonc\u00e9e cette fois par Armelle Le Bras-Choppard nous attend.<\/p>\n","protected":false},"excerpt":{"rendered":"<p>L&rsquo;image plac\u00e9e en ent\u00eate pour cette le\u00e7on est int\u00e9ressante car elle va dans le m\u00eame sens que les explications de Silvia Federici. Revenons sur certains &#8230;<\/p>\n","protected":false},"author":1,"featured_media":4850,"parent":0,"menu_order":0,"comment_status":"open","ping_status":"closed","template":"","meta":{"footnotes":""},"class_list":["post-4847","page","type-page","status-publish","has-post-thumbnail","hentry"],"_links":{"self":[{"href":"http:\/\/www.ethique-rlaroche.philo-cvm.ca\/index.php?rest_route=\/wp\/v2\/pages\/4847","targetHints":{"allow":["GET"]}}],"collection":[{"href":"http:\/\/www.ethique-rlaroche.philo-cvm.ca\/index.php?rest_route=\/wp\/v2\/pages"}],"about":[{"href":"http:\/\/www.ethique-rlaroche.philo-cvm.ca\/index.php?rest_route=\/wp\/v2\/types\/page"}],"author":[{"embeddable":true,"href":"http:\/\/www.ethique-rlaroche.philo-cvm.ca\/index.php?rest_route=\/wp\/v2\/users\/1"}],"replies":[{"embeddable":true,"href":"http:\/\/www.ethique-rlaroche.philo-cvm.ca\/index.php?rest_route=%2Fwp%2Fv2%2Fcomments&post=4847"}],"version-history":[{"count":9,"href":"http:\/\/www.ethique-rlaroche.philo-cvm.ca\/index.php?rest_route=\/wp\/v2\/pages\/4847\/revisions"}],"predecessor-version":[{"id":4932,"href":"http:\/\/www.ethique-rlaroche.philo-cvm.ca\/index.php?rest_route=\/wp\/v2\/pages\/4847\/revisions\/4932"}],"wp:featuredmedia":[{"embeddable":true,"href":"http:\/\/www.ethique-rlaroche.philo-cvm.ca\/index.php?rest_route=\/wp\/v2\/media\/4850"}],"wp:attachment":[{"href":"http:\/\/www.ethique-rlaroche.philo-cvm.ca\/index.php?rest_route=%2Fwp%2Fv2%2Fmedia&parent=4847"}],"curies":[{"name":"wp","href":"https:\/\/api.w.org\/{rel}","templated":true}]}}