{"id":4713,"date":"2020-09-16T16:52:38","date_gmt":"2020-09-16T16:52:38","guid":{"rendered":"https:\/\/ethique-rlaroche.profweb.ca\/?page_id=4713"},"modified":"2021-02-15T14:54:22","modified_gmt":"2021-02-15T14:54:22","slug":"modernite-et-domestication","status":"publish","type":"page","link":"http:\/\/www.ethique-rlaroche.philo-cvm.ca\/?page_id=4713","title":{"rendered":"Modernit\u00e9 et domestication"},"content":{"rendered":"\n<p>Nous nous sommes int\u00e9ress\u00e9s, dans une pr\u00e9c\u00e9dente le\u00e7on au processus de la\u00efcisation de l&rsquo;\u00c9tat. Nous avons, dans l&rsquo;esprit du texte d&rsquo;Armelle Le Bras-Choppard, compris ce processus sous la forme d&rsquo;un transfert de pouvoir ayant des effets jusqu&rsquo;au c\u0153ur des rapports entre l&rsquo;homme et la femme. Cette hypoth\u00e8se nous am\u00e8ne \u00e0 penser que la relation entre l&rsquo;homme et le femme serait devenu le principal lieu de la lutte pour le pouvoir. <\/p>\n\n\n\n<p>Est-ce vrai et comment expliquer ce ph\u00e9nom\u00e8ne?<\/p>\n\n\n\n<p>Afin de nous aider, nous pourrions comprendre ce processus \u00e0 partir d&rsquo;un autre domaine d&rsquo;expression des rapports de force que l&rsquo;homme \u00e9tablira avec la Nature elle-m\u00eame. (Attention il est bien dit l&rsquo;homme!) Effort de domestication, de ma\u00eetrise et de contr\u00f4le de la Nature gr\u00e2ce \u00e0 l&rsquo;usage de la Raison, gr\u00e2ce aux outils propres \u00e0 la pens\u00e9e rationnelle, l&rsquo;instrumentalisation des connaissances, la puissance de l&rsquo;abstraction math\u00e9matique, l&rsquo;\u00e9laboration du droit etc. Toutes formes d&rsquo;appr\u00e9hension et de repr\u00e9sentation de la r\u00e9alit\u00e9 favorisant le d\u00e9veloppement d&rsquo;un regard portant sur le monde ext\u00e9rieur empreint d&rsquo;objectivit\u00e9. Revoyez \u00e0 ce sujet la distinction entre la science aristot\u00e9licienne et la science galil\u00e9enne dans la le\u00e7on intitul\u00e9: <a rel=\"noreferrer noopener\" href=\"http:\/\/www.philo-cvm.ca\/?page_id=4448\" target=\"_blank\">\u00c9pist\u00e9mologie et superstition<\/a>. <\/p>\n\n\n\n<p>Avec l&rsquo;av\u00e8nement de la science moderne, il y a affranchissement des dogmes de l&rsquo;\u00c9glise, comme le montre notre auteure, les explications scientifiques n&rsquo;ont plus \u00e0 co\u00efncider avec le plan divin. C&rsquo;est par l&rsquo;usage de la Raison que seront perc\u00e9s les myst\u00e8res de la Nature. De la m\u00eame mani\u00e8re qu&rsquo;on assiste au passage de la foi \u00e0 la loi, on retrouve ici un passage similaire d&rsquo;un ensemble de v\u00e9rit\u00e9s r\u00e9v\u00e9l\u00e9es dans le contexte de la religion \u00e0 l&rsquo;id\u00e9e que la connaissance de la v\u00e9rit\u00e9 repose sur l&rsquo;usage de la Raison, la d\u00e9marche scientifique et la souverainet\u00e9 de l&rsquo;esprit.  <\/p>\n\n\n\n<p>Il n&rsquo;est pas rare que nous c\u00e9l\u00e9brions cet avancement et ce changement de paradigme caract\u00e9ris\u00e9 par une prise en charge toute humaine de la puissance elle-m\u00eame, que ce soit en politique, au niveau du droit, d&rsquo;un point de vue \u00e9conomique, en science, en architecture, dans les arts et la litt\u00e9rature&#8230; comme une v\u00e9ritable Renaissance. <\/p>\n\n\n\n<p>Pourtant il y a un angle mort, une part de non-vu, un probl\u00e8me de signification des faits&#8230; Quoi? <\/p>\n\n\n\n<p>Quelque chose en fait que r\u00e9v\u00e8le l&rsquo;histoire de la chasse aux sorci\u00e8res? <\/p>\n\n\n\n<figure class=\"wp-block-image size-large\"><img loading=\"lazy\" decoding=\"async\" width=\"300\" height=\"423\" src=\"http:\/\/www.philo-cvm.ca\/wp-content\/uploads\/2020\/09\/femme-et-nature.jpg\" alt=\"\" class=\"wp-image-4779\" srcset=\"http:\/\/www.ethique-rlaroche.philo-cvm.ca\/wp-content\/uploads\/2020\/09\/femme-et-nature.jpg 300w, http:\/\/www.ethique-rlaroche.philo-cvm.ca\/wp-content\/uploads\/2020\/09\/femme-et-nature-213x300.jpg 213w\" sizes=\"auto, (max-width: 300px) 100vw, 300px\" \/><figcaption>Sorci\u00e8res, repr\u00e9sent\u00e9es en 1508 par le peintre et graveur allemand Hans Baldung.<\/figcaption><\/figure>\n\n\n\n<p>Si la science a cherch\u00e9 \u00e0 comprendre la Nature objectivement quel est le probl\u00e8me d\u00e8s lors que la femme est associ\u00e9e au domaine de la Nature? <\/p>\n\n\n\n<figure class=\"wp-block-image size-large\"><img loading=\"lazy\" decoding=\"async\" width=\"512\" height=\"423\" src=\"http:\/\/www.philo-cvm.ca\/wp-content\/uploads\/2020\/09\/nature.jpg\" alt=\"\" class=\"wp-image-4781\" srcset=\"http:\/\/www.ethique-rlaroche.philo-cvm.ca\/wp-content\/uploads\/2020\/09\/nature.jpg 512w, http:\/\/www.ethique-rlaroche.philo-cvm.ca\/wp-content\/uploads\/2020\/09\/nature-300x248.jpg 300w\" sizes=\"auto, (max-width: 512px) 100vw, 512px\" \/><\/figure>\n\n\n\n<p>Quelle est votre propre hypoth\u00e8se? Comment expliquer que la domestication de la nature puisse avoir quelque chose \u00e0 voir avec la chasse aux sorci\u00e8res? <\/p>\n\n\n\n<figure class=\"wp-block-embed is-type-video is-provider-youtube wp-block-embed-youtube wp-embed-aspect-16-9 wp-has-aspect-ratio\"><div class=\"wp-block-embed__wrapper\">\n<iframe loading=\"lazy\" title=\"Iris van Herpen \uff5e Shift Souls\" width=\"525\" height=\"295\" src=\"https:\/\/www.youtube.com\/embed\/xwJb0-20Ad4?feature=oembed\" frameborder=\"0\" allow=\"accelerometer; autoplay; clipboard-write; encrypted-media; gyroscope; picture-in-picture; web-share\" referrerpolicy=\"strict-origin-when-cross-origin\" allowfullscreen><\/iframe>\n<\/div><\/figure>\n\n\n\n<p>Un peu de Hip Hop avant l&rsquo;heure pour nous aider (ou pas). <\/p>\n\n\n\n<figure class=\"wp-block-embed is-type-video is-provider-youtube wp-block-embed-youtube wp-embed-aspect-16-9 wp-has-aspect-ratio\"><div class=\"wp-block-embed__wrapper\">\n<iframe loading=\"lazy\" title=\"Beyonc\u00e9, Shatta Wale, Major Lazer \u2013 ALREADY (Official Video)\" width=\"525\" height=\"295\" src=\"https:\/\/www.youtube.com\/embed\/agCgvFTJeRs?feature=oembed\" frameborder=\"0\" allow=\"accelerometer; autoplay; clipboard-write; encrypted-media; gyroscope; picture-in-picture; web-share\" referrerpolicy=\"strict-origin-when-cross-origin\" allowfullscreen><\/iframe>\n<\/div><\/figure>\n\n\n\n<p class=\"has-text-align-center\">***<\/p>\n\n\n\n<div class=\"wp-block-group has-background\" style=\"background-color:#bcf4ef\"><div class=\"wp-block-group__inner-container is-layout-flow wp-block-group-is-layout-flow\">\n<p class=\"has-text-align-center\"><strong>Que vous disent les textes que vous aviez \u00e0 lire? <\/strong><\/p>\n\n\n\n<p class=\"has-text-align-center\"><strong>Que signifie le concept de \u00abdomestication\u00bb? <\/strong><\/p>\n\n\n\n<p class=\"has-text-align-center\"><strong>Qu&rsquo;est-ce qui explique que l&rsquo;objectivation du corps de la femme soit encore d&rsquo;actualit\u00e9? <\/strong><\/p>\n\n\n\n<p class=\"has-text-align-center\"><strong>Quels liens faites-vous avec la conception de la souverainet\u00e9 des \u00e9tats modernes?<\/strong><\/p>\n<\/div><\/div>\n\n\n\n<p><\/p>\n","protected":false},"excerpt":{"rendered":"<p>Nous nous sommes int\u00e9ress\u00e9s, dans une pr\u00e9c\u00e9dente le\u00e7on au processus de la\u00efcisation de l&rsquo;\u00c9tat. Nous avons, dans l&rsquo;esprit du texte d&rsquo;Armelle Le Bras-Choppard, compris ce &#8230;<\/p>\n","protected":false},"author":1,"featured_media":4716,"parent":0,"menu_order":0,"comment_status":"open","ping_status":"closed","template":"","meta":{"footnotes":""},"class_list":["post-4713","page","type-page","status-publish","has-post-thumbnail","hentry"],"_links":{"self":[{"href":"http:\/\/www.ethique-rlaroche.philo-cvm.ca\/index.php?rest_route=\/wp\/v2\/pages\/4713","targetHints":{"allow":["GET"]}}],"collection":[{"href":"http:\/\/www.ethique-rlaroche.philo-cvm.ca\/index.php?rest_route=\/wp\/v2\/pages"}],"about":[{"href":"http:\/\/www.ethique-rlaroche.philo-cvm.ca\/index.php?rest_route=\/wp\/v2\/types\/page"}],"author":[{"embeddable":true,"href":"http:\/\/www.ethique-rlaroche.philo-cvm.ca\/index.php?rest_route=\/wp\/v2\/users\/1"}],"replies":[{"embeddable":true,"href":"http:\/\/www.ethique-rlaroche.philo-cvm.ca\/index.php?rest_route=%2Fwp%2Fv2%2Fcomments&post=4713"}],"version-history":[{"count":16,"href":"http:\/\/www.ethique-rlaroche.philo-cvm.ca\/index.php?rest_route=\/wp\/v2\/pages\/4713\/revisions"}],"predecessor-version":[{"id":9336,"href":"http:\/\/www.ethique-rlaroche.philo-cvm.ca\/index.php?rest_route=\/wp\/v2\/pages\/4713\/revisions\/9336"}],"wp:featuredmedia":[{"embeddable":true,"href":"http:\/\/www.ethique-rlaroche.philo-cvm.ca\/index.php?rest_route=\/wp\/v2\/media\/4716"}],"wp:attachment":[{"href":"http:\/\/www.ethique-rlaroche.philo-cvm.ca\/index.php?rest_route=%2Fwp%2Fv2%2Fmedia&parent=4713"}],"curies":[{"name":"wp","href":"https:\/\/api.w.org\/{rel}","templated":true}]}}