{"id":4580,"date":"2020-09-10T16:06:04","date_gmt":"2020-09-10T16:06:04","guid":{"rendered":"https:\/\/ethique-rlaroche.profweb.ca\/?page_id=4580"},"modified":"2020-09-10T22:53:08","modified_gmt":"2020-09-10T22:53:08","slug":"le-transfert-de-la-lutte-de-pouvoir-entre-leglise-et-letat","status":"publish","type":"page","link":"http:\/\/www.ethique-rlaroche.philo-cvm.ca\/?page_id=4580","title":{"rendered":"Le transfert de la lutte de pouvoir entre l\u2019\u00c9glise et l\u2019\u00c9tat"},"content":{"rendered":"\n<blockquote class=\"wp-block-quote is-layout-flow wp-block-quote-is-layout-flow\"><p>\u00c0 l\u2019\u00c9glise de donner le coup d\u2019envoi, elle qui entend contr\u00f4ler l\u2019ensemble de la vie civile, les relations entre les sexes, le comportement des femmes en particulier, et leur corps si enclin \u00e0 la tentation. Mais en s\u2019assurant, dans les proc\u00e8s en sorcellerie, de l\u2019aide logistique des magistrats s\u00e9culiers, elle ne tarde pas \u00e0 se faire d\u00e9border par ceux-ci. Les sorci\u00e8res vont donc constituer un enjeu de pouvoir entre l\u2019\u00c9glise et l\u2019\u00c9tat, lequel ne peut s\u2019\u00e9riger sous sa forme moderne qu\u2019en prenant son autonomie par rapport \u00e0 la religion et en \u00e9tablissant sa pr\u00e9\u00e9minence sur l\u2019\u00c9glise. Paradoxalement, dans cette \u00e9mancipation qui conduit \u00e0 sa la\u00efcisation, l\u2019\u00c9tat se construit par le biais de proc\u00e8s \u00e9minemment \u00abreligieux\u00bb, puisque la sorcellerie est d\u2019abord un crime de l\u00e8se-majest\u00e9 divine et que les juges sont amen\u00e9s \u00e0 se positionner sur des questions de dogme.<\/p><cite>Armelle Le Bras-Choppard<\/cite><\/blockquote>\n\n\n\n<p>Dans cet extrait, la discussion porte sur des enjeux politiques qui d\u00e9coulent d&rsquo;une interpr\u00e9tation et d&rsquo;une lecture de l&rsquo;Histoire diff\u00e9rente compar\u00e9e \u00e0 celle de Silvia Federici.<\/p>\n\n\n\n<p>L&rsquo;hypoth\u00e8se concernant le transfert du pouvoir de l&rsquo;\u00c9glise vers l&rsquo;\u00c9tat, d\u00e9velopp\u00e9e par Armelle Le Bras-Choppard, est aussi tr\u00e8s int\u00e9ressante car elle tend \u00e0 mettre en sc\u00e8ne les rapports de force entre la religion et la la\u00efcisation des institutions politiques. Or nous sommes les h\u00e9ritiers de cette s\u00e9paration des pouvoirs qui trouvera son point culminant \u00e0 l&rsquo;\u00e9poque des Lumi\u00e8res au XVIIIe si\u00e8cle. L&rsquo;analyse ne porte pas ici sur l&rsquo;\u00e9mergence du capitalisme mais bien sur l&rsquo;\u00e9mergence de la souverainet\u00e9 des \u00c9tats modernes. L&rsquo;un ne va pas sans l&rsquo;autre direz-vous. Probablement mais il nous faut tout de m\u00eame \u00e9viter de tout mettre sur le m\u00eame plan!<\/p>\n\n\n\n<p>Au Moyen \u00c2ge la chr\u00e9tient\u00e9 se pr\u00e9sente comme une sorte de f\u00e9d\u00e9ration d&rsquo;\u00e9tats distincts pour lesquels s&rsquo;installent divers degr\u00e9s de nationalisme dans toute l&rsquo;Europe. Les choses se passent comme si le pouvoir religieux \u00e9taient avant tout un pouvoir moral et spirituel. Nous avons abord\u00e9 cette question lorsque nous avons r\u00e9fl\u00e9chi au passage de la condamnation morale \u00e0 la judiciarisation des crimes d&rsquo;h\u00e9r\u00e9sies. C&rsquo;est un pouvoir absolu en fait qui est en place reposant sur la foi plut\u00f4t que sur la loi ainsi que sur une conception de la v\u00e9rit\u00e9 impliquant la parole de Dieu plut\u00f4t que la capacit\u00e9 de l&rsquo;humain \u00e0 raisonner par lui-m\u00eame.   <\/p>\n\n\n\n<p>Notre probl\u00e8me consiste \u00e0 nous demander s&rsquo;il est possible pour nous d&rsquo;articuler le passage de la foi \u00e0 la loi. <\/p>\n\n\n\n<p>Si vous avez bien lu le texte d&rsquo;Armelle Le Bras-Choppard vous devriez avoir pris connaissance de cette id\u00e9e, pour le moins \u00e9tonnante, qui consiste \u00e0 affirmer que le christianisme aurait \u00e9t\u00e9 plus favorable aux femmes qu&rsquo;on ne pourrait le croire. <\/p>\n\n\n\n<ul class=\"wp-block-list\"><li>Affirmation de l&rsquo;\u00e9galit\u00e9 devant Dieu.<\/li><li>Une doctrine du mariage prot\u00e9geant la femme contre certains abus. <\/li><li>Consentement des deux \u00e9poux pour l&rsquo;union. <\/li><li>Monogamie \u00e0 l&rsquo;avantage de la femme.<\/li><li>Indissolubilit\u00e9 du mariage prot\u00e9geant contre la r\u00e9pudiation. <\/li><li>Le plaisir est consid\u00e9r\u00e9, jusqu&rsquo;au XVIIIe si\u00e8cle, comme facteur de procr\u00e9ation. <\/li><li>Pr\u00e9sences de consid\u00e9rations morales de toutes sorte concernant les droits et devoirs des \u00e9poux. <\/li><\/ul>\n\n\n\n<p class=\"has-text-align-center\"><strong>Interpr\u00e9tez l&rsquo;image suivante en vous demandant quelle est l&rsquo;autorit\u00e9 aujourd&rsquo;hui?<\/strong><\/p>\n\n\n\n<figure class=\"wp-block-image size-large\"><img loading=\"lazy\" decoding=\"async\" width=\"990\" height=\"667\" src=\"http:\/\/www.philo-cvm.ca\/wp-content\/uploads\/2020\/09\/1396541048_84471_1200x667x0.jpg\" alt=\"\" class=\"wp-image-4619\" srcset=\"http:\/\/www.ethique-rlaroche.philo-cvm.ca\/wp-content\/uploads\/2020\/09\/1396541048_84471_1200x667x0.jpg 990w, http:\/\/www.ethique-rlaroche.philo-cvm.ca\/wp-content\/uploads\/2020\/09\/1396541048_84471_1200x667x0-300x202.jpg 300w, http:\/\/www.ethique-rlaroche.philo-cvm.ca\/wp-content\/uploads\/2020\/09\/1396541048_84471_1200x667x0-768x517.jpg 768w\" sizes=\"auto, (max-width: 990px) 100vw, 990px\" \/><\/figure>\n\n\n\n<p>L&rsquo;hypoth\u00e8se du transfert de la lutte de pouvoir entre l&rsquo;\u00c9glise et l&rsquo;\u00c9tat, telle que nous la pr\u00e9sente Armelle Le Bras-Choppard, nous am\u00e8ne \u00e0 concevoir que la cons\u00e9quence ultime aura \u00e9t\u00e9 de restructurer la lutte entre les genres.  Et ce faisant instaurer le patriarcat que nous connaissons. <\/p>\n\n\n\n<p>Cette image est ambig\u00fce \u00e0 plus d&rsquo;un niveau. Quels liens faites-vous entre la question du mariage, la lutte des genres, la la\u00efcisation de l\u00a8&rsquo;\u00c9tat, la place de la religion dans notre soci\u00e9t\u00e9, les sorci\u00e8res et l&rsquo;\u00e9mancipation des femmes? <\/p>\n\n\n\n<p class=\"has-text-align-center\">Wow! Ce qui \u00e9tait th\u00e9ologique et politique dans l&rsquo;histoire serait aussi actuel!<\/p>\n","protected":false},"excerpt":{"rendered":"<p>\u00c0 l\u2019\u00c9glise de donner le coup d\u2019envoi, elle qui entend contr\u00f4ler l\u2019ensemble de la vie civile, les relations entre les sexes, le comportement des femmes &#8230;<\/p>\n","protected":false},"author":1,"featured_media":4584,"parent":0,"menu_order":0,"comment_status":"open","ping_status":"closed","template":"","meta":{"footnotes":""},"class_list":["post-4580","page","type-page","status-publish","has-post-thumbnail","hentry"],"_links":{"self":[{"href":"http:\/\/www.ethique-rlaroche.philo-cvm.ca\/index.php?rest_route=\/wp\/v2\/pages\/4580","targetHints":{"allow":["GET"]}}],"collection":[{"href":"http:\/\/www.ethique-rlaroche.philo-cvm.ca\/index.php?rest_route=\/wp\/v2\/pages"}],"about":[{"href":"http:\/\/www.ethique-rlaroche.philo-cvm.ca\/index.php?rest_route=\/wp\/v2\/types\/page"}],"author":[{"embeddable":true,"href":"http:\/\/www.ethique-rlaroche.philo-cvm.ca\/index.php?rest_route=\/wp\/v2\/users\/1"}],"replies":[{"embeddable":true,"href":"http:\/\/www.ethique-rlaroche.philo-cvm.ca\/index.php?rest_route=%2Fwp%2Fv2%2Fcomments&post=4580"}],"version-history":[{"count":14,"href":"http:\/\/www.ethique-rlaroche.philo-cvm.ca\/index.php?rest_route=\/wp\/v2\/pages\/4580\/revisions"}],"predecessor-version":[{"id":4628,"href":"http:\/\/www.ethique-rlaroche.philo-cvm.ca\/index.php?rest_route=\/wp\/v2\/pages\/4580\/revisions\/4628"}],"wp:featuredmedia":[{"embeddable":true,"href":"http:\/\/www.ethique-rlaroche.philo-cvm.ca\/index.php?rest_route=\/wp\/v2\/media\/4584"}],"wp:attachment":[{"href":"http:\/\/www.ethique-rlaroche.philo-cvm.ca\/index.php?rest_route=%2Fwp%2Fv2%2Fmedia&parent=4580"}],"curies":[{"name":"wp","href":"https:\/\/api.w.org\/{rel}","templated":true}]}}