{"id":4545,"date":"2020-09-09T20:52:50","date_gmt":"2020-09-09T20:52:50","guid":{"rendered":"https:\/\/ethique-rlaroche.profweb.ca\/?page_id=4545"},"modified":"2020-09-11T11:38:41","modified_gmt":"2020-09-11T11:38:41","slug":"la-place-grandissante-des-femmes","status":"publish","type":"page","link":"http:\/\/www.ethique-rlaroche.philo-cvm.ca\/?page_id=4545","title":{"rendered":"La place grandissante des femmes"},"content":{"rendered":"\n<blockquote class=\"wp-block-quote is-layout-flow wp-block-quote-is-layout-flow\"><p>\u00abLa soci\u00e9t\u00e9 f\u00e9odale est une soci\u00e9t\u00e9 qui, dans son principe ne pr\u00e9voit pas l&rsquo;intervention d&rsquo;un pouvoir qui lui soit ext\u00e9rieur. L&rsquo;id\u00e9e d&rsquo;\u00c9tat, la notion d&rsquo;un pouvoir public exer\u00e7ant au nom de l&rsquo;int\u00e9r\u00eat g\u00e9n\u00e9ral une certaine contrainte sur les individus, lui est \u00e9trang\u00e8re.\u00bb<\/p><cite>Touchard, Histoire des id\u00e9es politiques<\/cite><\/blockquote>\n\n\n\n<blockquote class=\"wp-block-quote is-layout-flow wp-block-quote-is-layout-flow\"><p>\u00ab\u00c0 une vision mis\u00e9rabiliste de la condition de la femme au Moyen \u00b8\u00c2ge \u2013 une victime impuissante de la brutalit\u00e9 masculine \u2013 qui conforte, en fait, le discours, longtemps dominant, sur la nature faible et passive de la femme, a succ\u00e9d\u00e9, dans les travaux les plus r\u00e9cents, une autre image de celle-ci : un \u00eatre qui n\u2019\u00e9tait ni sans d\u00e9fense ni sans pouvoir. S\u2019il en \u00e9tait autrement, comment comprendre l\u2019acharnement des hommes contre des cr\u00e9atures si inoffensives?\u00bb<\/p><cite>Armelle Le Bras-Choppard, Les putains du diable<\/cite><\/blockquote>\n\n\n\n<p>Ces deux citations montrent bien qu&rsquo;il ne va pas de soi de comprendre le Moyen-\u00c2ge et plus particuli\u00e8rement la place qu&rsquo;y occupent les femmes. D&rsquo;une part parce que la soci\u00e9t\u00e9 f\u00e9odale ne fonctionne pas du tout comme la n\u00f4tre et d&rsquo;autre part parce qu&rsquo;une certaine forme de patriarcat semble avoir investit l&rsquo;\u00e9criture de l&rsquo;Histoire elle-m\u00eame. <\/p>\n\n\n\n<p>Cet audio aide \u00e0 nous faire une repr\u00e9sentation des diverses fonctions sociales que pouvaient occuper <a rel=\"noreferrer noopener\" href=\"https:\/\/www.franceculture.fr\/emissions\/les-tetes-chercheuses\/les-femmes-au-moyen-age-loin-des-idees-recues\" target=\"_blank\">Les femmes au Moyen \u00c2ge<\/a>. <\/p>\n\n\n\n<p>Une des hypoth\u00e8ses, permettant de comprendre pourquoi la femme sera le bouc \u00e9missaire de l&rsquo;Inquisition, consiste \u00e0 chercher \u00e0 saisir le passage de la f\u00e9odalit\u00e9 au capitalisme. Voyez cette hypoth\u00e8se \u00e0 travers l&rsquo;utilisation de la grille d&rsquo;analyse marxiste mais aussi en lien avec la critique issue du f\u00e9minisme des ann\u00e9es 70 au sujet des effets du patriarcat jusque dans le <a rel=\"noreferrer noopener\" href=\"http:\/\/www.philo-cvm.ca\/wp-content\/uploads\/2020\/02\/Marx-1.pdf\" target=\"_blank\">marxisme<\/a>. Instructif! <\/p>\n\n\n\n<p>Prenez soin de noter que toute grille d&rsquo;analyse en philosophie jette un certain \u00e9clairage sur la r\u00e9alit\u00e9. Il suffit de changer de conception et de th\u00e9orie pour voir appara\u00eetre d&rsquo;autres aspects du domaine de l&rsquo;association humaine. Ou pour le dire autrement, rappelons-nous que la signification des faits n&rsquo;est pas \u00e9trang\u00e8re au point de vue adopt\u00e9. <\/p>\n\n\n\n<p>Cela dit, nous vous proposons d&rsquo;\u00e9couter cet entretien avec Silvia Federici; impossible de faire mieux dans une le\u00e7on : <a rel=\"noreferrer noopener\" href=\"https:\/\/www.youtube.com\/watch?v=WzWjOqif9vY\" target=\"_blank\">L\u2019esclave, la sorci\u00e8re et le capitalisme patriarcal<\/a>.<\/p>\n\n\n\n<p>Bonne \u00e9coute! Il n&rsquo;y a pas de question, sinon celles que vous pourriez laisser dans la fen\u00eatre de commentaire. <\/p>\n","protected":false},"excerpt":{"rendered":"<p>\u00abLa soci\u00e9t\u00e9 f\u00e9odale est une soci\u00e9t\u00e9 qui, dans son principe ne pr\u00e9voit pas l&rsquo;intervention d&rsquo;un pouvoir qui lui soit ext\u00e9rieur. L&rsquo;id\u00e9e d&rsquo;\u00c9tat, la notion d&rsquo;un &#8230;<\/p>\n","protected":false},"author":1,"featured_media":4547,"parent":0,"menu_order":0,"comment_status":"open","ping_status":"closed","template":"","meta":{"footnotes":""},"class_list":["post-4545","page","type-page","status-publish","has-post-thumbnail","hentry"],"_links":{"self":[{"href":"http:\/\/www.ethique-rlaroche.philo-cvm.ca\/index.php?rest_route=\/wp\/v2\/pages\/4545","targetHints":{"allow":["GET"]}}],"collection":[{"href":"http:\/\/www.ethique-rlaroche.philo-cvm.ca\/index.php?rest_route=\/wp\/v2\/pages"}],"about":[{"href":"http:\/\/www.ethique-rlaroche.philo-cvm.ca\/index.php?rest_route=\/wp\/v2\/types\/page"}],"author":[{"embeddable":true,"href":"http:\/\/www.ethique-rlaroche.philo-cvm.ca\/index.php?rest_route=\/wp\/v2\/users\/1"}],"replies":[{"embeddable":true,"href":"http:\/\/www.ethique-rlaroche.philo-cvm.ca\/index.php?rest_route=%2Fwp%2Fv2%2Fcomments&post=4545"}],"version-history":[{"count":13,"href":"http:\/\/www.ethique-rlaroche.philo-cvm.ca\/index.php?rest_route=\/wp\/v2\/pages\/4545\/revisions"}],"predecessor-version":[{"id":4641,"href":"http:\/\/www.ethique-rlaroche.philo-cvm.ca\/index.php?rest_route=\/wp\/v2\/pages\/4545\/revisions\/4641"}],"wp:featuredmedia":[{"embeddable":true,"href":"http:\/\/www.ethique-rlaroche.philo-cvm.ca\/index.php?rest_route=\/wp\/v2\/media\/4547"}],"wp:attachment":[{"href":"http:\/\/www.ethique-rlaroche.philo-cvm.ca\/index.php?rest_route=%2Fwp%2Fv2%2Fmedia&parent=4545"}],"curies":[{"name":"wp","href":"https:\/\/api.w.org\/{rel}","templated":true}]}}