{"id":4517,"date":"2020-09-09T19:46:51","date_gmt":"2020-09-09T19:46:51","guid":{"rendered":"https:\/\/ethique-rlaroche.profweb.ca\/?page_id=4517"},"modified":"2020-09-09T21:15:37","modified_gmt":"2020-09-09T21:15:37","slug":"science-galileenne","status":"publish","type":"page","link":"http:\/\/www.ethique-rlaroche.philo-cvm.ca\/?page_id=4517","title":{"rendered":"Science galil\u00e9enne"},"content":{"rendered":"\n<p>Avec Galil\u00e9e, la science fait un \u00e9norme bond en avant. Qu\u2019invente-t-il en r\u00e9alit\u00e9\u00a0? Il invente des m\u00e9thodes lui permettant de quantifier et math\u00e9matiser ses observations. Il fait passer ses observations de la nature sur un plan de r\u00e9f\u00e9rence g\u00e9om\u00e9trique et math\u00e9matique. En calculant la vitesse et l\u2019acc\u00e9l\u00e9ration de la chute des corps \u00e0 partir d\u2019une strat\u00e9gie lui permettant de mesurer des angles et des proportions il arrive \u00e0 produire des raisonnements favorisant la d\u00e9couverte d\u2019un ensemble de lois physiques pratiquement impossible \u00e0 imaginer par le seul usage de nos sens. Il est difficile de remarquer les indices qui nous informent sur le mouvement de la terre autour du soleil. Ce faisant, Galil\u00e9e contourne le probl\u00e8me que pose le fait que nos sens nous trompent, ce que Descartes avait bien vu lui aussi. (Peut-\u00eatre vous souvenez-vous du <em>Discours de la m\u00e9thode<\/em> \u00e9tudi\u00e9 en 102.)<\/p>\n\n\n\n<p>C\u2019est \u00e0 nouveau tout le probl\u00e8me de la repr\u00e9sentation qui nous tombe dessus ici. Mais au lieu de g\u00e9n\u00e9raliser, \u00e0 la mani\u00e8re des aristot\u00e9liciens, uniquement \u00e0 partir des qualit\u00e9s sensibles qu\u2019ont les corps, comme leur poids, leur texture, leur forme, il construit ses raisonnements en s\u2019appuyant sur des exp\u00e9riences qui lui permettent de quantifier les donn\u00e9es de l\u2019observation. On ne parle plus de la lourdeur d&rsquo;un objet par exemple mais de son poids. C\u2019est gr\u00e2ce \u00e0 ces exp\u00e9riences, ces calculs et ces raisonnements que la loi de la chute des corps et la loi de la gravitation ont pu \u00eatre formul\u00e9es. Exprim\u00e9es en langage math\u00e9matique, ces lois sont abstraites au point de d\u00e9fier nos exp\u00e9riences sensibles, par contre lorsque soumise \u00e0 l\u2019exp\u00e9rimentation ces repr\u00e9sentations abstraites s\u2019av\u00e8rent plus explicatives que celles fond\u00e9es sur le seul usage de nos sens.<\/p>\n\n\n\n<p>Est-ce l&rsquo;ultime garantie pour ne pas confondre r\u00e9alit\u00e9 et repr\u00e9sentation? Pas n\u00e9cessairement car la raison instrumentale qui n&rsquo;est pas \u00e9trang\u00e8re \u00e0 cette d\u00e9marche sera mise \u00e0 contribution contre les sorci\u00e8res. \u00c9tonnant!<\/p>\n","protected":false},"excerpt":{"rendered":"<p>Avec Galil\u00e9e, la science fait un \u00e9norme bond en avant. Qu\u2019invente-t-il en r\u00e9alit\u00e9\u00a0? Il invente des m\u00e9thodes lui permettant de quantifier et math\u00e9matiser ses observations. &#8230;<\/p>\n","protected":false},"author":1,"featured_media":4521,"parent":0,"menu_order":0,"comment_status":"open","ping_status":"closed","template":"","meta":{"footnotes":""},"class_list":["post-4517","page","type-page","status-publish","has-post-thumbnail","hentry"],"_links":{"self":[{"href":"http:\/\/www.ethique-rlaroche.philo-cvm.ca\/index.php?rest_route=\/wp\/v2\/pages\/4517","targetHints":{"allow":["GET"]}}],"collection":[{"href":"http:\/\/www.ethique-rlaroche.philo-cvm.ca\/index.php?rest_route=\/wp\/v2\/pages"}],"about":[{"href":"http:\/\/www.ethique-rlaroche.philo-cvm.ca\/index.php?rest_route=\/wp\/v2\/types\/page"}],"author":[{"embeddable":true,"href":"http:\/\/www.ethique-rlaroche.philo-cvm.ca\/index.php?rest_route=\/wp\/v2\/users\/1"}],"replies":[{"embeddable":true,"href":"http:\/\/www.ethique-rlaroche.philo-cvm.ca\/index.php?rest_route=%2Fwp%2Fv2%2Fcomments&post=4517"}],"version-history":[{"count":5,"href":"http:\/\/www.ethique-rlaroche.philo-cvm.ca\/index.php?rest_route=\/wp\/v2\/pages\/4517\/revisions"}],"predecessor-version":[{"id":4553,"href":"http:\/\/www.ethique-rlaroche.philo-cvm.ca\/index.php?rest_route=\/wp\/v2\/pages\/4517\/revisions\/4553"}],"wp:featuredmedia":[{"embeddable":true,"href":"http:\/\/www.ethique-rlaroche.philo-cvm.ca\/index.php?rest_route=\/wp\/v2\/media\/4521"}],"wp:attachment":[{"href":"http:\/\/www.ethique-rlaroche.philo-cvm.ca\/index.php?rest_route=%2Fwp%2Fv2%2Fmedia&parent=4517"}],"curies":[{"name":"wp","href":"https:\/\/api.w.org\/{rel}","templated":true}]}}