{"id":4514,"date":"2020-09-09T19:32:57","date_gmt":"2020-09-09T19:32:57","guid":{"rendered":"https:\/\/ethique-rlaroche.profweb.ca\/?page_id=4514"},"modified":"2020-09-09T21:12:52","modified_gmt":"2020-09-09T21:12:52","slug":"science-aristotelicienne","status":"publish","type":"page","link":"http:\/\/www.ethique-rlaroche.philo-cvm.ca\/?page_id=4514","title":{"rendered":"Science aristot\u00e9licienne"},"content":{"rendered":"\n<p>Lorsque je regarde le monde ext\u00e9rieur, je le per\u00e7ois \u00e0 l&rsquo;aide de mes sens donc gr\u00e2ce \u00e0 la vue, l&rsquo;odorat, le toucher, l\u2019ou\u00efe, le go\u00fbt. Ce faisant, je re\u00e7ois des informations qualitatives, telle chose sera lourde, telle autre sera l\u00e9g\u00e8re, celle-ci est lisse, celle-l\u00e0 rugueuse. L&rsquo;air pourra \u00eatre froid, plus ou moins ti\u00e8de ou chaud. L&rsquo;eau sera claire ou plus ou moins opaque. Certains aliments seront amers, d&rsquo;autres sucr\u00e9s. Il y a le sec et l&rsquo;humide etc. etc. Ce sont l\u00e0 le produit de sensations associ\u00e9es \u00e0 la rencontre entre mes organes sensoriels et les divers corps  que je per\u00e7ois dans la nature. <\/p>\n\n\n\n<p>Attention ici car il faut absolument comprendre que l&rsquo;aristot\u00e9licien consid\u00e8re que <strong>ces qualit\u00e9s sensibles appartiennent aux choses per\u00e7ue<\/strong>s. Si, par exemple, je mets ma main sur ma table de travail je percevrai qu&rsquo;elle est lisse et fra\u00eeche et si je tente de la soulever je constaterai qu&rsquo;elle est lourde ou en tout cas plus lourde que mon crayon dont je dirai qu&rsquo;il est l\u00e9ger. Or imaginant que c&rsquo;est la table qui poss\u00e8de ces qualit\u00e9s, autrement dit que ma table se d\u00e9finit par l&rsquo;ensemble de ces propri\u00e9t\u00e9s je raisonnerai au sujet des forces de la nature en prenant en compte ce type de repr\u00e9sentation. Je chercherai des relations de causes \u00e0 effets en concevant ces qualit\u00e9s et ces forces ressenties comme \u00e9tant objectives.<\/p>\n\n\n\n<p>Maintenant, si je ne vois pas que mes sens me trompent et si je crois que l&rsquo;humain repr\u00e9sente la finalit\u00e9 de la nature ou son but et que la terre est au centre de l&rsquo;univers, il se peut que j&rsquo;en vienne \u00e0 penser que ce que je vois et ressens soit la r\u00e9alit\u00e9. Je ne pourrai pas distinguer, pour le dire dans le langage de la premi\u00e8re le\u00e7on, la chose et sa repr\u00e9sentation ainsi que son interpr\u00e9tation. Je serai amen\u00e9 \u00e0 conclure, sans faire d&rsquo;erreur dans mes raisonnements et sans manquer de connaissances, que le soleil tourne autour de la terre et que cette derni\u00e8re est plate. <\/p>\n\n\n\n<p> <\/p>\n","protected":false},"excerpt":{"rendered":"<p>Lorsque je regarde le monde ext\u00e9rieur, je le per\u00e7ois \u00e0 l&rsquo;aide de mes sens donc gr\u00e2ce \u00e0 la vue, l&rsquo;odorat, le toucher, l\u2019ou\u00efe, le go\u00fbt. &#8230;<\/p>\n","protected":false},"author":1,"featured_media":4518,"parent":0,"menu_order":0,"comment_status":"open","ping_status":"closed","template":"","meta":{"footnotes":""},"class_list":["post-4514","page","type-page","status-publish","has-post-thumbnail","hentry"],"_links":{"self":[{"href":"http:\/\/www.ethique-rlaroche.philo-cvm.ca\/index.php?rest_route=\/wp\/v2\/pages\/4514","targetHints":{"allow":["GET"]}}],"collection":[{"href":"http:\/\/www.ethique-rlaroche.philo-cvm.ca\/index.php?rest_route=\/wp\/v2\/pages"}],"about":[{"href":"http:\/\/www.ethique-rlaroche.philo-cvm.ca\/index.php?rest_route=\/wp\/v2\/types\/page"}],"author":[{"embeddable":true,"href":"http:\/\/www.ethique-rlaroche.philo-cvm.ca\/index.php?rest_route=\/wp\/v2\/users\/1"}],"replies":[{"embeddable":true,"href":"http:\/\/www.ethique-rlaroche.philo-cvm.ca\/index.php?rest_route=%2Fwp%2Fv2%2Fcomments&post=4514"}],"version-history":[{"count":4,"href":"http:\/\/www.ethique-rlaroche.philo-cvm.ca\/index.php?rest_route=\/wp\/v2\/pages\/4514\/revisions"}],"predecessor-version":[{"id":4551,"href":"http:\/\/www.ethique-rlaroche.philo-cvm.ca\/index.php?rest_route=\/wp\/v2\/pages\/4514\/revisions\/4551"}],"wp:featuredmedia":[{"embeddable":true,"href":"http:\/\/www.ethique-rlaroche.philo-cvm.ca\/index.php?rest_route=\/wp\/v2\/media\/4518"}],"wp:attachment":[{"href":"http:\/\/www.ethique-rlaroche.philo-cvm.ca\/index.php?rest_route=%2Fwp%2Fv2%2Fmedia&parent=4514"}],"curies":[{"name":"wp","href":"https:\/\/api.w.org\/{rel}","templated":true}]}}