{"id":4448,"date":"2020-09-05T15:23:10","date_gmt":"2020-09-05T15:23:10","guid":{"rendered":"https:\/\/ethique-rlaroche.profweb.ca\/?page_id=4448"},"modified":"2021-02-08T16:24:35","modified_gmt":"2021-02-08T16:24:35","slug":"epistemologie-et-superstition","status":"publish","type":"page","link":"http:\/\/www.ethique-rlaroche.philo-cvm.ca\/?page_id=4448","title":{"rendered":"\u00c9pist\u00e9mologie et superstition"},"content":{"rendered":"\n<p>Dans cette sixi\u00e8me le\u00e7on, nous vous proposons un regard sur la question du savoir et de la connaissance quelque peu en d\u00e9calage par rapport \u00e0 la proposition de Colette Arnould. L&rsquo;auteure nous invite \u00e0 prendre en consid\u00e9ration le d\u00e9veloppement de la rationalit\u00e9 comme \u00e9tant ce qui aura permis \u00e0 l&rsquo;humanit\u00e9 de sortir de l&rsquo;univers irrationnel des superstitions. Cette th\u00e8se est g\u00e9n\u00e9ralement admise, mais il importe de la nuancer en comparant la mani\u00e8re de penser fortement influenc\u00e9e par la science aristot\u00e9licienne \u00e0 celle issue de la science galil\u00e9enne qui constitue le socle de notre exploration moderne des lois de la nature. <\/p>\n\n\n\n<p>Sachant que Galil\u00e9e sera accus\u00e9 d&rsquo;h\u00e9r\u00e9sie aupr\u00e8s de l&rsquo;Inquisition, il serait int\u00e9ressant, dans un premier temps, que vous vous documentiez \u00e0 ce sujet. <\/p>\n\n\n\n<p>Afin de bien comprendre le changement de paradigme qui se produira au XVIIe si\u00e8cle, et ce malgr\u00e9 l&rsquo;acharnement des inquisiteurs, deux propositions sont \u00e0 prendre en consid\u00e9ration. Suivez les hyperliens: <\/p>\n\n\n\n<ol class=\"wp-block-list\"><li><em><a rel=\"noreferrer noopener\" href=\"http:\/\/www.philo-cvm.ca\/?page_id=4514\" target=\"_blank\">Les raisonnements de la science aristot\u00e9licienne reposent sur les qualit\u00e9s sensibles que nous attribuons aux corps per\u00e7us.<\/a><\/em><\/li><li><em> <a rel=\"noreferrer noopener\" href=\"http:\/\/www.philo-cvm.ca\/?page_id=4517\" target=\"_blank\">Les raisonnements de la science galil\u00e9enne reposent sur la quantification des donn\u00e9es de l\u2019observation.<\/a><\/em><\/li><\/ol>\n\n\n\n<p class=\"has-text-align-center\">***<\/p>\n\n\n\n<div class=\"wp-block-group has-background\" style=\"background-color:#fff9c8\"><div class=\"wp-block-group__inner-container is-layout-flow wp-block-group-is-layout-flow\">\n<p><strong>Ayant pris connaissance de cette profonde transformation de notre fa\u00e7on de concevoir et repr\u00e9senter le monde naturel il importe aussi de r\u00e9fl\u00e9chir aux cons\u00e9quences de ces deux mani\u00e8res de penser sur la sensibilit\u00e9 humaine. <\/strong><\/p>\n\n\n\n<ul class=\"wp-block-list\"><li>Quels liens faites vous entre la mani\u00e8re de penser aristot\u00e9licienne et l&rsquo;univers des superstitions qui caract\u00e9rise le Moyen-\u00c2ge?<\/li><li>Connaissez-vous des exemples montrant que la science moderne peut avoir pour effet de nous d\u00e9sensibiliser?<\/li><\/ul>\n<\/div><\/div>\n","protected":false},"excerpt":{"rendered":"<p>Dans cette sixi\u00e8me le\u00e7on, nous vous proposons un regard sur la question du savoir et de la connaissance quelque peu en d\u00e9calage par rapport \u00e0 &#8230;<\/p>\n","protected":false},"author":1,"featured_media":4455,"parent":0,"menu_order":0,"comment_status":"open","ping_status":"closed","template":"","meta":{"footnotes":""},"class_list":["post-4448","page","type-page","status-publish","has-post-thumbnail","hentry"],"_links":{"self":[{"href":"http:\/\/www.ethique-rlaroche.philo-cvm.ca\/index.php?rest_route=\/wp\/v2\/pages\/4448","targetHints":{"allow":["GET"]}}],"collection":[{"href":"http:\/\/www.ethique-rlaroche.philo-cvm.ca\/index.php?rest_route=\/wp\/v2\/pages"}],"about":[{"href":"http:\/\/www.ethique-rlaroche.philo-cvm.ca\/index.php?rest_route=\/wp\/v2\/types\/page"}],"author":[{"embeddable":true,"href":"http:\/\/www.ethique-rlaroche.philo-cvm.ca\/index.php?rest_route=\/wp\/v2\/users\/1"}],"replies":[{"embeddable":true,"href":"http:\/\/www.ethique-rlaroche.philo-cvm.ca\/index.php?rest_route=%2Fwp%2Fv2%2Fcomments&post=4448"}],"version-history":[{"count":14,"href":"http:\/\/www.ethique-rlaroche.philo-cvm.ca\/index.php?rest_route=\/wp\/v2\/pages\/4448\/revisions"}],"predecessor-version":[{"id":8869,"href":"http:\/\/www.ethique-rlaroche.philo-cvm.ca\/index.php?rest_route=\/wp\/v2\/pages\/4448\/revisions\/8869"}],"wp:featuredmedia":[{"embeddable":true,"href":"http:\/\/www.ethique-rlaroche.philo-cvm.ca\/index.php?rest_route=\/wp\/v2\/media\/4455"}],"wp:attachment":[{"href":"http:\/\/www.ethique-rlaroche.philo-cvm.ca\/index.php?rest_route=%2Fwp%2Fv2%2Fmedia&parent=4448"}],"curies":[{"name":"wp","href":"https:\/\/api.w.org\/{rel}","templated":true}]}}