{"id":4432,"date":"2020-09-05T14:00:16","date_gmt":"2020-09-05T14:00:16","guid":{"rendered":"https:\/\/ethique-rlaroche.profweb.ca\/?page_id=4432"},"modified":"2021-02-08T16:17:32","modified_gmt":"2021-02-08T16:17:32","slug":"h-c-lea-page-66-67","status":"publish","type":"page","link":"http:\/\/www.ethique-rlaroche.philo-cvm.ca\/?page_id=4432","title":{"rendered":"H.-C. L\u00c9A, pages 66-67"},"content":{"rendered":"\n<h4 class=\"wp-block-heading\">\u00abAu plus profonde de l&rsquo;incurable mis\u00e8re qui opprimait la masse du peuple, il y avait un sentiment continuel d&rsquo;inqui\u00e9tude, la conviction que l&rsquo;Ant\u00e9christ allait venir, que la fin du monde et le Jugement Dernier \u00e9taient proches. Dans la condition d\u00e9plorable de la soci\u00e9t\u00e9, d\u00e9chir\u00e9e par des guerres incessantes et meurtrie par les talons de fer de la f\u00e9odalit\u00e9, l&rsquo;homme du commun avait vraiment lieu de croire que le r\u00e8gne de l&rsquo;Ant\u00e9christ \u00e9tait imminent; il devait saluer avec joie tout changement de r\u00e9gime qui pouvait am\u00e9liorer sa condition, mais ne pouvait gu\u00e8re la rendre pire. En outre, le monde invisible, avec ses attractions myst\u00e9rieuses et l&rsquo;horrible fascination qu&rsquo;il exer\u00e7ait, \u00e9tait pr\u00e9sent comme une r\u00e9alit\u00e9 \u00e0 l&rsquo;esprit de tous. Les hommes se sentaient continuellement entour\u00e9s de d\u00e9mons, pr\u00eats \u00e0 les affliger de maladies, \u00e0 d\u00e9vaster leurs maigres champs de bl\u00e9 ou leurs vignobles, \u00e0 tromper leurs \u00e2mes pour les conduire \u00e0 la perdition; d&rsquo;autre part, chacun sentait \u00e0 c\u00f4t\u00e9 de lui des anges et des saints secourables, \u00e9coutant ses pri\u00e8res, interc\u00e9dant pour lui aupr\u00e8s du Tr\u00f4ne de la Gr\u00e2ce, auquel il n&rsquo;osait pas s&rsquo;adresser directement. C&rsquo;est parmi une population aussi impressionnable, aussi accessible aux \u00e9motions les plus violentes, aussi superstitieuse, s&rsquo;\u00e9veillant lentement \u00e0 l&rsquo;aurore du jour intellectuel, que l&rsquo;orthodoxie et l&rsquo;h\u00e9r\u00e9sie, c&rsquo;est-\u00e0-dire les forces conservatrices et progressives, allaient se livrer une bataille o\u00f9 ni l&rsquo;une ni l&rsquo;autre ne devait remporter une victoire d\u00e9finitive.\u00bb<\/h4>\n","protected":false},"excerpt":{"rendered":"<p>\u00abAu plus profonde de l&rsquo;incurable mis\u00e8re qui opprimait la masse du peuple, il y avait un sentiment continuel d&rsquo;inqui\u00e9tude, la conviction que l&rsquo;Ant\u00e9christ allait venir, &#8230;<\/p>\n","protected":false},"author":1,"featured_media":4434,"parent":0,"menu_order":0,"comment_status":"closed","ping_status":"closed","template":"","meta":{"footnotes":""},"class_list":["post-4432","page","type-page","status-publish","has-post-thumbnail","hentry"],"_links":{"self":[{"href":"http:\/\/www.ethique-rlaroche.philo-cvm.ca\/index.php?rest_route=\/wp\/v2\/pages\/4432","targetHints":{"allow":["GET"]}}],"collection":[{"href":"http:\/\/www.ethique-rlaroche.philo-cvm.ca\/index.php?rest_route=\/wp\/v2\/pages"}],"about":[{"href":"http:\/\/www.ethique-rlaroche.philo-cvm.ca\/index.php?rest_route=\/wp\/v2\/types\/page"}],"author":[{"embeddable":true,"href":"http:\/\/www.ethique-rlaroche.philo-cvm.ca\/index.php?rest_route=\/wp\/v2\/users\/1"}],"replies":[{"embeddable":true,"href":"http:\/\/www.ethique-rlaroche.philo-cvm.ca\/index.php?rest_route=%2Fwp%2Fv2%2Fcomments&post=4432"}],"version-history":[{"count":2,"href":"http:\/\/www.ethique-rlaroche.philo-cvm.ca\/index.php?rest_route=\/wp\/v2\/pages\/4432\/revisions"}],"predecessor-version":[{"id":4437,"href":"http:\/\/www.ethique-rlaroche.philo-cvm.ca\/index.php?rest_route=\/wp\/v2\/pages\/4432\/revisions\/4437"}],"wp:featuredmedia":[{"embeddable":true,"href":"http:\/\/www.ethique-rlaroche.philo-cvm.ca\/index.php?rest_route=\/wp\/v2\/media\/4434"}],"wp:attachment":[{"href":"http:\/\/www.ethique-rlaroche.philo-cvm.ca\/index.php?rest_route=%2Fwp%2Fv2%2Fmedia&parent=4432"}],"curies":[{"name":"wp","href":"https:\/\/api.w.org\/{rel}","templated":true}]}}