{"id":4301,"date":"2020-09-02T19:33:14","date_gmt":"2020-09-02T19:33:14","guid":{"rendered":"https:\/\/ethique-rlaroche.profweb.ca\/?page_id=4301"},"modified":"2020-09-18T11:07:30","modified_gmt":"2020-09-18T11:07:30","slug":"circe-et-medee","status":"publish","type":"page","link":"http:\/\/www.ethique-rlaroche.philo-cvm.ca\/?page_id=4301","title":{"rendered":"Circ\u00e9 et M\u00e9d\u00e9e ne sont pas des sorci\u00e8res"},"content":{"rendered":"\n<p>Circ\u00e9 est une magicienne fille du soleil elle a les caract\u00e9ristiques de la femme fatale o\u00f9 l&rsquo;amour se m\u00e9lange \u00e0 la magie. Il s&rsquo;agit d&rsquo;un personnage mythologique o\u00f9 l&rsquo;animalit\u00e9 est pr\u00e9sente. <\/p>\n\n\n\n<p>M\u00e9d\u00e9e est l&rsquo;\u00e9trang\u00e8re qui fait peur car elle apporte avec elle la magie. Elle est dangereuse et pr\u00eate \u00e0 tout. Elle tuera son fr\u00e8re pour prot\u00e9ger Jason. Quand celui-ci la trahit, elle assassine ses propres enfants. <\/p>\n\n\n\n<blockquote class=\"wp-block-quote is-layout-flow wp-block-quote-is-layout-flow\"><p>Magicienne est <a rel=\"noreferrer noopener\" href=\"https:\/\/journals.openedition.org\/etudesromanes\/4078\" target=\"_blank\">Circ\u00e9<\/a>, tout comme <a rel=\"noreferrer noopener\" href=\"https:\/\/www.cairn.info\/revue-interdisciplinaire-d-etudes-juridiques-2012-2-page-83.htm\" target=\"_blank\">M\u00e9d\u00e9e<\/a> aussi est magicienne. Et pourtant, doublement s\u0153urs, elles n\u2019en sont pas moins deux images oppos\u00e9es de la femme. \u00c0 l\u2019une appartient le charme, la douceur, la s\u00e9duction. \u00c0 l\u2019autre l\u2019intensit\u00e9 dramatique o\u00f9 puise la passion. L\u2019une peut conna\u00eetre la piti\u00e9 et se laisser fl\u00e9chir, l\u2019autre ne conna\u00eet que le d\u00e9sir aveugle et la vengeance dans laquelle la d\u00e9ception vient s\u2019abreuver de la haine qui l\u2019anime.<\/p><cite>Colette Arnould<\/cite><\/blockquote>\n\n\n\n<p>Cette mise en opposition est extr\u00eamement signifiante car deux repr\u00e9sentations mythologiques oppos\u00e9es de la femme seront rassembl\u00e9es sous la figure de la sorci\u00e8re. C&rsquo;est l&rsquo;essence m\u00eame du paradoxe que de faire tenir ensemble des sortes de contradictions. <\/p>\n\n\n\n<p>Peut-\u00eatre trouverez-vous la question suivante difficile mais essayez tout de m\u00eame d&rsquo;y r\u00e9fl\u00e9chir.<\/p>\n\n\n\n<ul class=\"wp-block-list\"><li>Voyez quelques d\u00e9finitions du mot \u00ab<a rel=\"noreferrer noopener\" href=\"https:\/\/www.cnrtl.fr\/definition\/paradoxe\" target=\"_blank\">paradoxe<\/a>\u00bb. <\/li><li>Formulez des hypoth\u00e8ses permettant d&rsquo;expliquer pourquoi la femme a pu \u00eatre enferm\u00e9e dans ce genre de rh\u00e9torique.<\/li><\/ul>\n\n\n\n<p>Dans le contexte des civilisations grecques et romaines Circ\u00e9 et M\u00e9d\u00e9e \u00e9taient des magiciennes, pas des sorci\u00e8res. C&rsquo;est dans le contexte de la religion chr\u00e9tienne que la figure de la sorci\u00e8re se d\u00e9finit telle que se la repr\u00e9senteront les inquisiteurs et la d\u00e9monologie. C&rsquo;est tout le rapport entre le jeu des repr\u00e9sentations et la transformation des institutions qui se dessinent ici. Un sujet vaste pouvant faire l&rsquo;objet de superbes enqu\u00eates concernant le passage du paganisme antique \u00e0 l&rsquo;\u00e9mergence de la religion chr\u00e9tienne. <\/p>\n\n\n\n<p>Nous pourrions parler ici de condition \u00e0 caract\u00e8re culturel.<\/p>\n","protected":false},"excerpt":{"rendered":"<p>Circ\u00e9 est une magicienne fille du soleil elle a les caract\u00e9ristiques de la femme fatale o\u00f9 l&rsquo;amour se m\u00e9lange \u00e0 la magie. Il s&rsquo;agit d&rsquo;un &#8230;<\/p>\n","protected":false},"author":1,"featured_media":4304,"parent":0,"menu_order":0,"comment_status":"open","ping_status":"closed","template":"","meta":{"footnotes":""},"class_list":["post-4301","page","type-page","status-publish","has-post-thumbnail","hentry"],"_links":{"self":[{"href":"http:\/\/www.ethique-rlaroche.philo-cvm.ca\/index.php?rest_route=\/wp\/v2\/pages\/4301","targetHints":{"allow":["GET"]}}],"collection":[{"href":"http:\/\/www.ethique-rlaroche.philo-cvm.ca\/index.php?rest_route=\/wp\/v2\/pages"}],"about":[{"href":"http:\/\/www.ethique-rlaroche.philo-cvm.ca\/index.php?rest_route=\/wp\/v2\/types\/page"}],"author":[{"embeddable":true,"href":"http:\/\/www.ethique-rlaroche.philo-cvm.ca\/index.php?rest_route=\/wp\/v2\/users\/1"}],"replies":[{"embeddable":true,"href":"http:\/\/www.ethique-rlaroche.philo-cvm.ca\/index.php?rest_route=%2Fwp%2Fv2%2Fcomments&post=4301"}],"version-history":[{"count":10,"href":"http:\/\/www.ethique-rlaroche.philo-cvm.ca\/index.php?rest_route=\/wp\/v2\/pages\/4301\/revisions"}],"predecessor-version":[{"id":4797,"href":"http:\/\/www.ethique-rlaroche.philo-cvm.ca\/index.php?rest_route=\/wp\/v2\/pages\/4301\/revisions\/4797"}],"wp:featuredmedia":[{"embeddable":true,"href":"http:\/\/www.ethique-rlaroche.philo-cvm.ca\/index.php?rest_route=\/wp\/v2\/media\/4304"}],"wp:attachment":[{"href":"http:\/\/www.ethique-rlaroche.philo-cvm.ca\/index.php?rest_route=%2Fwp%2Fv2%2Fmedia&parent=4301"}],"curies":[{"name":"wp","href":"https:\/\/api.w.org\/{rel}","templated":true}]}}