{"id":4256,"date":"2020-08-31T22:34:04","date_gmt":"2020-08-31T22:34:04","guid":{"rendered":"https:\/\/ethique-rlaroche.profweb.ca\/?page_id=4256"},"modified":"2021-02-08T16:12:38","modified_gmt":"2021-02-08T16:12:38","slug":"condition-institutionnelle","status":"publish","type":"page","link":"http:\/\/www.ethique-rlaroche.philo-cvm.ca\/?page_id=4256","title":{"rendered":"Condition \u00e0 caract\u00e8re institutionnel"},"content":{"rendered":"\n<p>Instituer consiste \u00e0 cr\u00e9er des pratiques et des habitudes sociales de mani\u00e8re durable. L&rsquo;<a href=\"https:\/\/www.lemonde.fr\/idees\/article\/2021\/01\/07\/le-feminisme-permet-de-renforcer-les-deux-piliers-liberal-et-democratique-de-nos-societes_6065437_3232.html\">institution<\/a> pourra \u00eatre fond\u00e9e sur des croyances, sur des lois, sur des besoins humains, des fantasmes ou des vis\u00e9es extr\u00eamement pratiques. <\/p>\n\n\n\n<p>Ce qui nous int\u00e9resse de mettre en lumi\u00e8re \u00e0 l&rsquo;aide du concept d&rsquo;institution, dans le contexte de la sorcellerie, c&rsquo;est le passage d&rsquo;un pur produit de l&rsquo;imagination vers la mise en place de pratiques devenant sociales et collectives. Nous int\u00e9resse aussi la relation de r\u00e9ciprocit\u00e9 qui s&rsquo;\u00e9tablira partant de cet imaginaire devenu commun vers ce que l&rsquo;individu croira et ressentira (pensez \u00e0 l&rsquo;exercice qui consistait \u00e0 croquer une pomme en imagination).<\/p>\n\n\n\n<p>Le probl\u00e8me de la repr\u00e9sentation permet de comprendre que nous avons tendance \u00e0 confondre le produit de notre imagination et la r\u00e9alit\u00e9. En ce sens, il est int\u00e9ressant de nous demander comment s&rsquo;effectue la r\u00e9alisation de ce qui appartient \u00e0 l&rsquo;imaginaire. Comment passe-t-on de r\u00e9cits comme celui du vol nocturne des sorci\u00e8res (par quoi nous imaginons que des femmes enfourchent un balai la nuit pour participer \u00e0 des orgies avec le diable au milieu de la for\u00eat) \u00e0 la mise en place de rituels magiques s&rsquo;inspirant du Sabbat. <\/p>\n\n\n\n<p>Pour le dire autrement, le probl\u00e8me relevant du concept d&rsquo;institution implique celui qui consiste \u00e0 croire en l&rsquo;existence de choses qui n&rsquo;existent pas mais aussi celui qui consiste \u00e0 r\u00e9aliser ce qui a \u00e9t\u00e9 imagin\u00e9.  Des sorci\u00e8res et des sorciers pratiquant la magie existent bel et bien, c&rsquo;est dans l&rsquo;ordre des faits. <\/p>\n\n\n\n<div class=\"wp-block-group has-background\" style=\"background-color:#f0c1e6\"><div class=\"wp-block-group__inner-container is-layout-flow wp-block-group-is-layout-flow\">\n<p><strong>Faites une recherche sur Internet afin d&rsquo;explorer l&rsquo;univers des associations de sorci\u00e8res, les boutiques d\u00e9di\u00e9es \u00e0 la magie, les offres de service en tout genre impliquant le spiritisme, les potions magiques etc. etc. etc. pour ne pas dire abracadabra!<\/strong><\/p>\n\n\n\n<ul class=\"wp-block-list\"><li>Quelle est la fonction de ces institutions?<\/li><li>Quelles en sont les cons\u00e9quences dans l&rsquo;espace public?<\/li><\/ul>\n<\/div><\/div>\n","protected":false},"excerpt":{"rendered":"<p>Instituer consiste \u00e0 cr\u00e9er des pratiques et des habitudes sociales de mani\u00e8re durable. L&rsquo;institution pourra \u00eatre fond\u00e9e sur des croyances, sur des lois, sur des &#8230;<\/p>\n","protected":false},"author":1,"featured_media":4259,"parent":0,"menu_order":0,"comment_status":"open","ping_status":"closed","template":"","meta":{"footnotes":""},"class_list":["post-4256","page","type-page","status-publish","has-post-thumbnail","hentry"],"_links":{"self":[{"href":"http:\/\/www.ethique-rlaroche.philo-cvm.ca\/index.php?rest_route=\/wp\/v2\/pages\/4256","targetHints":{"allow":["GET"]}}],"collection":[{"href":"http:\/\/www.ethique-rlaroche.philo-cvm.ca\/index.php?rest_route=\/wp\/v2\/pages"}],"about":[{"href":"http:\/\/www.ethique-rlaroche.philo-cvm.ca\/index.php?rest_route=\/wp\/v2\/types\/page"}],"author":[{"embeddable":true,"href":"http:\/\/www.ethique-rlaroche.philo-cvm.ca\/index.php?rest_route=\/wp\/v2\/users\/1"}],"replies":[{"embeddable":true,"href":"http:\/\/www.ethique-rlaroche.philo-cvm.ca\/index.php?rest_route=%2Fwp%2Fv2%2Fcomments&post=4256"}],"version-history":[{"count":14,"href":"http:\/\/www.ethique-rlaroche.philo-cvm.ca\/index.php?rest_route=\/wp\/v2\/pages\/4256\/revisions"}],"predecessor-version":[{"id":8866,"href":"http:\/\/www.ethique-rlaroche.philo-cvm.ca\/index.php?rest_route=\/wp\/v2\/pages\/4256\/revisions\/8866"}],"wp:featuredmedia":[{"embeddable":true,"href":"http:\/\/www.ethique-rlaroche.philo-cvm.ca\/index.php?rest_route=\/wp\/v2\/media\/4259"}],"wp:attachment":[{"href":"http:\/\/www.ethique-rlaroche.philo-cvm.ca\/index.php?rest_route=%2Fwp%2Fv2%2Fmedia&parent=4256"}],"curies":[{"name":"wp","href":"https:\/\/api.w.org\/{rel}","templated":true}]}}