{"id":4054,"date":"2020-08-27T12:53:45","date_gmt":"2020-08-27T12:53:45","guid":{"rendered":"https:\/\/ethique-rlaroche.profweb.ca\/?page_id=4054"},"modified":"2024-01-18T14:57:49","modified_gmt":"2024-01-18T14:57:49","slug":"informations-importantes","status":"publish","type":"page","link":"http:\/\/www.ethique-rlaroche.philo-cvm.ca\/?page_id=4054","title":{"rendered":"Informations importantes"},"content":{"rendered":"\n<h4 class=\"wp-block-heading\">Proc\u00e9dure d\u2019enregistrement sur le site internet<\/h4>\n\n\n\n<ol class=\"wp-block-list\">\n<li>Vous devez faire parvenir votre adresse courriel du coll\u00e8ge par MIO afin que nous puissions vous ajouter aux utilisateurs du site.<\/li>\n\n\n\n<li>Dans la r\u00e9ponse \u00e0 votre MIO, vous trouverez un \u00abIDENTIFIANT\u00bb ainsi qu\u2019un \u00abMOT DE PASSE\u00bb.<\/li>\n\n\n\n<li>En cliquant sur l\u2019onglet \u00abCONNEXION\u00bb situ\u00e9 dans la section \u00abM\u00c9TA\u00bb du pied de page vous aurez acc\u00e8s \u00e0 une fen\u00eatre permettant de cr\u00e9er des articles et naviguer sur le site \u00e0 l&rsquo;aide du tableau de bord. <\/li>\n<\/ol>\n\n\n\n<h4 class=\"wp-block-heading\">Modification de votre profil<\/h4>\n\n\n\n<ol class=\"wp-block-list\">\n<li>Sous l\u2019onglet salutations dans la barre d\u2019outils en haut \u00e0 droite cliquer sur \u00abMODIFIER LE PROFIL\u00bb.<\/li>\n\n\n\n<li>D\u00e9finissez le nom que vous d\u00e9sirez voir appara\u00eetre publiquement, ce nom peut \u00eatre un pseudonyme, si vous pr\u00e9f\u00e9rez publier sur le site en gardant l\u2019anonymat (recommand\u00e9).<\/li>\n\n\n\n<li>Changer votre mot de passe afin de le simplifier car celui g\u00e9n\u00e9r\u00e9 par le site ne se m\u00e9morise pas ais\u00e9ment.<\/li>\n<\/ol>\n\n\n\n<h4 class=\"wp-block-heading\">Cr\u00e9ation d\u2019articles<\/h4>\n\n\n\n<ol class=\"wp-block-list\">\n<li>Sous l\u2019onglet \u00abCr\u00e9er\u00bb dans la barre d\u2019outils ou \u00abArticles et ajouter\u00bb via le tableau de bord vous pourrez avoir acc\u00e8s \u00e0 une page dans laquelle r\u00e9diger vos travaux. (Noter que cette page est compatible avec Word.)<\/li>\n\n\n\n<li>Sous l\u2019onglet \u00abDocument\u00bb d\u00e9finissez l\u2019\u00e9tat et la visibilit\u00e9 de votre article en s\u00e9lectionnant le mode \u00abPriv\u00e9\u00bb ou \u00abPublic\u00bb en fonction du travail demand\u00e9. <\/li>\n\n\n\n<li>Cat\u00e9goriser votre article dans le bon \u00abgroupe classe\u00bb et\/ou la \u00abcat\u00e9gorie\u00bb appropri\u00e9e \u00e0 l\u2019objectif du travail.<\/li>\n\n\n\n<li>Mettre une image de l\u2019avant.<\/li>\n\n\n\n<li>Publier.<\/li>\n<\/ol>\n\n\n\n<h4 class=\"wp-block-heading\">\u00c9thique de la collaboration<\/h4>\n\n\n\n<p>Le site internet sert \u00e0 d\u00e9velopper de nouvelles mani\u00e8res de collaborer afin de nous enrichir les uns et les autres et favoriser l\u2019entraide qui caract\u00e9rise une dynamique de cours lorsque nous sommes rassembl\u00e9s dans une m\u00eame classe.<\/p>\n\n\n\n<p>Afin d\u2019aller dans ce sens vous devrez :<\/p>\n\n\n\n<ul class=\"wp-block-list\">\n<li>participer au d\u00e9veloppement de la r\u00e9flexion sur le site internet en utilisant les fen\u00eatres de commentaires. Vous pourrez y poser des questions susceptibles d\u2019aider les autres \u00e0 mieux comprendre ou lancer des discussions.<\/li>\n\n\n\n<li>publier vos propres enqu\u00eates permettant de v\u00e9rifier si la mati\u00e8re \u00e0 l\u2019\u00e9tude pendant chacune des \u00e9tapes a \u00e9t\u00e9 comprise par tous les participants du cours.<\/li>\n<\/ul>\n","protected":false},"excerpt":{"rendered":"<p>Proc\u00e9dure d\u2019enregistrement sur le site internet Modification de votre profil Cr\u00e9ation d\u2019articles \u00c9thique de la collaboration Le site internet sert \u00e0 d\u00e9velopper de nouvelles mani\u00e8res &#8230;<\/p>\n","protected":false},"author":1,"featured_media":32387,"parent":0,"menu_order":0,"comment_status":"closed","ping_status":"closed","template":"","meta":{"footnotes":""},"class_list":["post-4054","page","type-page","status-publish","has-post-thumbnail","hentry"],"_links":{"self":[{"href":"http:\/\/www.ethique-rlaroche.philo-cvm.ca\/index.php?rest_route=\/wp\/v2\/pages\/4054","targetHints":{"allow":["GET"]}}],"collection":[{"href":"http:\/\/www.ethique-rlaroche.philo-cvm.ca\/index.php?rest_route=\/wp\/v2\/pages"}],"about":[{"href":"http:\/\/www.ethique-rlaroche.philo-cvm.ca\/index.php?rest_route=\/wp\/v2\/types\/page"}],"author":[{"embeddable":true,"href":"http:\/\/www.ethique-rlaroche.philo-cvm.ca\/index.php?rest_route=\/wp\/v2\/users\/1"}],"replies":[{"embeddable":true,"href":"http:\/\/www.ethique-rlaroche.philo-cvm.ca\/index.php?rest_route=%2Fwp%2Fv2%2Fcomments&post=4054"}],"version-history":[{"count":8,"href":"http:\/\/www.ethique-rlaroche.philo-cvm.ca\/index.php?rest_route=\/wp\/v2\/pages\/4054\/revisions"}],"predecessor-version":[{"id":32510,"href":"http:\/\/www.ethique-rlaroche.philo-cvm.ca\/index.php?rest_route=\/wp\/v2\/pages\/4054\/revisions\/32510"}],"wp:featuredmedia":[{"embeddable":true,"href":"http:\/\/www.ethique-rlaroche.philo-cvm.ca\/index.php?rest_route=\/wp\/v2\/media\/32387"}],"wp:attachment":[{"href":"http:\/\/www.ethique-rlaroche.philo-cvm.ca\/index.php?rest_route=%2Fwp%2Fv2%2Fmedia&parent=4054"}],"curies":[{"name":"wp","href":"https:\/\/api.w.org\/{rel}","templated":true}]}}