{"id":3898,"date":"2020-04-21T16:22:00","date_gmt":"2020-04-21T16:22:00","guid":{"rendered":"https:\/\/ethique-rlaroche.profweb.ca\/?page_id=3898"},"modified":"2023-10-24T21:21:40","modified_gmt":"2023-10-24T21:21:40","slug":"la-resistance-demande-du-temps","status":"publish","type":"page","link":"http:\/\/www.ethique-rlaroche.philo-cvm.ca\/?page_id=3898","title":{"rendered":"La r\u00e9sistance demande du temps"},"content":{"rendered":"\n<h3 class=\"wp-block-heading\">Le\u00e7on 4<\/h3>\n\n\n\n<p>L\u2019acte infrapolitique est celui qui ne peut \u00eatre r\u00e9v\u00e9l\u00e9, souvent parce que les acteurs sont soumis \u00e0 des r\u00e9gimes autoritaires o\u00f9 leurs agissements peuvent avoir des cons\u00e9quences fatales pour eux ou leurs familles.<\/p>\n\n\n\n<p>Vous connaissez certainement l&rsquo;histoire entourant le groupe NWA qui contreviendra \u00e0 l&rsquo;injonction d&rsquo;un tribunal ayant pour but de les emp\u00eacher de chanter : <em><a rel=\"noreferrer noopener\" href=\"https:\/\/www.lacoccinelle.net\/248261.html\" target=\"_blank\">Fuck the police<\/a><\/em>.  Sachant que l&rsquo;ironie est un masque comment comprenez-vous le texte de la chanson.<\/p>\n\n\n\n<p>Ice Cube qui reprend l&rsquo;\u00e9v\u00e9nement, mise en sc\u00e8ne ou r\u00e9alit\u00e9? Comment interpr\u00e9ter le tout \u00e0 la lumi\u00e8re de la th\u00e9orie de James C. Scott.<\/p>\n\n\n\n<figure class=\"wp-block-embed is-type-video is-provider-youtube wp-block-embed-youtube wp-embed-aspect-4-3 wp-has-aspect-ratio\"><div class=\"wp-block-embed__wrapper\">\n<iframe loading=\"lazy\" title=\"ice cube - fuck the police (live)\" width=\"525\" height=\"394\" src=\"https:\/\/www.youtube.com\/embed\/2tlW7lODQsc?feature=oembed\" frameborder=\"0\" allow=\"accelerometer; autoplay; clipboard-write; encrypted-media; gyroscope; picture-in-picture; web-share\" referrerpolicy=\"strict-origin-when-cross-origin\" allowfullscreen><\/iframe>\n<\/div><\/figure>\n\n\n\n<p>Au del\u00e0 de cette derni\u00e8re prestation, qu&rsquo;est-ce qui aura rendu possible la confrontation directe? La question est loin d&rsquo;\u00eatre \u00e9vidente car toute cette violence est si troublante qu&rsquo;elle occulte la v\u00e9rit\u00e9. <\/p>\n\n\n\n<p>La r\u00e9flexion aussi demande du temps.<\/p>\n","protected":false},"excerpt":{"rendered":"<p>Le\u00e7on 4 L\u2019acte infrapolitique est celui qui ne peut \u00eatre r\u00e9v\u00e9l\u00e9, souvent parce que les acteurs sont soumis \u00e0 des r\u00e9gimes autoritaires o\u00f9 leurs agissements &#8230;<\/p>\n","protected":false},"author":1,"featured_media":5293,"parent":0,"menu_order":0,"comment_status":"open","ping_status":"closed","template":"","meta":{"footnotes":""},"class_list":["post-3898","page","type-page","status-publish","has-post-thumbnail","hentry"],"_links":{"self":[{"href":"http:\/\/www.ethique-rlaroche.philo-cvm.ca\/index.php?rest_route=\/wp\/v2\/pages\/3898","targetHints":{"allow":["GET"]}}],"collection":[{"href":"http:\/\/www.ethique-rlaroche.philo-cvm.ca\/index.php?rest_route=\/wp\/v2\/pages"}],"about":[{"href":"http:\/\/www.ethique-rlaroche.philo-cvm.ca\/index.php?rest_route=\/wp\/v2\/types\/page"}],"author":[{"embeddable":true,"href":"http:\/\/www.ethique-rlaroche.philo-cvm.ca\/index.php?rest_route=\/wp\/v2\/users\/1"}],"replies":[{"embeddable":true,"href":"http:\/\/www.ethique-rlaroche.philo-cvm.ca\/index.php?rest_route=%2Fwp%2Fv2%2Fcomments&post=3898"}],"version-history":[{"count":15,"href":"http:\/\/www.ethique-rlaroche.philo-cvm.ca\/index.php?rest_route=\/wp\/v2\/pages\/3898\/revisions"}],"predecessor-version":[{"id":30416,"href":"http:\/\/www.ethique-rlaroche.philo-cvm.ca\/index.php?rest_route=\/wp\/v2\/pages\/3898\/revisions\/30416"}],"wp:featuredmedia":[{"embeddable":true,"href":"http:\/\/www.ethique-rlaroche.philo-cvm.ca\/index.php?rest_route=\/wp\/v2\/media\/5293"}],"wp:attachment":[{"href":"http:\/\/www.ethique-rlaroche.philo-cvm.ca\/index.php?rest_route=%2Fwp%2Fv2%2Fmedia&parent=3898"}],"curies":[{"name":"wp","href":"https:\/\/api.w.org\/{rel}","templated":true}]}}