{"id":3829,"date":"2020-04-16T16:34:10","date_gmt":"2020-04-16T16:34:10","guid":{"rendered":"https:\/\/ethique-rlaroche.profweb.ca\/?page_id=3829"},"modified":"2020-09-24T20:36:54","modified_gmt":"2020-09-24T20:36:54","slug":"la-forme-masquee-du-discours-des-domines","status":"publish","type":"page","link":"http:\/\/www.ethique-rlaroche.philo-cvm.ca\/?page_id=3829","title":{"rendered":"La forme masqu\u00e9e du discours des domin\u00e9s"},"content":{"rendered":"\n<h3 class=\"wp-block-heading\">Le\u00e7on 3<\/h3>\n\n\n\n<p>La diversit\u00e9 des motivations et des formes d\u2019organisation, que nous avons pu constater jusqu&rsquo;\u00e0 pr\u00e9sent dans le contexte du Hip Hop, montre bien qu&rsquo;elle rend les gens plus difficilement contr\u00f4lables.<\/p>\n\n\n\n<p>Allant plus loin Scott pr\u00e9tend que parfois le discours cach\u00e9 des groupes domin\u00e9s s\u2019exprime publiquement sous forme masqu\u00e9e, par l\u2019art, permettant une critique du pouvoir anonyme et inoffensive en son \u00e9tat.<\/p>\n\n\n\n<p>M\u00eame si d\u2019autres proc\u00e9dures sociales quotidiennes peuvent intervenir pour parvenir au m\u00eame r\u00e9sultat, Scott focalisant sur la \u00abperformance\u00bb, l\u2019art manifeste distinctement&nbsp; la dimension \u00abstrat\u00e9gique\u00bb de certaines situations \u2014 o\u00f9 une m\u00e9prise des acteurs sociaux entre eux peut engendrer des effets de r\u00e9ciprocit\u00e9s positifs ou n\u00e9gatifs.<\/p>\n\n\n\n<p>Poursuivons notre analyse. Voyez <em>Work It<\/em> de Missy Elliot, v\u00e9ritable oeuvre d&rsquo;art, performance s&rsquo;il en est de cette fabuleuse artiste. Ici encore l&rsquo;espace public n&rsquo;est plus le m\u00eame mais surtout le rapport de domination lui-m\u00eame est complexifi\u00e9: <\/p>\n\n\n\n<figure class=\"wp-block-embed-youtube wp-block-embed is-type-video is-provider-youtube wp-embed-aspect-16-9 wp-has-aspect-ratio\"><div class=\"wp-block-embed__wrapper\">\n<iframe loading=\"lazy\" title=\"Missy Elliott - Work It [Official Music Video]\" width=\"525\" height=\"295\" src=\"https:\/\/www.youtube.com\/embed\/cjIvu7e6Wq8?feature=oembed\" frameborder=\"0\" allow=\"accelerometer; autoplay; clipboard-write; encrypted-media; gyroscope; picture-in-picture; web-share\" referrerpolicy=\"strict-origin-when-cross-origin\" allowfullscreen><\/iframe>\n<\/div><\/figure>\n\n\n\n<p>Nuancez votre analyse en interpr\u00e9tant la chanson de Missy Elliot dont vous pouvez trouver la traduction ici : <a rel=\"noreferrer noopener\" href=\"https:\/\/www.lacoccinelle.net\/242773.html\" target=\"_blank\">Work It<\/a>.<\/p>\n\n\n\n<p>Attention \u00e0 la suite! Cette nouvelle performance est renversante: <\/p>\n\n\n\n<figure class=\"wp-block-embed-youtube wp-block-embed is-type-video is-provider-youtube wp-embed-aspect-4-3 wp-has-aspect-ratio\"><div class=\"wp-block-embed__wrapper\">\n<iframe loading=\"lazy\" title=\"La &quot;soeur blanche&quot; de Missy Elliott reprend &quot;Work It&quot; \u00e0 la perfection\" width=\"525\" height=\"295\" src=\"https:\/\/www.youtube.com\/embed\/ZLvcKcZ3p68?start=136&#038;feature=oembed\" frameborder=\"0\" allow=\"accelerometer; autoplay; clipboard-write; encrypted-media; gyroscope; picture-in-picture; web-share\" referrerpolicy=\"strict-origin-when-cross-origin\" allowfullscreen><\/iframe>\n<\/div><\/figure>\n\n\n\n<p>Que vient-il de se passer? N&rsquo;y aurait-il pas diversit\u00e9s des motivations et des formes d&rsquo;organisation? <\/p>\n\n\n\n<figure class=\"wp-block-embed-youtube wp-block-embed is-type-video is-provider-youtube wp-embed-aspect-16-9 wp-has-aspect-ratio\"><div class=\"wp-block-embed__wrapper\">\n<iframe loading=\"lazy\" title=\"Missy Elliott Shocks Viral Video Star Mary Halsey\" width=\"525\" height=\"295\" src=\"https:\/\/www.youtube.com\/embed\/XD_Jgljk92g?feature=oembed\" frameborder=\"0\" allow=\"accelerometer; autoplay; clipboard-write; encrypted-media; gyroscope; picture-in-picture; web-share\" referrerpolicy=\"strict-origin-when-cross-origin\" allowfullscreen><\/iframe>\n<\/div><\/figure>\n\n\n\n<p>Commencez-vous \u00e0 saisir comment se passe le message et s&rsquo;organise la r\u00e9sistance gr\u00e2ce au texte cach\u00e9? Voyez-vous comment ce qui \u00e9tait contest\u00e9 sous sa forme masqu\u00e9e devient de plus en plus explicite et rassembleur.<\/p>\n\n\n\n<p><\/p>\n","protected":false},"excerpt":{"rendered":"<p>Le\u00e7on 3 La diversit\u00e9 des motivations et des formes d\u2019organisation, que nous avons pu constater jusqu&rsquo;\u00e0 pr\u00e9sent dans le contexte du Hip Hop, montre bien &#8230;<\/p>\n","protected":false},"author":1,"featured_media":5043,"parent":0,"menu_order":0,"comment_status":"open","ping_status":"closed","template":"","meta":{"footnotes":""},"class_list":["post-3829","page","type-page","status-publish","has-post-thumbnail","hentry"],"_links":{"self":[{"href":"http:\/\/www.ethique-rlaroche.philo-cvm.ca\/index.php?rest_route=\/wp\/v2\/pages\/3829","targetHints":{"allow":["GET"]}}],"collection":[{"href":"http:\/\/www.ethique-rlaroche.philo-cvm.ca\/index.php?rest_route=\/wp\/v2\/pages"}],"about":[{"href":"http:\/\/www.ethique-rlaroche.philo-cvm.ca\/index.php?rest_route=\/wp\/v2\/types\/page"}],"author":[{"embeddable":true,"href":"http:\/\/www.ethique-rlaroche.philo-cvm.ca\/index.php?rest_route=\/wp\/v2\/users\/1"}],"replies":[{"embeddable":true,"href":"http:\/\/www.ethique-rlaroche.philo-cvm.ca\/index.php?rest_route=%2Fwp%2Fv2%2Fcomments&post=3829"}],"version-history":[{"count":7,"href":"http:\/\/www.ethique-rlaroche.philo-cvm.ca\/index.php?rest_route=\/wp\/v2\/pages\/3829\/revisions"}],"predecessor-version":[{"id":5041,"href":"http:\/\/www.ethique-rlaroche.philo-cvm.ca\/index.php?rest_route=\/wp\/v2\/pages\/3829\/revisions\/5041"}],"wp:featuredmedia":[{"embeddable":true,"href":"http:\/\/www.ethique-rlaroche.philo-cvm.ca\/index.php?rest_route=\/wp\/v2\/media\/5043"}],"wp:attachment":[{"href":"http:\/\/www.ethique-rlaroche.philo-cvm.ca\/index.php?rest_route=%2Fwp%2Fv2%2Fmedia&parent=3829"}],"curies":[{"name":"wp","href":"https:\/\/api.w.org\/{rel}","templated":true}]}}