{"id":3820,"date":"2020-04-16T15:49:27","date_gmt":"2020-04-16T15:49:27","guid":{"rendered":"https:\/\/ethique-rlaroche.profweb.ca\/?page_id=3820"},"modified":"2023-10-24T21:14:26","modified_gmt":"2023-10-24T21:14:26","slug":"du-texte-cache-au-texte-public-2","status":"publish","type":"page","link":"http:\/\/www.ethique-rlaroche.philo-cvm.ca\/?page_id=3820","title":{"rendered":"Du \u00abtexte cach\u00e9\u00bb au \u00abtexte public\u00bb"},"content":{"rendered":"\n<h3 class=\"wp-block-heading\">Le\u00e7on 2<\/h3>\n\n\n\n<p>Pour comprendre ce qui suit prenez soin de lire ou relire le texte de Scott intitul\u00e9: <a rel=\"noreferrer noopener\" href=\"http:\/\/www.philo-cvm.ca\/?page_id=886\" target=\"_blank\">La domination et les arts de la r\u00e9sistance<\/a>.<\/p>\n\n\n\n<p>L\u2019analyse des discours \u00abpublic\u00bb et \u00abcach\u00e9\u00bb des dominants et des domin\u00e9s r\u00e9v\u00e8le des contradictions, des tensions et des possibilit\u00e9s imminentes li\u00e9es aux interactions de ces groupes. Pour James C. Scott rien de moins qu\u2019une nouvelle mani\u00e8re de \u00abcomprendre la r\u00e9sistance \u00e0 la domination\u00bb devient possible.<\/p>\n\n\n\n<p>On peut&nbsp; penser l\u2019oeuvre de Scott en tant qu\u2019un projet sociologique, proposant des outils d\u2019analyse de d\u00e9codage des discours publics et cach\u00e9s, reconnut par chaque c\u00f4t\u00e9 d\u2019une division du pouvoir, permettant ainsi l\u2019acc\u00e8s aux modes de r\u00e9sistance au pouvoir.<\/p>\n\n\n\n<p>Comprenez que le texte public repr\u00e9sente ce que les domin\u00e9s disent en pr\u00e9sence des dominants mais aussi ce que les dominants disent en pr\u00e9sence des domin\u00e9s. Or ce texte n&rsquo;est pas le m\u00eame que ce que les dominants disent entre eux ainsi que ce que les domin\u00e9s se disent en l&rsquo;absence des dominants; c&rsquo;est en ce sens que le texte est cach\u00e9. <\/p>\n\n\n\n<p>Cette th\u00e9orie s&rsquo;applique-t-elle \u00e0 l&rsquo;univers du Hip Hop?<\/p>\n\n\n\n<p>Voyez la vid\u00e9o suivante pr\u00e9sentant un rap battle de rue (ou Dozen) et faites-en l&rsquo;analyse \u00e0 l&rsquo;aide de la conception de notre auteur mais attention le niveau de langage peut d\u00e9ranger&#8230; <\/p>\n\n\n\n<figure class=\"wp-block-embed is-type-video is-provider-youtube wp-block-embed-youtube wp-embed-aspect-4-3 wp-has-aspect-ratio\"><div class=\"wp-block-embed__wrapper\">\n<iframe loading=\"lazy\" title=\"old rap battle\" width=\"525\" height=\"394\" src=\"https:\/\/www.youtube.com\/embed\/5eLCYjXCl9Y?feature=oembed\" frameborder=\"0\" allow=\"accelerometer; autoplay; clipboard-write; encrypted-media; gyroscope; picture-in-picture; web-share\" referrerpolicy=\"strict-origin-when-cross-origin\" allowfullscreen><\/iframe>\n<\/div><\/figure>\n\n\n\n<p>Que remarquez-vous? Que dit le texte de James C. Scott au sujet de cette confrontation?<\/p>\n\n\n\n<p>Voyez maintenant cet autre rap battle impliquant le c\u00e9l\u00e8bre animateur de show t\u00e9l\u00e9vis\u00e9 James Cordon et l&rsquo;un des plus important rappeurs de l&rsquo;histoire M\u00e9thod Man, rien de moins: <\/p>\n\n\n\n<figure class=\"wp-block-embed is-type-video is-provider-youtube wp-block-embed-youtube wp-embed-aspect-4-3 wp-has-aspect-ratio\"><div class=\"wp-block-embed__wrapper\">\n<iframe loading=\"lazy\" title=\"Method Man battling James Corden \ud83d\ude02 James Corden, still better than these mumble rappers\" width=\"525\" height=\"394\" src=\"https:\/\/www.youtube.com\/embed\/Ay7QeEKbk7w?feature=oembed\" frameborder=\"0\" allow=\"accelerometer; autoplay; clipboard-write; encrypted-media; gyroscope; picture-in-picture; web-share\" referrerpolicy=\"strict-origin-when-cross-origin\" allowfullscreen><\/iframe>\n<\/div><\/figure>\n\n\n\n<p>Refaite votre analyse. L&rsquo;espace public est-il le m\u00eame? <\/p>\n\n\n\n<p>Wild \u2018N Out\u2019s Hottest Wildstyle Battles ??<\/p>\n\n\n\n<figure class=\"wp-block-embed is-type-video is-provider-youtube wp-block-embed-youtube wp-embed-aspect-16-9 wp-has-aspect-ratio\"><div class=\"wp-block-embed__wrapper\">\n<iframe loading=\"lazy\" title=\"Wild \u2018N Out\u2019s Hottest Wildstyle Battles  \ud83e\udd75\ud83d\udd25\" width=\"525\" height=\"295\" src=\"https:\/\/www.youtube.com\/embed\/y54463Ug4Cs?feature=oembed\" frameborder=\"0\" allow=\"accelerometer; autoplay; clipboard-write; encrypted-media; gyroscope; picture-in-picture; web-share\" referrerpolicy=\"strict-origin-when-cross-origin\" allowfullscreen><\/iframe>\n<\/div><\/figure>\n","protected":false},"excerpt":{"rendered":"<p>Le\u00e7on 2 Pour comprendre ce qui suit prenez soin de lire ou relire le texte de Scott intitul\u00e9: La domination et les arts de la &#8230;<\/p>\n","protected":false},"author":1,"featured_media":5038,"parent":0,"menu_order":0,"comment_status":"open","ping_status":"closed","template":"","meta":{"footnotes":""},"class_list":["post-3820","page","type-page","status-publish","has-post-thumbnail","hentry"],"_links":{"self":[{"href":"http:\/\/www.ethique-rlaroche.philo-cvm.ca\/index.php?rest_route=\/wp\/v2\/pages\/3820","targetHints":{"allow":["GET"]}}],"collection":[{"href":"http:\/\/www.ethique-rlaroche.philo-cvm.ca\/index.php?rest_route=\/wp\/v2\/pages"}],"about":[{"href":"http:\/\/www.ethique-rlaroche.philo-cvm.ca\/index.php?rest_route=\/wp\/v2\/types\/page"}],"author":[{"embeddable":true,"href":"http:\/\/www.ethique-rlaroche.philo-cvm.ca\/index.php?rest_route=\/wp\/v2\/users\/1"}],"replies":[{"embeddable":true,"href":"http:\/\/www.ethique-rlaroche.philo-cvm.ca\/index.php?rest_route=%2Fwp%2Fv2%2Fcomments&post=3820"}],"version-history":[{"count":9,"href":"http:\/\/www.ethique-rlaroche.philo-cvm.ca\/index.php?rest_route=\/wp\/v2\/pages\/3820\/revisions"}],"predecessor-version":[{"id":30414,"href":"http:\/\/www.ethique-rlaroche.philo-cvm.ca\/index.php?rest_route=\/wp\/v2\/pages\/3820\/revisions\/30414"}],"wp:featuredmedia":[{"embeddable":true,"href":"http:\/\/www.ethique-rlaroche.philo-cvm.ca\/index.php?rest_route=\/wp\/v2\/media\/5038"}],"wp:attachment":[{"href":"http:\/\/www.ethique-rlaroche.philo-cvm.ca\/index.php?rest_route=%2Fwp%2Fv2%2Fmedia&parent=3820"}],"curies":[{"name":"wp","href":"https:\/\/api.w.org\/{rel}","templated":true}]}}