{"id":3796,"date":"2020-04-15T13:55:53","date_gmt":"2020-04-15T13:55:53","guid":{"rendered":"https:\/\/ethique-rlaroche.profweb.ca\/?page_id=3796"},"modified":"2020-09-24T20:23:28","modified_gmt":"2020-09-24T20:23:28","slug":"du-texte-cache-au-texte-public","status":"publish","type":"page","link":"http:\/\/www.ethique-rlaroche.philo-cvm.ca\/?page_id=3796","title":{"rendered":"Politique souterraine et r\u00e9sistance"},"content":{"rendered":"\n<h3 class=\"wp-block-heading\">Le\u00e7on 1<\/h3>\n\n\n\n<p>Dans l\u2019ensemble Scott s\u2019int\u00e9resse aux modes de discours employ\u00e9s conjointement de mani\u00e8re \u00abpublic\u00bb et \u00abcach\u00e9\u00bb entre des groupes poss\u00e9dant des pouvoirs de domination sociale et des individus ou groupes sous domination sociale, politique et \u00e9conomique. De mani\u00e8re plus pr\u00e9cise, Scott enqu\u00eate sur la politique souterraine des domin\u00e9s \u2014 ce qu\u2019il nomme \u00abl\u2019infrapolitique des domin\u00e9s\u00bb.<\/p>\n\n\n\n<p>La question qui nous int\u00e9resse \u00e0 ce sujet consiste \u00e0 essayer de comprendre ce ph\u00e9nom\u00e8ne en fonction des rapports de force exprimant la domination d&rsquo;un groupe sur un autre. En fait, il s&rsquo;agit d&rsquo;arriver \u00e0 comprendre comment un groupe domin\u00e9 socialement, impuissant \u00e0 contester le pouvoir ouvertement sans subir la violence meurtri\u00e8re qui en d\u00e9coule, peut r\u00e9sister. <\/p>\n\n\n\n<p>Le Hip Hop pr\u00e9sente de multiples exemples de ce processus de r\u00e9sistance. Commen\u00e7ons par \u00e9couter la vid\u00e9o de Public Enemy intitul\u00e9 : Fight the power. <\/p>\n\n\n\n<figure class=\"wp-block-embed-youtube wp-block-embed is-type-video is-provider-youtube wp-embed-aspect-4-3 wp-has-aspect-ratio\"><div class=\"wp-block-embed__wrapper\">\n<iframe loading=\"lazy\" title=\"Public Enemy - Fight The Power (Official Music Video)\" width=\"525\" height=\"295\" src=\"https:\/\/www.youtube.com\/embed\/mmo3HFa2vjg?feature=oembed\" frameborder=\"0\" allow=\"accelerometer; autoplay; clipboard-write; encrypted-media; gyroscope; picture-in-picture; web-share\" referrerpolicy=\"strict-origin-when-cross-origin\" allowfullscreen><\/iframe>\n<\/div><\/figure>\n\n\n\n<p>Cette vid\u00e9o est extr\u00eamement int\u00e9ressante car elle r\u00e9sume l&rsquo;histoire de la lutte pour les droits civiques tout en maintenant les caract\u00e9ristiques de ce que James C. Scott pr\u00e9sentera comme une forme de th\u00e9\u00e2tralisation dans l&rsquo;espace public des rapports entre dominants et domin\u00e9s.<\/p>\n\n\n\n<p>R\u00c9FLEXION:<\/p>\n\n\n\n<p>Prenez soin de situer <em>Fight the power<\/em> dans le temps. Demandez vous  pourquoi nous demeurons dans le domaine de la repr\u00e9sentation? \u00c0 quoi servent les d\u00e9guisements et l&rsquo;anonymat? Essayez de saisir en quoi la contestation du pouvoir n&rsquo;est pas compl\u00e8tement ouverte et directe bien qu&rsquo;elle soit explicite. <\/p>\n\n\n\n<p><\/p>\n","protected":false},"excerpt":{"rendered":"<p>Le\u00e7on 1 Dans l\u2019ensemble Scott s\u2019int\u00e9resse aux modes de discours employ\u00e9s conjointement de mani\u00e8re \u00abpublic\u00bb et \u00abcach\u00e9\u00bb entre des groupes poss\u00e9dant des pouvoirs de domination &#8230;<\/p>\n","protected":false},"author":1,"featured_media":5035,"parent":0,"menu_order":0,"comment_status":"open","ping_status":"closed","template":"","meta":{"footnotes":""},"class_list":["post-3796","page","type-page","status-publish","has-post-thumbnail","hentry"],"_links":{"self":[{"href":"http:\/\/www.ethique-rlaroche.philo-cvm.ca\/index.php?rest_route=\/wp\/v2\/pages\/3796","targetHints":{"allow":["GET"]}}],"collection":[{"href":"http:\/\/www.ethique-rlaroche.philo-cvm.ca\/index.php?rest_route=\/wp\/v2\/pages"}],"about":[{"href":"http:\/\/www.ethique-rlaroche.philo-cvm.ca\/index.php?rest_route=\/wp\/v2\/types\/page"}],"author":[{"embeddable":true,"href":"http:\/\/www.ethique-rlaroche.philo-cvm.ca\/index.php?rest_route=\/wp\/v2\/users\/1"}],"replies":[{"embeddable":true,"href":"http:\/\/www.ethique-rlaroche.philo-cvm.ca\/index.php?rest_route=%2Fwp%2Fv2%2Fcomments&post=3796"}],"version-history":[{"count":14,"href":"http:\/\/www.ethique-rlaroche.philo-cvm.ca\/index.php?rest_route=\/wp\/v2\/pages\/3796\/revisions"}],"predecessor-version":[{"id":5036,"href":"http:\/\/www.ethique-rlaroche.philo-cvm.ca\/index.php?rest_route=\/wp\/v2\/pages\/3796\/revisions\/5036"}],"wp:featuredmedia":[{"embeddable":true,"href":"http:\/\/www.ethique-rlaroche.philo-cvm.ca\/index.php?rest_route=\/wp\/v2\/media\/5035"}],"wp:attachment":[{"href":"http:\/\/www.ethique-rlaroche.philo-cvm.ca\/index.php?rest_route=%2Fwp%2Fv2%2Fmedia&parent=3796"}],"curies":[{"name":"wp","href":"https:\/\/api.w.org\/{rel}","templated":true}]}}