{"id":3266,"date":"2020-04-04T18:05:48","date_gmt":"2020-04-04T18:05:48","guid":{"rendered":"https:\/\/ethique-rlaroche.profweb.ca\/?page_id=3266"},"modified":"2021-03-09T15:12:41","modified_gmt":"2021-03-09T15:12:41","slug":"terre-de-desolation","status":"publish","type":"page","link":"http:\/\/www.ethique-rlaroche.philo-cvm.ca\/?page_id=3266","title":{"rendered":"Terre de d\u00e9solation"},"content":{"rendered":"\n<h3 class=\"wp-block-heading\">Le\u00e7on 5<\/h3>\n\n\n\n<figure class=\"wp-block-image size-large\"><img loading=\"lazy\" decoding=\"async\" width=\"1024\" height=\"576\" src=\"http:\/\/www.philo-cvm.ca\/wp-content\/uploads\/2020\/04\/Graffitis-1024x576.jpg\" alt=\"\" class=\"wp-image-3470\" srcset=\"http:\/\/www.ethique-rlaroche.philo-cvm.ca\/wp-content\/uploads\/2020\/04\/Graffitis-1024x576.jpg 1024w, http:\/\/www.ethique-rlaroche.philo-cvm.ca\/wp-content\/uploads\/2020\/04\/Graffitis-300x169.jpg 300w, http:\/\/www.ethique-rlaroche.philo-cvm.ca\/wp-content\/uploads\/2020\/04\/Graffitis-768x432.jpg 768w, http:\/\/www.ethique-rlaroche.philo-cvm.ca\/wp-content\/uploads\/2020\/04\/Graffitis-1536x864.jpg 1536w, http:\/\/www.ethique-rlaroche.philo-cvm.ca\/wp-content\/uploads\/2020\/04\/Graffitis.jpg 1920w\" sizes=\"auto, (max-width: 1024px) 100vw, 1024px\" \/><\/figure>\n\n\n\n<p>La culture du Hip Hop c&rsquo;est le Rap et la danse mais c&rsquo;est aussi le graffiti, art de r\u00e9sistance par excellence. Voyez le train dans l&rsquo;image ci-haut, ses wagons tagu\u00e9s traversaient le Bronx mais aussi tout New York. <\/p>\n\n\n\n<figure class=\"wp-block-image size-large\"><img loading=\"lazy\" decoding=\"async\" width=\"750\" height=\"422\" src=\"http:\/\/www.philo-cvm.ca\/wp-content\/uploads\/2020\/04\/graffiti1-750x422-1.jpg\" alt=\"\" class=\"wp-image-3475\" srcset=\"http:\/\/www.ethique-rlaroche.philo-cvm.ca\/wp-content\/uploads\/2020\/04\/graffiti1-750x422-1.jpg 750w, http:\/\/www.ethique-rlaroche.philo-cvm.ca\/wp-content\/uploads\/2020\/04\/graffiti1-750x422-1-300x169.jpg 300w\" sizes=\"auto, (max-width: 750px) 100vw, 750px\" \/><\/figure>\n\n\n\n<p>Beau ou laid?<\/p>\n\n\n\n<figure class=\"wp-block-image size-large\"><img loading=\"lazy\" decoding=\"async\" width=\"800\" height=\"550\" src=\"http:\/\/www.philo-cvm.ca\/wp-content\/uploads\/2020\/04\/Tag.jpg\" alt=\"\" class=\"wp-image-3477\" srcset=\"http:\/\/www.ethique-rlaroche.philo-cvm.ca\/wp-content\/uploads\/2020\/04\/Tag.jpg 800w, http:\/\/www.ethique-rlaroche.philo-cvm.ca\/wp-content\/uploads\/2020\/04\/Tag-300x206.jpg 300w, http:\/\/www.ethique-rlaroche.philo-cvm.ca\/wp-content\/uploads\/2020\/04\/Tag-768x528.jpg 768w\" sizes=\"auto, (max-width: 800px) 100vw, 800px\" \/><\/figure>\n\n\n\n<p>Vous \u00eates-vous d\u00e9j\u00e0 demand\u00e9 pourquoi le Tag est anonyme. La r\u00e9ponse est simple direz-vous: le Tag est un acte de vandalisme. <\/p>\n\n\n\n<figure class=\"wp-block-image size-large\"><img loading=\"lazy\" decoding=\"async\" width=\"1024\" height=\"683\" src=\"http:\/\/www.philo-cvm.ca\/wp-content\/uploads\/2020\/04\/Basquiat-3.jpg\" alt=\"\" class=\"wp-image-3480\" srcset=\"http:\/\/www.ethique-rlaroche.philo-cvm.ca\/wp-content\/uploads\/2020\/04\/Basquiat-3.jpg 1024w, http:\/\/www.ethique-rlaroche.philo-cvm.ca\/wp-content\/uploads\/2020\/04\/Basquiat-3-300x200.jpg 300w, http:\/\/www.ethique-rlaroche.philo-cvm.ca\/wp-content\/uploads\/2020\/04\/Basquiat-3-768x512.jpg 768w\" sizes=\"auto, (max-width: 1024px) 100vw, 1024px\" \/><\/figure>\n\n\n\n<p>Basquiat vous connaissez? Faites une petite recherche.<\/p>\n\n\n\n<figure class=\"wp-block-image size-large\"><img loading=\"lazy\" decoding=\"async\" width=\"1024\" height=\"576\" src=\"http:\/\/www.philo-cvm.ca\/wp-content\/uploads\/2020\/04\/maxresdefault-1024x576.jpg\" alt=\"\" class=\"wp-image-3481\" srcset=\"http:\/\/www.ethique-rlaroche.philo-cvm.ca\/wp-content\/uploads\/2020\/04\/maxresdefault-1024x576.jpg 1024w, http:\/\/www.ethique-rlaroche.philo-cvm.ca\/wp-content\/uploads\/2020\/04\/maxresdefault-300x169.jpg 300w, http:\/\/www.ethique-rlaroche.philo-cvm.ca\/wp-content\/uploads\/2020\/04\/maxresdefault-768x432.jpg 768w, http:\/\/www.ethique-rlaroche.philo-cvm.ca\/wp-content\/uploads\/2020\/04\/maxresdefault.jpg 1280w\" sizes=\"auto, (max-width: 1024px) 100vw, 1024px\" \/><\/figure>\n\n\n\n<p>Sublime vous ne croyez pas? Nous sommes ici dans les ann\u00e9es 1970.<\/p>\n\n\n\n<figure class=\"wp-block-image size-large\"><img loading=\"lazy\" decoding=\"async\" width=\"1024\" height=\"683\" src=\"http:\/\/www.philo-cvm.ca\/wp-content\/uploads\/2020\/04\/Graffiti-Art-1024x683.jpg\" alt=\"\" class=\"wp-image-3483\" srcset=\"http:\/\/www.ethique-rlaroche.philo-cvm.ca\/wp-content\/uploads\/2020\/04\/Graffiti-Art-1024x683.jpg 1024w, http:\/\/www.ethique-rlaroche.philo-cvm.ca\/wp-content\/uploads\/2020\/04\/Graffiti-Art-300x200.jpg 300w, http:\/\/www.ethique-rlaroche.philo-cvm.ca\/wp-content\/uploads\/2020\/04\/Graffiti-Art-768x512.jpg 768w, http:\/\/www.ethique-rlaroche.philo-cvm.ca\/wp-content\/uploads\/2020\/04\/Graffiti-Art.jpg 1200w\" sizes=\"auto, (max-width: 1024px) 100vw, 1024px\" \/><\/figure>\n\n\n\n<p>N&rsquo;y a-t-il pas expression d&rsquo;une certaine forme de violence? Qu&rsquo;en penser?<\/p>\n\n\n\n<div class=\"wp-block-image\"><figure class=\"aligncenter size-large\"><img loading=\"lazy\" decoding=\"async\" width=\"300\" height=\"180\" src=\"http:\/\/www.philo-cvm.ca\/wp-content\/uploads\/2020\/04\/graffiti-saying-words-do-009.jpg\" alt=\"\" class=\"wp-image-3485\"\/><\/figure><\/div>\n\n\n\n<p>Le graffiti c&rsquo;est aussi le commentaire politique, la r\u00e9sistance et la lutte contre les injustices. Les le\u00e7ons de la semaine prochaine auront pour objectif de nous amener \u00e0 comprendre les m\u00e9canismes de cette lutte dans le Hip Hop. <\/p>\n","protected":false},"excerpt":{"rendered":"<p>Le\u00e7on 5 La culture du Hip Hop c&rsquo;est le Rap et la danse mais c&rsquo;est aussi le graffiti, art de r\u00e9sistance par excellence. Voyez le &#8230;<\/p>\n","protected":false},"author":1,"featured_media":5021,"parent":0,"menu_order":0,"comment_status":"open","ping_status":"closed","template":"","meta":{"footnotes":""},"class_list":["post-3266","page","type-page","status-publish","has-post-thumbnail","hentry"],"_links":{"self":[{"href":"http:\/\/www.ethique-rlaroche.philo-cvm.ca\/index.php?rest_route=\/wp\/v2\/pages\/3266","targetHints":{"allow":["GET"]}}],"collection":[{"href":"http:\/\/www.ethique-rlaroche.philo-cvm.ca\/index.php?rest_route=\/wp\/v2\/pages"}],"about":[{"href":"http:\/\/www.ethique-rlaroche.philo-cvm.ca\/index.php?rest_route=\/wp\/v2\/types\/page"}],"author":[{"embeddable":true,"href":"http:\/\/www.ethique-rlaroche.philo-cvm.ca\/index.php?rest_route=\/wp\/v2\/users\/1"}],"replies":[{"embeddable":true,"href":"http:\/\/www.ethique-rlaroche.philo-cvm.ca\/index.php?rest_route=%2Fwp%2Fv2%2Fcomments&post=3266"}],"version-history":[{"count":9,"href":"http:\/\/www.ethique-rlaroche.philo-cvm.ca\/index.php?rest_route=\/wp\/v2\/pages\/3266\/revisions"}],"predecessor-version":[{"id":3489,"href":"http:\/\/www.ethique-rlaroche.philo-cvm.ca\/index.php?rest_route=\/wp\/v2\/pages\/3266\/revisions\/3489"}],"wp:featuredmedia":[{"embeddable":true,"href":"http:\/\/www.ethique-rlaroche.philo-cvm.ca\/index.php?rest_route=\/wp\/v2\/media\/5021"}],"wp:attachment":[{"href":"http:\/\/www.ethique-rlaroche.philo-cvm.ca\/index.php?rest_route=%2Fwp%2Fv2%2Fmedia&parent=3266"}],"curies":[{"name":"wp","href":"https:\/\/api.w.org\/{rel}","templated":true}]}}