{"id":3263,"date":"2020-04-04T18:04:30","date_gmt":"2020-04-04T18:04:30","guid":{"rendered":"https:\/\/ethique-rlaroche.profweb.ca\/?page_id=3263"},"modified":"2020-09-24T18:16:00","modified_gmt":"2020-09-24T18:16:00","slug":"1977-2","status":"publish","type":"page","link":"http:\/\/www.ethique-rlaroche.philo-cvm.ca\/?page_id=3263","title":{"rendered":"1977"},"content":{"rendered":"\n<h3 class=\"wp-block-heading\">Le\u00e7on 4<\/h3>\n\n\n\n<p>Notre auteur commence cette section par une phrase toute simple mais qui est loin d&rsquo;\u00eatre insignifiante : <em>1977 \u00abUn \u00e9t\u00e9 pas comme les autres.\u00bb<\/em> Nous en avons d\u00e9j\u00e0 pris conscience, c&rsquo;est l&rsquo;\u00e9t\u00e9 des multiples incendies dans le Bronx r\u00e9v\u00e9lant au grand \u00e9cran l&rsquo;inavouable \u00e0 toute l&rsquo;Am\u00e9rique. L&rsquo;\u00e9v\u00e9nement se produit pendant les s\u00e9ries mondiales opposant les Yankees de New York aux Dodgers de Los Angeles. Faut-il le souligner ici, il s&rsquo;agit d&rsquo;une simple comp\u00e9tition sportive certes mais opposant comme dans certains des \u00abRap Battles\u00bb les plus violents de l&rsquo;histoire du Hip Hop la c\u00f4te Est \u00e0 la c\u00f4te Ouest. \u00abEast Coast\/West Coast\u00bb, \u00e7a vous dit quelque chose? <\/p>\n\n\n\n<p>1977 est aussi un \u00e9t\u00e9 pas comme les autres parce que le 13 juillet la ville enti\u00e8re sera plong\u00e9e dans l&rsquo;obscurit\u00e9 d&rsquo;une panne d&rsquo;\u00e9lectricit\u00e9 nous apprend Jeff Chang. Les trois coups de circuits de Reggie Jackson marqueront l&rsquo;imaginaire mais, pour que le Hip Hop devienne ce que nous connaissons, il faudra un un autre \u00e9v\u00e9nement plus mythique encore et ce sera le Blackout qui jouera ce r\u00f4le fondateur.  <\/p>\n\n\n\n<p>Avant de poursuivre, prenez soin d&rsquo;\u00e9couter la tr\u00e8s savoureuse entrevue qui suit r\u00e9unissant <a rel=\"noreferrer noopener\" href=\"https:\/\/www.youtube.com\/watch?v=2omq2XBrElM\" target=\"_blank\">Disco Wiz et Grandmaster Caz de New York racontant le Blackout de l&rsquo;\u00e9t\u00e9 1977<\/a>. <\/p>\n\n\n\n<p>Il importe que vous r\u00e9fl\u00e9chissiez \u00e0 l&rsquo;id\u00e9e qu&rsquo;\u00e0 travers l&rsquo;Art l&rsquo;humain est capable de tirer avantage d&rsquo;une situation particuli\u00e8re, que l&rsquo;art est \u00e9v\u00e9nementiel, que l&rsquo;art permet de passer de <a href=\"https:\/\/citiestreats.tumblr.com\/post\/79618588336\/couvrez-ce-ghetto-que-je-ne-saurais-voir\">l&rsquo;exp\u00e9rience particuli\u00e8re \u00e0 l&rsquo;exp\u00e9rience universelle<\/a> sans rien abstraire des relations v\u00e9cues qui fondent notre vie affective. <\/p>\n\n\n\n<p>R\u00e9fl\u00e9chissez \u00e0 cette affirmation en \u00e9coutant vos chansons pr\u00e9f\u00e9r\u00e9es, celles qu&rsquo;on laisse tourner en boucle sans jamais les \u00e9puiser. Impossible de faire mieux en tant qu&rsquo;exercice philosophique.<\/p>\n\n\n\n<p>Enqu\u00eatez \u00e0 ce sujet en explorant <a href=\"https:\/\/www.icp.org\/exhibitions\/contact-high-a-visual-history-of-hip-hop\">l&rsquo;histoire du Hip Hop<\/a>&#8230; <\/p>\n\n\n\n<p><\/p>\n","protected":false},"excerpt":{"rendered":"<p>Le\u00e7on 4 Notre auteur commence cette section par une phrase toute simple mais qui est loin d&rsquo;\u00eatre insignifiante : 1977 \u00abUn \u00e9t\u00e9 pas comme les &#8230;<\/p>\n","protected":false},"author":1,"featured_media":5019,"parent":0,"menu_order":0,"comment_status":"open","ping_status":"closed","template":"","meta":{"footnotes":""},"class_list":["post-3263","page","type-page","status-publish","has-post-thumbnail","hentry"],"_links":{"self":[{"href":"http:\/\/www.ethique-rlaroche.philo-cvm.ca\/index.php?rest_route=\/wp\/v2\/pages\/3263","targetHints":{"allow":["GET"]}}],"collection":[{"href":"http:\/\/www.ethique-rlaroche.philo-cvm.ca\/index.php?rest_route=\/wp\/v2\/pages"}],"about":[{"href":"http:\/\/www.ethique-rlaroche.philo-cvm.ca\/index.php?rest_route=\/wp\/v2\/types\/page"}],"author":[{"embeddable":true,"href":"http:\/\/www.ethique-rlaroche.philo-cvm.ca\/index.php?rest_route=\/wp\/v2\/users\/1"}],"replies":[{"embeddable":true,"href":"http:\/\/www.ethique-rlaroche.philo-cvm.ca\/index.php?rest_route=%2Fwp%2Fv2%2Fcomments&post=3263"}],"version-history":[{"count":12,"href":"http:\/\/www.ethique-rlaroche.philo-cvm.ca\/index.php?rest_route=\/wp\/v2\/pages\/3263\/revisions"}],"predecessor-version":[{"id":5020,"href":"http:\/\/www.ethique-rlaroche.philo-cvm.ca\/index.php?rest_route=\/wp\/v2\/pages\/3263\/revisions\/5020"}],"wp:featuredmedia":[{"embeddable":true,"href":"http:\/\/www.ethique-rlaroche.philo-cvm.ca\/index.php?rest_route=\/wp\/v2\/media\/5019"}],"wp:attachment":[{"href":"http:\/\/www.ethique-rlaroche.philo-cvm.ca\/index.php?rest_route=%2Fwp%2Fv2%2Fmedia&parent=3263"}],"curies":[{"name":"wp","href":"https:\/\/api.w.org\/{rel}","templated":true}]}}