{"id":3257,"date":"2020-04-04T17:59:33","date_gmt":"2020-04-04T17:59:33","guid":{"rendered":"https:\/\/ethique-rlaroche.profweb.ca\/?page_id=3257"},"modified":"2020-09-24T17:55:54","modified_gmt":"2020-09-24T17:55:54","slug":"mouvement-de-masse","status":"publish","type":"page","link":"http:\/\/www.ethique-rlaroche.philo-cvm.ca\/?page_id=3257","title":{"rendered":"Mouvement de masse"},"content":{"rendered":"\n<h3 class=\"wp-block-heading\">Le\u00e7on 2<\/h3>\n\n\n\n<p>Cet autre extrait du texte de Jeff Chang montre bien que l&rsquo;histoire du Bronx est indissociable d&rsquo;une certaine conception du progr\u00e8s, du d\u00e9veloppement du capitalisme de l&rsquo;apr\u00e8s guerre et de la valorisation de ce que nous pourrions appeler le n\u00e9o-lib\u00e9ralisme. L&rsquo;image en ent\u00eate, accompagnant cette le\u00e7on, repr\u00e9sente la tranch\u00e9e creus\u00e9e afin de r\u00e9aliser la construction de l&rsquo;Expressway traversant le Bronx.<\/p>\n\n\n\n<p>Ce commentaire du biographe de Robert Moses au sujet de ce puissant promoteur immobilier de New York est significatif, instructif et profond\u00e9ment troublant : <a rel=\"noreferrer noopener\" href=\"https:\/\/www.youtube.com\/watch?v=891YXWxaOyA\" target=\"_blank\">Robert Moses, l\u2019homme le plus puissant.<\/a><\/p>\n\n\n\n<p>Que faut-il comprendre lorsque Jeff Chang \u00e9crit : \u00ab(&#8230;) <em>soixante mille r\u00e9sidents du Bronx se trouvaient pris dans les m\u00e9andres de l\u2019Expressway. Moses allait faire passer ses bulldozers droit sur eux. \u00ab Il y a principalement des gens dans le passage \u2013 c\u2019est tout \u00bb, disait-il, comme si les vies humaines n\u2019\u00e9taient qu\u2019un probl\u00e8me math\u00e9matique suppl\u00e9mentaire \u00e0 r\u00e9soudre. \u00ab Il y a tr\u00e8s peu d\u2019obstacles majeurs. <\/em>\u00bb? <\/p>\n\n\n\n<p>Que faut-il comprendre lorsque nous r\u00e9alisons que la soci\u00e9t\u00e9 de droit avec l&rsquo;ensemble des r\u00e8gles qui la constituent engendrent des injustices? <\/p>\n\n\n\n<p>Que faut-il comprendre lorsque l&rsquo;id\u00e9e m\u00eame du progr\u00e8s, les connaissances techniques et le d\u00e9veloppement \u00e9conomique issus d&rsquo;un effort de rationalisation capitaliste entra\u00eenent la s\u00e9gr\u00e9gation et la r\u00e9pression? <\/p>\n\n\n\n<ul class=\"wp-block-list\"><li>Montrez qu&rsquo;on retrouve ici un sch\u00e9ma similaire \u00e0 celui que nous avons observ\u00e9 dans le contexte de l&rsquo;histoire de l&rsquo;Inquisition.<\/li><\/ul>\n","protected":false},"excerpt":{"rendered":"<p>Le\u00e7on 2 Cet autre extrait du texte de Jeff Chang montre bien que l&rsquo;histoire du Bronx est indissociable d&rsquo;une certaine conception du progr\u00e8s, du d\u00e9veloppement &#8230;<\/p>\n","protected":false},"author":1,"featured_media":628,"parent":0,"menu_order":0,"comment_status":"open","ping_status":"closed","template":"","meta":{"footnotes":""},"class_list":["post-3257","page","type-page","status-publish","has-post-thumbnail","hentry"],"_links":{"self":[{"href":"http:\/\/www.ethique-rlaroche.philo-cvm.ca\/index.php?rest_route=\/wp\/v2\/pages\/3257","targetHints":{"allow":["GET"]}}],"collection":[{"href":"http:\/\/www.ethique-rlaroche.philo-cvm.ca\/index.php?rest_route=\/wp\/v2\/pages"}],"about":[{"href":"http:\/\/www.ethique-rlaroche.philo-cvm.ca\/index.php?rest_route=\/wp\/v2\/types\/page"}],"author":[{"embeddable":true,"href":"http:\/\/www.ethique-rlaroche.philo-cvm.ca\/index.php?rest_route=\/wp\/v2\/users\/1"}],"replies":[{"embeddable":true,"href":"http:\/\/www.ethique-rlaroche.philo-cvm.ca\/index.php?rest_route=%2Fwp%2Fv2%2Fcomments&post=3257"}],"version-history":[{"count":12,"href":"http:\/\/www.ethique-rlaroche.philo-cvm.ca\/index.php?rest_route=\/wp\/v2\/pages\/3257\/revisions"}],"predecessor-version":[{"id":5014,"href":"http:\/\/www.ethique-rlaroche.philo-cvm.ca\/index.php?rest_route=\/wp\/v2\/pages\/3257\/revisions\/5014"}],"wp:featuredmedia":[{"embeddable":true,"href":"http:\/\/www.ethique-rlaroche.philo-cvm.ca\/index.php?rest_route=\/wp\/v2\/media\/628"}],"wp:attachment":[{"href":"http:\/\/www.ethique-rlaroche.philo-cvm.ca\/index.php?rest_route=%2Fwp%2Fv2%2Fmedia&parent=3257"}],"curies":[{"name":"wp","href":"https:\/\/api.w.org\/{rel}","templated":true}]}}