{"id":3252,"date":"2020-04-03T16:22:19","date_gmt":"2020-04-03T16:22:19","guid":{"rendered":"https:\/\/ethique-rlaroche.profweb.ca\/?page_id=3252"},"modified":"2020-09-24T17:41:34","modified_gmt":"2020-09-24T17:41:34","slug":"le-bronx-et-la-politique-de-labandon","status":"publish","type":"page","link":"http:\/\/www.ethique-rlaroche.philo-cvm.ca\/?page_id=3252","title":{"rendered":"Le Bronx et la politique de l&rsquo;abandon"},"content":{"rendered":"\n<h3 class=\"wp-block-heading\">Le\u00e7on 1<\/h3>\n\n\n\n<p>La premi\u00e8re partie du texte de Jeff Chang (celle qui porte le nom de cette le\u00e7on) nous am\u00e8ne \u00e0 comprendre que le Hip Hop sera cr\u00e9\u00e9 dans un contexte politique de lutte par les communaut\u00e9s afro-am\u00e9ricaine et latino-am\u00e9ricaine pour la justice et l&rsquo;\u00e9galit\u00e9. Or au sein de cette lutte appara\u00eet une autre tension \u00e0 caract\u00e8re \u00e9thique et politique soit l&rsquo;opposition entre l&rsquo;int\u00e9grationnisme et le nationalisme. La question que se posent les militants montre la profondeur de l&rsquo;enjeu : Devons-nous sauver l&rsquo;Am\u00e9rique ou nous sauver nous-m\u00eames? <\/p>\n\n\n\n<p>L&rsquo;\u00e9l\u00e9ment essentiel de cette le\u00e7on consiste \u00e0 prendre conscience du fait que ces tensions, au sein des mouvements politiques en lutte contre la s\u00e9gr\u00e9gation, renvoient \u00e0 des conflits int\u00e9rieurs chez certains individus. C&rsquo;est le propre de l&rsquo;artiste d&rsquo;int\u00e9rioriser des conflits sociaux. C&rsquo;est aussi la raison pour laquelle Jeff Chang  r\u00e9f\u00e8re au monde du sport et aux figures marquantes que seront Jackie Robinson et Reggie Jackson, deux joueurs de Baseball. Le premier ouvrira la voie \u00e0 la r\u00e9volution des Droits civiques. Le second sera porteur de ces luttes mais malgr\u00e9 lui. <\/p>\n\n\n\n<p>Voyez ces trois vid\u00e9os : <\/p>\n\n\n\n<ul class=\"wp-block-list\"><li> Reggie Jackson et Billy Matin,&nbsp;<a rel=\"noreferrer noopener\" href=\"https:\/\/www.youtube.com\/watch?v=HHctFAj1ywI\" target=\"_blank\">la tension qui finit par exploser<\/a>.<\/li><li><a rel=\"noreferrer noopener\" href=\"https:\/\/www.youtube.com\/watch?v=bnVH-BE9CUo\" target=\"_blank\">Le Bronx est en flamme.<\/a><\/li><li><a rel=\"noreferrer noopener\" href=\"https:\/\/www.youtube.com\/watch?v=hDMYVtzHGuI\" target=\"_blank\">Reggie Jackson 3 coups de circuit en final des s\u00e9ries mondiales 1977.<\/a><\/li><\/ul>\n\n\n\n<p>R\u00e9fl\u00e9chissez \u00e0 l&rsquo;impact, sur le public, de cette situation rendue visible au moment des s\u00e9ries mondiales de 1977 opposant les Yankees au Dodgers. <\/p>\n\n\n\n<p>Exercice: <\/p>\n\n\n\n<p>Faites une ligne du temps en situant les personnages suivants : Jackie Robinson, Malcolm X, Angela Davis, DJ Cool Herc, Afrika Bambaataa, Reggie Jackson, Robert Moses, Martin Luther King, Grand Master Flash, Rosa Park, John F. Kennedy. <\/p>\n\n\n\n<p>Si vous avez des questions n&rsquo;h\u00e9sitez pas \u00e0 utiliser la fen\u00eatre de commentaire. Notez vos r\u00e9flexions et les recherches que vous faites dans l&rsquo;article qui vous sert de journal de bord. Article que vous serez invit\u00e9 \u00e0 publier afin de collaborer \u00e0 la r\u00e9flexion commune. <\/p>\n","protected":false},"excerpt":{"rendered":"<p>Le\u00e7on 1 La premi\u00e8re partie du texte de Jeff Chang (celle qui porte le nom de cette le\u00e7on) nous am\u00e8ne \u00e0 comprendre que le Hip &#8230;<\/p>\n","protected":false},"author":1,"featured_media":5007,"parent":0,"menu_order":0,"comment_status":"open","ping_status":"closed","template":"","meta":{"footnotes":""},"class_list":["post-3252","page","type-page","status-publish","has-post-thumbnail","hentry"],"_links":{"self":[{"href":"http:\/\/www.ethique-rlaroche.philo-cvm.ca\/index.php?rest_route=\/wp\/v2\/pages\/3252","targetHints":{"allow":["GET"]}}],"collection":[{"href":"http:\/\/www.ethique-rlaroche.philo-cvm.ca\/index.php?rest_route=\/wp\/v2\/pages"}],"about":[{"href":"http:\/\/www.ethique-rlaroche.philo-cvm.ca\/index.php?rest_route=\/wp\/v2\/types\/page"}],"author":[{"embeddable":true,"href":"http:\/\/www.ethique-rlaroche.philo-cvm.ca\/index.php?rest_route=\/wp\/v2\/users\/1"}],"replies":[{"embeddable":true,"href":"http:\/\/www.ethique-rlaroche.philo-cvm.ca\/index.php?rest_route=%2Fwp%2Fv2%2Fcomments&post=3252"}],"version-history":[{"count":14,"href":"http:\/\/www.ethique-rlaroche.philo-cvm.ca\/index.php?rest_route=\/wp\/v2\/pages\/3252\/revisions"}],"predecessor-version":[{"id":5008,"href":"http:\/\/www.ethique-rlaroche.philo-cvm.ca\/index.php?rest_route=\/wp\/v2\/pages\/3252\/revisions\/5008"}],"wp:featuredmedia":[{"embeddable":true,"href":"http:\/\/www.ethique-rlaroche.philo-cvm.ca\/index.php?rest_route=\/wp\/v2\/media\/5007"}],"wp:attachment":[{"href":"http:\/\/www.ethique-rlaroche.philo-cvm.ca\/index.php?rest_route=%2Fwp%2Fv2%2Fmedia&parent=3252"}],"curies":[{"name":"wp","href":"https:\/\/api.w.org\/{rel}","templated":true}]}}