{"id":3205,"date":"2020-03-22T16:33:27","date_gmt":"2020-03-22T16:33:27","guid":{"rendered":"https:\/\/ethique-rlaroche.profweb.ca\/?page_id=3205"},"modified":"2021-03-01T17:00:55","modified_gmt":"2021-03-01T17:00:55","slug":"lopposition-entre-le-liberalisme-et-le-communautarisme-marque-t-elle-une-impasse","status":"publish","type":"page","link":"http:\/\/www.ethique-rlaroche.philo-cvm.ca\/?page_id=3205","title":{"rendered":"L&rsquo;opposition entre le lib\u00e9ralisme et le communautarisme marque-t-elle une impasse?"},"content":{"rendered":"\n<h3 class=\"wp-block-heading\">Le\u00e7on 7<\/h3>\n\n\n\n<p>Devrait-on voir une impasse dans cette opposition? La question qui nous int\u00e9ressera plus concr\u00e8tement consistera \u00e0 nous demander ce qui peut \u00eatre fait lorsque la soci\u00e9t\u00e9 de droit engendre des injustices. Comment organiser la r\u00e9sistance politique n\u00e9cessaire \u00e0 la transformation des institutions, au changement des mentalit\u00e9s et des valeurs? Comment agir lorsque la r\u00e9pression est trop violente? L&rsquo;art peut-il aider? Qu&rsquo;est-ce qu&rsquo;il y a dans l&rsquo;art qui permet de contester le pouvoir? Que signifie l&rsquo;\u00e9mergence d&rsquo;une mani\u00e8re de vivre et de cr\u00e9er aussi importante que le Hip Hop? <\/p>\n\n\n\n<p>***<\/p>\n\n\n\n<p>VOTRE CONTRIBUTION<\/p>\n\n\n\n<p>Notre enqu\u00eate repose essentiellement sur la collaboration. Quelle est l&rsquo;information dont nous pourrions avoir besoin pour approfondir les diff\u00e9rents aspects de notre questionnement? <\/p>\n\n\n\n<p>CONSIGNES<\/p>\n\n\n\n<p>D\u00e9veloppez votre journal de bord, publiez des articles, vos notes de cours, vos r\u00e9ponses aux exercices, commentez des images, des entretiens, contribuez au forum de discussion, montrez que nos enqu\u00eates ne sont pas sans relation avec l&rsquo;actualit\u00e9.<\/p>\n\n\n\n<p>PR\u00c9PARATION EN VUE DU COURS 7<\/p>\n\n\n\n<p>Il sera int\u00e9ressant de reprendre ces questions \u00e0 la lumi\u00e8re de l\u2019histoire du Hip Hop et son \u00e9mergence dans le&nbsp;<a href=\"https:\/\/www.google.com\/maps\/place\/E+161+St+%26+Prospect+Ave,+The+Bronx,+NY+10459,+USA\/@40.8204853,-73.9100931,15z\/data=!3m1!4b1!4m5!3m4!1s0x89c2f5b2857618e7:0x172b25dc631c1f8f!8m2!3d40.8204856!4d-73.9013383\">South Bronx<\/a>&nbsp;pendant les&nbsp;<a href=\"http:\/\/www.philo-cvm.ca\/wp-content\/uploads\/2020\/03\/crew.jpeg\">ann\u00e9es 70<\/a>. Jeff Chang avec son texte intitul\u00e9&nbsp;<em><a rel=\"noreferrer noopener\" href=\"http:\/\/www.philo-cvm.ca\/?page_id=137\" target=\"_blank\">N\u00e9cropolis, Le Bronx et la politique de l\u2019abandon<\/a><\/em>&nbsp;sera d\u2019une aide pr\u00e9cieuse. Comme le sera la conception du rapport entre&nbsp;<em><a rel=\"noreferrer noopener\" href=\"http:\/\/www.philo-cvm.ca\/?page_id=886\" target=\"_blank\">La domination et les arts de r\u00e9sistance<\/a><\/em>&nbsp;que propose James C. Scott.<\/p>\n\n\n\n<p>Explorez la carte mentale pr\u00e9par\u00e9e pour ce cours :&nbsp;<a rel=\"noreferrer noopener\" href=\"http:\/\/www.philo-cvm.ca\/wp-content\/uploads\/2019\/09\/Carte-mentale-Hip-Hop.pdf\" target=\"_blank\">De la Zulu Nation au Gangsta Rap en passant par Missy Elliot<\/a>.<\/p>\n\n\n\n<p>Faut-il repenser la relation entre <a href=\"https:\/\/www.en-attendant-nadeau.fr\/2020\/09\/30\/narcisse-historien-traverso\/\">lib\u00e9ralisme et communautarisme<\/a>? Le communautarisme doit-il n\u00e9cessairement s&rsquo;inscrire dans la mouvance du lib\u00e9ralisme?<\/p>\n\n\n\n<p>Ou encore r\u00e9\u00e9couter vos artistes de Hip Hop pr\u00e9f\u00e9r\u00e9s\u2026 de mani\u00e8re \u00e0 voir si entre le \u00abtexte public\u00bb et le \u00abtexte cach\u00e9\u00bb ne se d\u00e9voilent pas de nouvelles significations.<\/p>\n\n\n\n<p><strong>Avez vous des questions?<\/strong><\/p>\n","protected":false},"excerpt":{"rendered":"<p>Le\u00e7on 7 Devrait-on voir une impasse dans cette opposition? La question qui nous int\u00e9ressera plus concr\u00e8tement consistera \u00e0 nous demander ce qui peut \u00eatre fait &#8230;<\/p>\n","protected":false},"author":1,"featured_media":4986,"parent":0,"menu_order":0,"comment_status":"open","ping_status":"closed","template":"","meta":{"footnotes":""},"class_list":["post-3205","page","type-page","status-publish","has-post-thumbnail","hentry"],"_links":{"self":[{"href":"http:\/\/www.ethique-rlaroche.philo-cvm.ca\/index.php?rest_route=\/wp\/v2\/pages\/3205","targetHints":{"allow":["GET"]}}],"collection":[{"href":"http:\/\/www.ethique-rlaroche.philo-cvm.ca\/index.php?rest_route=\/wp\/v2\/pages"}],"about":[{"href":"http:\/\/www.ethique-rlaroche.philo-cvm.ca\/index.php?rest_route=\/wp\/v2\/types\/page"}],"author":[{"embeddable":true,"href":"http:\/\/www.ethique-rlaroche.philo-cvm.ca\/index.php?rest_route=\/wp\/v2\/users\/1"}],"replies":[{"embeddable":true,"href":"http:\/\/www.ethique-rlaroche.philo-cvm.ca\/index.php?rest_route=%2Fwp%2Fv2%2Fcomments&post=3205"}],"version-history":[{"count":14,"href":"http:\/\/www.ethique-rlaroche.philo-cvm.ca\/index.php?rest_route=\/wp\/v2\/pages\/3205\/revisions"}],"predecessor-version":[{"id":10135,"href":"http:\/\/www.ethique-rlaroche.philo-cvm.ca\/index.php?rest_route=\/wp\/v2\/pages\/3205\/revisions\/10135"}],"wp:featuredmedia":[{"embeddable":true,"href":"http:\/\/www.ethique-rlaroche.philo-cvm.ca\/index.php?rest_route=\/wp\/v2\/media\/4986"}],"wp:attachment":[{"href":"http:\/\/www.ethique-rlaroche.philo-cvm.ca\/index.php?rest_route=%2Fwp%2Fv2%2Fmedia&parent=3205"}],"curies":[{"name":"wp","href":"https:\/\/api.w.org\/{rel}","templated":true}]}}