{"id":3198,"date":"2020-03-22T16:18:04","date_gmt":"2020-03-22T16:18:04","guid":{"rendered":"https:\/\/ethique-rlaroche.profweb.ca\/?page_id=3198"},"modified":"2020-09-24T20:10:05","modified_gmt":"2020-09-24T20:10:05","slug":"le-communautarisme-et-sa-critique-du-liberalisme","status":"publish","type":"page","link":"http:\/\/www.ethique-rlaroche.philo-cvm.ca\/?page_id=3198","title":{"rendered":"Le communautarisme et sa critique du lib\u00e9ralisme."},"content":{"rendered":"\n<h3 class=\"wp-block-heading\">Le\u00e7on 6<\/h3>\n\n\n\n<p>De mani\u00e8re sch\u00e9matique, le communautarisme comprend les caract\u00e9ristiques suivantes: <\/p>\n\n\n\n<ul class=\"wp-block-list\"><li><em>Le communautarisme implique l\u2019id\u00e9e que ce sont les communaut\u00e9s qui permettent aux individus d\u2019exister et de donner du sens \u00e0 leur vie. <\/em><\/li><li><em>Il consid\u00e8re le vivre ensemble comme une interaction dynamique par laquelle chacun a des choses \u00e0 apporter aux autres. <\/em><\/li><li><em>Le cadre juridique offert par l\u2019\u00c9tat devrait garantir le vivre ensemble. <\/em><\/li><li><em>Le communautarisme demande qu\u2019on prenne en compte l\u2019alt\u00e9rit\u00e9 sans imposer le conformisme.<\/em><\/li><\/ul>\n\n\n\n<p>Il importe ici de&nbsp;<a rel=\"noreferrer noopener\" aria-label=\"lire le texte de Michael Walzer (s\u2019ouvre dans un nouvel onglet)\" href=\"http:\/\/www.philo-cvm.ca\/?page_id=561\" target=\"_blank\">lire le texte de Michael Walzer<\/a>. Cette critique du point de vue du communautarisme sugg\u00e8re que le lib\u00e9ralisme impose aux individus, au nom de l\u2019universalisme, des contraintes qui nous s\u00e9parent de nous m\u00eames. <\/p>\n\n\n\n<p>EXERCICES :<\/p>\n\n\n\n<p>Retournez, si n\u00e9cessaire, au visionnement de&nbsp;<a rel=\"noreferrer noopener\" href=\"https:\/\/www.youtube.com\/watch?v=sCfxA5BUnxU\" target=\"_blank\">la vid\u00e9o de Ticaso<\/a>&nbsp;afin de montrer si ce qui se passe sur Le Corner correspond au communautarisme et \u00e0 la critique que Michael Walzer adresse au lib\u00e9ralisme.<\/p>\n\n\n\n<p>***<\/p>\n\n\n\n<p><strong>Avez-vous \u00e9t\u00e9 capable d\u2019\u00e9tablir des liens entre ce qui se passe sur Le corner, le communautarisme et la critique du lib\u00e9ralisme de Michael Walzer?<\/strong><\/p>\n\n\n\n<p class=\"has-text-align-center\">Comment interpr\u00e9tez-vous la phrase de Souldia : \u00abJe suis irr\u00e9cup\u00e9rable.\u00bb?<\/p>\n\n\n\n<figure class=\"wp-block-embed-youtube wp-block-embed is-type-video is-provider-youtube wp-embed-aspect-16-9 wp-has-aspect-ratio\"><div class=\"wp-block-embed__wrapper\">\n<iframe loading=\"lazy\" title=\"Souldia - Irr\u00e9cup\u00e9rable \/\/ Vid\u00e9oclip officiel\" width=\"525\" height=\"295\" src=\"https:\/\/www.youtube.com\/embed\/mVOJ0bL1_5U?feature=oembed\" frameborder=\"0\" allow=\"accelerometer; autoplay; clipboard-write; encrypted-media; gyroscope; picture-in-picture; web-share\" referrerpolicy=\"strict-origin-when-cross-origin\" allowfullscreen><\/iframe>\n<\/div><\/figure>\n","protected":false},"excerpt":{"rendered":"<p>Le\u00e7on 6 De mani\u00e8re sch\u00e9matique, le communautarisme comprend les caract\u00e9ristiques suivantes: Le communautarisme implique l\u2019id\u00e9e que ce sont les communaut\u00e9s qui permettent aux individus d\u2019exister &#8230;<\/p>\n","protected":false},"author":1,"featured_media":4985,"parent":0,"menu_order":0,"comment_status":"open","ping_status":"closed","template":"","meta":{"footnotes":""},"class_list":["post-3198","page","type-page","status-publish","has-post-thumbnail","hentry"],"_links":{"self":[{"href":"http:\/\/www.ethique-rlaroche.philo-cvm.ca\/index.php?rest_route=\/wp\/v2\/pages\/3198","targetHints":{"allow":["GET"]}}],"collection":[{"href":"http:\/\/www.ethique-rlaroche.philo-cvm.ca\/index.php?rest_route=\/wp\/v2\/pages"}],"about":[{"href":"http:\/\/www.ethique-rlaroche.philo-cvm.ca\/index.php?rest_route=\/wp\/v2\/types\/page"}],"author":[{"embeddable":true,"href":"http:\/\/www.ethique-rlaroche.philo-cvm.ca\/index.php?rest_route=\/wp\/v2\/users\/1"}],"replies":[{"embeddable":true,"href":"http:\/\/www.ethique-rlaroche.philo-cvm.ca\/index.php?rest_route=%2Fwp%2Fv2%2Fcomments&post=3198"}],"version-history":[{"count":7,"href":"http:\/\/www.ethique-rlaroche.philo-cvm.ca\/index.php?rest_route=\/wp\/v2\/pages\/3198\/revisions"}],"predecessor-version":[{"id":5029,"href":"http:\/\/www.ethique-rlaroche.philo-cvm.ca\/index.php?rest_route=\/wp\/v2\/pages\/3198\/revisions\/5029"}],"wp:featuredmedia":[{"embeddable":true,"href":"http:\/\/www.ethique-rlaroche.philo-cvm.ca\/index.php?rest_route=\/wp\/v2\/media\/4985"}],"wp:attachment":[{"href":"http:\/\/www.ethique-rlaroche.philo-cvm.ca\/index.php?rest_route=%2Fwp%2Fv2%2Fmedia&parent=3198"}],"curies":[{"name":"wp","href":"https:\/\/api.w.org\/{rel}","templated":true}]}}