{"id":3192,"date":"2020-03-22T16:06:53","date_gmt":"2020-03-22T16:06:53","guid":{"rendered":"https:\/\/ethique-rlaroche.profweb.ca\/?page_id=3192"},"modified":"2020-09-23T22:28:25","modified_gmt":"2020-09-23T22:28:25","slug":"le-liberalisme-et-sa-critique-du-communautarisme","status":"publish","type":"page","link":"http:\/\/www.ethique-rlaroche.philo-cvm.ca\/?page_id=3192","title":{"rendered":"Le lib\u00e9ralisme et sa critique du communautarisme."},"content":{"rendered":"\n<h3 class=\"wp-block-heading\">Le\u00e7on 5<\/h3>\n\n\n\n<p>De mani\u00e8re sch\u00e9matique, le lib\u00e9ralisme comprend les caract\u00e9ristiques suivantes:<\/p>\n\n\n\n<ul class=\"wp-block-list\"><li><em>Le lib\u00e9ralisme affirme la primaut\u00e9 des droits de la personne sur le Droit de la Nation ou de l\u2019\u00c9tat. <\/em><\/li><li><em>Il implique des r\u00e9glementations ayant pour objectif de prot\u00e9ger les libert\u00e9s individuelles. <\/em><\/li><li><em>L\u2019\u00c9tat et le droit ont pour fonction d\u2019assurer l\u2019ind\u00e9pendance des personne devant l\u2019emporter sur la majorit\u00e9. <\/em><\/li><li><em>La r\u00e9ussite de la vie de l\u2019individu rel\u00e8ve du domaine priv\u00e9. <\/em><\/li><li><em>C\u2019est la neutralit\u00e9 de l\u2019espace public.<\/em><\/li><\/ul>\n\n\n\n<p>Il importe ici de <a rel=\"noreferrer noopener\" href=\"http:\/\/www.philo-cvm.ca\/?page_id=556\" target=\"_blank\">lire le texte de Charles Larmore<\/a>. Cette critique du point de vue du lib\u00e9ralisme sugg\u00e8re que le communautarisme risque de faire \u00e9clater l\u2019\u00c9tat en communaut\u00e9s s\u00e9par\u00e9es sans r\u00e8gles communes.  <\/p>\n\n\n\n<p>EXERCICES :<\/p>\n\n\n\n<p>Retournez au visionnement de <a rel=\"noreferrer noopener\" aria-label=\"la vid\u00e9o de Ticaso (s\u2019ouvre dans un nouvel onglet)\" href=\"https:\/\/www.youtube.com\/watch?v=sCfxA5BUnxU\" target=\"_blank\">la vid\u00e9o de Ticaso<\/a> afin de montrer si ce qui se passe sur Le Corner correspond au Lib\u00e9ralisme et \u00e0 la critique que Charles Larmore adresse au communautarisme. <\/p>\n\n\n\n<p>***<\/p>\n\n\n\n<p><strong>Avez-vous \u00e9t\u00e9 capable d&rsquo;\u00e9tablir des liens entre la vid\u00e9o, le lib\u00e9ralisme et la critique du communautarisme de Charles Larmore?<\/strong><\/p>\n\n\n\n<p class=\"has-text-align-center\">Que signifie la distinction entre le street rap et le Hip Hop plus commercial?<\/p>\n\n\n\n<figure class=\"wp-block-embed-youtube wp-block-embed is-type-video is-provider-youtube wp-embed-aspect-16-9 wp-has-aspect-ratio\"><div class=\"wp-block-embed__wrapper\">\n<iframe loading=\"lazy\" title=\"Documentaire - Street rap \u00ab Le son de la rue \u00bb (Izzy-S, Tizzo, Lost, Souldia, Enima, White-B, MB)\" width=\"525\" height=\"295\" src=\"https:\/\/www.youtube.com\/embed\/O9x5SHFLLFM?feature=oembed\" frameborder=\"0\" allow=\"accelerometer; autoplay; clipboard-write; encrypted-media; gyroscope; picture-in-picture; web-share\" referrerpolicy=\"strict-origin-when-cross-origin\" allowfullscreen><\/iframe>\n<\/div><\/figure>\n","protected":false},"excerpt":{"rendered":"<p>Le\u00e7on 5 De mani\u00e8re sch\u00e9matique, le lib\u00e9ralisme comprend les caract\u00e9ristiques suivantes: Le lib\u00e9ralisme affirme la primaut\u00e9 des droits de la personne sur le Droit de &#8230;<\/p>\n","protected":false},"author":1,"featured_media":4982,"parent":0,"menu_order":0,"comment_status":"open","ping_status":"closed","template":"","meta":{"footnotes":""},"class_list":["post-3192","page","type-page","status-publish","has-post-thumbnail","hentry"],"_links":{"self":[{"href":"http:\/\/www.ethique-rlaroche.philo-cvm.ca\/index.php?rest_route=\/wp\/v2\/pages\/3192","targetHints":{"allow":["GET"]}}],"collection":[{"href":"http:\/\/www.ethique-rlaroche.philo-cvm.ca\/index.php?rest_route=\/wp\/v2\/pages"}],"about":[{"href":"http:\/\/www.ethique-rlaroche.philo-cvm.ca\/index.php?rest_route=\/wp\/v2\/types\/page"}],"author":[{"embeddable":true,"href":"http:\/\/www.ethique-rlaroche.philo-cvm.ca\/index.php?rest_route=\/wp\/v2\/users\/1"}],"replies":[{"embeddable":true,"href":"http:\/\/www.ethique-rlaroche.philo-cvm.ca\/index.php?rest_route=%2Fwp%2Fv2%2Fcomments&post=3192"}],"version-history":[{"count":7,"href":"http:\/\/www.ethique-rlaroche.philo-cvm.ca\/index.php?rest_route=\/wp\/v2\/pages\/3192\/revisions"}],"predecessor-version":[{"id":4981,"href":"http:\/\/www.ethique-rlaroche.philo-cvm.ca\/index.php?rest_route=\/wp\/v2\/pages\/3192\/revisions\/4981"}],"wp:featuredmedia":[{"embeddable":true,"href":"http:\/\/www.ethique-rlaroche.philo-cvm.ca\/index.php?rest_route=\/wp\/v2\/media\/4982"}],"wp:attachment":[{"href":"http:\/\/www.ethique-rlaroche.philo-cvm.ca\/index.php?rest_route=%2Fwp%2Fv2%2Fmedia&parent=3192"}],"curies":[{"name":"wp","href":"https:\/\/api.w.org\/{rel}","templated":true}]}}