{"id":3185,"date":"2020-03-22T15:37:56","date_gmt":"2020-03-22T15:37:56","guid":{"rendered":"https:\/\/ethique-rlaroche.profweb.ca\/?page_id=3185"},"modified":"2021-01-06T12:10:14","modified_gmt":"2021-01-06T12:10:14","slug":"emergence-du-hip-hop-et-montrealite","status":"publish","type":"page","link":"http:\/\/www.ethique-rlaroche.philo-cvm.ca\/?page_id=3185","title":{"rendered":"\u00c9mergence du Hip Hop et Montr\u00e9alit\u00e9."},"content":{"rendered":"\n<h3 class=\"wp-block-heading\">Le\u00e7on 4<\/h3>\n\n\n\n<p>L\u2019\u00e9mergence du Hip Hop dans le South Bronx repr\u00e9sente une extraordinaire occasion de penser le probl\u00e8me de la r\u00e9sistance politique en lien avec les pouvoirs qui le traversent ainsi que les tensions structurant ce ph\u00e9nom\u00e8ne culturel devenu mondial. D\u2019une part, car nous avons acc\u00e8s, contrairement \u00e0 l\u2019histoire de la sorcellerie, \u00e0 un monde d\u2019archives facile \u00e0 consulter et d\u2019autre part parce que nous formons d\u00e9j\u00e0, qu\u2019on le veuille ou non, une partie du public cible. Public-spectateur certes mais qui peut aussi s\u2019exercer \u00e0 d\u00e9couvrir le rap, le break et les graffitis en fonction de leurs tensions \u00e9thiques et politiques. L\u2019une de ces tensions est celle qui implique le rapport qu\u2019entretient, dans nos soci\u00e9t\u00e9s, le lib\u00e9ralisme et le communautarisme. Cette tension est si forte qu\u2019elle participe de l\u2019essence de la culture Hip Hop.<\/p>\n\n\n\n<p>Cette vid\u00e9o, du rappeur qu\u00e9b\u00e9cois Le Connaisseur est int\u00e9ressante \u00e0 \u00e9couter pour lancer l\u2019enqu\u00eate et la r\u00e9flexion: <\/p>\n\n\n\n<figure class=\"wp-block-embed is-type-video is-provider-youtube wp-block-embed-youtube wp-embed-aspect-4-3 wp-has-aspect-ratio\"><div class=\"wp-block-embed__wrapper\">\n<iframe loading=\"lazy\" title=\"Connaisseur &amp; Mechant Style - Sur le Corner\" width=\"525\" height=\"394\" src=\"https:\/\/www.youtube.com\/embed\/sCfxA5BUnxU?feature=oembed\" frameborder=\"0\" allow=\"accelerometer; autoplay; clipboard-write; encrypted-media; gyroscope; picture-in-picture; web-share\" referrerpolicy=\"strict-origin-when-cross-origin\" allowfullscreen><\/iframe>\n<\/div><\/figure>\n\n\n\n<p>R\u00c9FLEXIONS<\/p>\n\n\n\n<ul class=\"wp-block-list\"><li>Qu\u2019est-ce que la <a href=\"https:\/\/www.ledevoir.com\/culture\/musique\/592757\/1971-2020-mf-doom-le-quebec-se-souvient?utm_source=infolettre-2021-01-06&amp;utm_medium=email&amp;utm_campaign=infolettre-quotidienne\" target=\"_blank\" rel=\"noreferrer noopener\">Montr\u00e9alit\u00e9<\/a> selon vous? <\/li><li>Quelle est la fonction sociale du Corner?\u00a0<\/li><li><a rel=\"noreferrer noopener\" href=\"https:\/\/www.vice.com\/fr_ca\/article\/mb4kyq\/ils-sortent-de-prison-et-on-les-empeche-de-rapper\" target=\"_blank\">Sait-on que les rappeurs qui font de la prison ne peuvent pas utiliser le Rap comme moyen de r\u00e9int\u00e9gration sociale et communautaire ni m\u00eame comme travail?\u00a0<\/a><\/li><li>Cela dit, vouloir faire du Rap comme on pratique un travail, n\u2019est-ce pas une contradiction? Il faut lire ce que <a rel=\"noreferrer noopener\" href=\"https:\/\/www.ledevoir.com\/culture\/musique\/592372\/musique-connaisseur-ticaso-mise-tout-sur-son-retour\" target=\"_blank\">Connaisseur Ticaso<\/a> a \u00e0 dire \u00e0 ce\u00a0<a rel=\"noreferrer noopener\" href=\"https:\/\/www.hhqc.com\/actualites\/10-questions-posees-a-veteran-rap-quebecois-entrevue-connaisseur-ticaso\/\" target=\"_blank\">sujet<\/a>.<\/li><\/ul>\n\n\n\n<p>Cette autre entrevue pourra vous int\u00e9resser, elle est toute r\u00e9cente : <\/p>\n\n\n\n<figure class=\"wp-block-embed is-type-video is-provider-youtube wp-block-embed-youtube wp-embed-aspect-16-9 wp-has-aspect-ratio\"><div class=\"wp-block-embed__wrapper\">\n<iframe loading=\"lazy\" title=\"Connaisseur Ticaso: &quot;Le lien entre la mafia et le gang \u00e9tait directement fait par mes patn\u00e8s&quot;\" width=\"525\" height=\"295\" src=\"https:\/\/www.youtube.com\/embed\/6EjNIE9B7Nw?feature=oembed\" frameborder=\"0\" allow=\"accelerometer; autoplay; clipboard-write; encrypted-media; gyroscope; picture-in-picture; web-share\" referrerpolicy=\"strict-origin-when-cross-origin\" allowfullscreen><\/iframe>\n<\/div><\/figure>\n\n\n\n<p>***<\/p>\n\n\n\n<p><strong>Comprenez-vous clairement que le travail d&rsquo;analyse auquel nous nous pr\u00eatons consiste en un effort d&rsquo;interpr\u00e9tation? <\/strong><\/p>\n\n\n\n<p><strong>Que nous nous int\u00e9ressons \u00e0 des productions artistiques dont la signification peut \u00eatre cach\u00e9e, plus ou moins \u00e9vidente ou subversive?<\/strong><\/p>\n\n\n\n<p><strong>Que nous ne sommes pas neutres?<\/strong><\/p>\n","protected":false},"excerpt":{"rendered":"<p>Le\u00e7on 4 L\u2019\u00e9mergence du Hip Hop dans le South Bronx repr\u00e9sente une extraordinaire occasion de penser le probl\u00e8me de la r\u00e9sistance politique en lien avec &#8230;<\/p>\n","protected":false},"author":1,"featured_media":4977,"parent":0,"menu_order":0,"comment_status":"open","ping_status":"closed","template":"","meta":{"footnotes":""},"class_list":["post-3185","page","type-page","status-publish","has-post-thumbnail","hentry"],"_links":{"self":[{"href":"http:\/\/www.ethique-rlaroche.philo-cvm.ca\/index.php?rest_route=\/wp\/v2\/pages\/3185","targetHints":{"allow":["GET"]}}],"collection":[{"href":"http:\/\/www.ethique-rlaroche.philo-cvm.ca\/index.php?rest_route=\/wp\/v2\/pages"}],"about":[{"href":"http:\/\/www.ethique-rlaroche.philo-cvm.ca\/index.php?rest_route=\/wp\/v2\/types\/page"}],"author":[{"embeddable":true,"href":"http:\/\/www.ethique-rlaroche.philo-cvm.ca\/index.php?rest_route=\/wp\/v2\/users\/1"}],"replies":[{"embeddable":true,"href":"http:\/\/www.ethique-rlaroche.philo-cvm.ca\/index.php?rest_route=%2Fwp%2Fv2%2Fcomments&post=3185"}],"version-history":[{"count":13,"href":"http:\/\/www.ethique-rlaroche.philo-cvm.ca\/index.php?rest_route=\/wp\/v2\/pages\/3185\/revisions"}],"predecessor-version":[{"id":7377,"href":"http:\/\/www.ethique-rlaroche.philo-cvm.ca\/index.php?rest_route=\/wp\/v2\/pages\/3185\/revisions\/7377"}],"wp:featuredmedia":[{"embeddable":true,"href":"http:\/\/www.ethique-rlaroche.philo-cvm.ca\/index.php?rest_route=\/wp\/v2\/media\/4977"}],"wp:attachment":[{"href":"http:\/\/www.ethique-rlaroche.philo-cvm.ca\/index.php?rest_route=%2Fwp%2Fv2%2Fmedia&parent=3185"}],"curies":[{"name":"wp","href":"https:\/\/api.w.org\/{rel}","templated":true}]}}