{"id":3178,"date":"2020-03-22T15:01:02","date_gmt":"2020-03-22T15:01:02","guid":{"rendered":"https:\/\/ethique-rlaroche.profweb.ca\/?page_id=3178"},"modified":"2021-03-01T16:54:29","modified_gmt":"2021-03-01T16:54:29","slug":"les-causes-de-lapathie-politique-selon-dewey","status":"publish","type":"page","link":"http:\/\/www.ethique-rlaroche.philo-cvm.ca\/?page_id=3178","title":{"rendered":"Les causes de l&rsquo;apathie politique selon Dewey."},"content":{"rendered":"\n<h3 class=\"wp-block-heading\">Le\u00e7on 3<\/h3>\n\n\n\n<p>Dans&nbsp;<a rel=\"noreferrer noopener\" href=\"http:\/\/www.philo-cvm.ca\/?page_id=1301\" target=\"_blank\">l\u2019extrait de texte<\/a>&nbsp;o\u00f9 Dewey nous invite \u00e0 r\u00e9fl\u00e9chir l\u2019apathie politique en lien avec notre capacit\u00e9 \u00e0 \u00e9valuer les enjeux sociaux, quelques pistes d\u2019analyses nous sont propos\u00e9es. Selon ce philosophe, l\u2019apathie politique trouve sa source 1) dans le d\u00e9calage entre les pratiques actuelles et la politique traditionnelle, 2) le fait que l\u2019ampleur des activit\u00e9s sociales nous rend sceptique \u00e0 l\u2019\u00e9gard de l\u2019action politique et 3) que notre d\u00e9sengagement est relatif \u00e0 la n\u00e9cessit\u00e9 de recourir aux experts que ce soit en \u00e9conomie, en \u00e9ducation, en sant\u00e9 ou encore pour toutes questions concernant le d\u00e9veloppement technologique. D\u00e9coule de son analyse l\u2019id\u00e9e que le public est trop diffus et qu\u2019en ce sens nous n\u2019arrivons pas \u00e0 nous recomposer en un tout int\u00e9gr\u00e9. Il y aurait trop de publics, certains capables de r\u00e9actions intenses, d\u2019autres aux r\u00e9actions plus confuses et au final apathiques. <\/p>\n\n\n\n<p>Est-ce \u00e0 dire que nous ne formons qu\u2019un public parmi tant d\u2019autres? Peut-\u00eatre. Mais comme ce qui caract\u00e9rise notre effort c\u2019est l\u2019importance que nous accordons \u00e0 la m\u00e9thodologie, \u00e0 l\u2019\u00e9tude des contextes historiques, \u00e0 la mise \u00e0 contribution de diverses th\u00e9ories ainsi qu\u2019\u00e0 la possibilit\u00e9 de collaborer pour mieux penser, il y a des chances pour que nous puissions nous dire avis\u00e9.es. Est-ce l\u00e0 r\u00e9sister? Autrement, compar\u00e9 aux artistes du Hip Hop mais pourquoi pas? <\/p>\n\n\n\n<div class=\"wp-block-group has-background\" style=\"background-color:#ffc3d3\"><div class=\"wp-block-group__inner-container is-layout-flow wp-block-group-is-layout-flow\">\n<p>EXERCICES<\/p>\n\n\n\n<ul class=\"wp-block-list\"><li>Pour chacune des causes identifi\u00e9es par Dewey, d\u00e9veloppez un exemple pertinent emprunt\u00e9 \u00e0 la situation politique actuelle.<\/li><li>Formulez une premi\u00e8re question montrant que votre enqu\u00eate sur le th\u00e8me du Hip Hop est d&rsquo;int\u00e9r\u00eat public.<\/li><\/ul>\n<\/div><\/div>\n\n\n\n<p>***<\/p>\n\n\n\n<p><strong>Comprenez vous clairement le texte de Dewey, son analyse et le fait que ces id\u00e9es demeurent actuelles?<\/strong><\/p>\n\n\n\n<p class=\"has-text-align-center\">N&rsquo;h\u00e9sitons pas \u00e0 \u00e9couter des vid\u00e9os.<\/p>\n\n\n\n<p class=\"has-text-align-center\">Eminem, un blanc dans l&rsquo;univers de Dr. Dre, peut-il constituer le public averti que nous cherchons \u00e0 imaginer en lien avec l&rsquo;engagement politique?<\/p>\n\n\n\n<p class=\"has-text-align-center\">Vous trouverez une traduction \u00e0 l&rsquo;adresse suivante : <a href=\"https:\/\/www.lacoccinelle.net\/242622.html\" target=\"_blank\" rel=\"noreferrer noopener\">The Real Slim Shady<\/a><\/p>\n\n\n\n<figure class=\"wp-block-embed is-type-video is-provider-youtube wp-block-embed-youtube wp-embed-aspect-16-9 wp-has-aspect-ratio\"><div class=\"wp-block-embed__wrapper\">\n<iframe loading=\"lazy\" title=\"Eminem - The Real Slim Shady (Official Video - Clean Version)\" width=\"525\" height=\"295\" src=\"https:\/\/www.youtube.com\/embed\/eJO5HU_7_1w?feature=oembed\" frameborder=\"0\" allow=\"accelerometer; autoplay; clipboard-write; encrypted-media; gyroscope; picture-in-picture; web-share\" referrerpolicy=\"strict-origin-when-cross-origin\" allowfullscreen><\/iframe>\n<\/div><\/figure>\n","protected":false},"excerpt":{"rendered":"<p>Le\u00e7on 3 Dans&nbsp;l\u2019extrait de texte&nbsp;o\u00f9 Dewey nous invite \u00e0 r\u00e9fl\u00e9chir l\u2019apathie politique en lien avec notre capacit\u00e9 \u00e0 \u00e9valuer les enjeux sociaux, quelques pistes d\u2019analyses &#8230;<\/p>\n","protected":false},"author":1,"featured_media":4971,"parent":0,"menu_order":0,"comment_status":"open","ping_status":"closed","template":"","meta":{"footnotes":""},"class_list":["post-3178","page","type-page","status-publish","has-post-thumbnail","hentry"],"_links":{"self":[{"href":"http:\/\/www.ethique-rlaroche.philo-cvm.ca\/index.php?rest_route=\/wp\/v2\/pages\/3178","targetHints":{"allow":["GET"]}}],"collection":[{"href":"http:\/\/www.ethique-rlaroche.philo-cvm.ca\/index.php?rest_route=\/wp\/v2\/pages"}],"about":[{"href":"http:\/\/www.ethique-rlaroche.philo-cvm.ca\/index.php?rest_route=\/wp\/v2\/types\/page"}],"author":[{"embeddable":true,"href":"http:\/\/www.ethique-rlaroche.philo-cvm.ca\/index.php?rest_route=\/wp\/v2\/users\/1"}],"replies":[{"embeddable":true,"href":"http:\/\/www.ethique-rlaroche.philo-cvm.ca\/index.php?rest_route=%2Fwp%2Fv2%2Fcomments&post=3178"}],"version-history":[{"count":10,"href":"http:\/\/www.ethique-rlaroche.philo-cvm.ca\/index.php?rest_route=\/wp\/v2\/pages\/3178\/revisions"}],"predecessor-version":[{"id":10133,"href":"http:\/\/www.ethique-rlaroche.philo-cvm.ca\/index.php?rest_route=\/wp\/v2\/pages\/3178\/revisions\/10133"}],"wp:featuredmedia":[{"embeddable":true,"href":"http:\/\/www.ethique-rlaroche.philo-cvm.ca\/index.php?rest_route=\/wp\/v2\/media\/4971"}],"wp:attachment":[{"href":"http:\/\/www.ethique-rlaroche.philo-cvm.ca\/index.php?rest_route=%2Fwp%2Fv2%2Fmedia&parent=3178"}],"curies":[{"name":"wp","href":"https:\/\/api.w.org\/{rel}","templated":true}]}}