{"id":3166,"date":"2020-03-22T14:28:16","date_gmt":"2020-03-22T14:28:16","guid":{"rendered":"https:\/\/ethique-rlaroche.profweb.ca\/?page_id=3166"},"modified":"2021-03-01T16:51:38","modified_gmt":"2021-03-01T16:51:38","slug":"apathie-politique-hegemonie-et-resistance","status":"publish","type":"page","link":"http:\/\/www.ethique-rlaroche.philo-cvm.ca\/?page_id=3166","title":{"rendered":"Apathie politique, h\u00e9g\u00e9monie et r\u00e9sistance."},"content":{"rendered":"\n<h3 class=\"wp-block-heading\">Le\u00e7on 2<\/h3>\n\n\n\n<p>Qu\u2019est-ce \u00e0 dire sinon que plusieurs d\u2019entre-nous ressentent une certaine forme d\u2019apathie politique! Tout le contraire d\u2019un d\u00e9sir de r\u00e9sistance! Comment l\u2019expliquer? Serait-ce que dans le contexte du&nbsp;<a rel=\"noreferrer noopener\" href=\"http:\/\/www.philo-cvm.ca\/wp-content\/uploads\/2020\/03\/parasite-capitalism.jpg\" target=\"_blank\">lib\u00e9ralisme<\/a>&nbsp;nous subissons l\u2019h\u00e9g\u00e9monie des pouvoirs en place? Que ce soit celui du travail, de l\u2019argent, d\u2019une certaine conception de la r\u00e9ussite, du droit, des distinctions de genre, du patriarcat, des valeurs ou des opinions ambiantes, des m\u00e9dias etc. La liste est longue. <\/p>\n\n\n\n<div class=\"wp-block-group has-background\" style=\"background-color:#fbe7c1\"><div class=\"wp-block-group__inner-container is-layout-flow wp-block-group-is-layout-flow\">\n<p>EXERCICES <\/p>\n\n\n\n<ul class=\"wp-block-list\"><li>D\u00e9finissez les concepts suivants : Apathie, H\u00e9g\u00e9monie et R\u00e9sistance politique.<\/li><li>Pour chacune des d\u00e9finitions d\u00e9veloppez un exemple montrant que nous sommes touch\u00e9s par ces id\u00e9es. <\/li><\/ul>\n<\/div><\/div>\n\n\n\n<p>***<\/p>\n\n\n\n<p><strong>Comprenez-vous clairement que nous appartenons \u00e0 un syst\u00e8me politique influen\u00e7ant notre capacit\u00e9 \u00e0 agir et \u00e0 penser?<\/strong><\/p>\n","protected":false},"excerpt":{"rendered":"<p>Le\u00e7on 2 Qu\u2019est-ce \u00e0 dire sinon que plusieurs d\u2019entre-nous ressentent une certaine forme d\u2019apathie politique! Tout le contraire d\u2019un d\u00e9sir de r\u00e9sistance! Comment l\u2019expliquer? Serait-ce &#8230;<\/p>\n","protected":false},"author":1,"featured_media":4960,"parent":0,"menu_order":0,"comment_status":"open","ping_status":"closed","template":"","meta":{"footnotes":""},"class_list":["post-3166","page","type-page","status-publish","has-post-thumbnail","hentry"],"_links":{"self":[{"href":"http:\/\/www.ethique-rlaroche.philo-cvm.ca\/index.php?rest_route=\/wp\/v2\/pages\/3166","targetHints":{"allow":["GET"]}}],"collection":[{"href":"http:\/\/www.ethique-rlaroche.philo-cvm.ca\/index.php?rest_route=\/wp\/v2\/pages"}],"about":[{"href":"http:\/\/www.ethique-rlaroche.philo-cvm.ca\/index.php?rest_route=\/wp\/v2\/types\/page"}],"author":[{"embeddable":true,"href":"http:\/\/www.ethique-rlaroche.philo-cvm.ca\/index.php?rest_route=\/wp\/v2\/users\/1"}],"replies":[{"embeddable":true,"href":"http:\/\/www.ethique-rlaroche.philo-cvm.ca\/index.php?rest_route=%2Fwp%2Fv2%2Fcomments&post=3166"}],"version-history":[{"count":13,"href":"http:\/\/www.ethique-rlaroche.philo-cvm.ca\/index.php?rest_route=\/wp\/v2\/pages\/3166\/revisions"}],"predecessor-version":[{"id":10132,"href":"http:\/\/www.ethique-rlaroche.philo-cvm.ca\/index.php?rest_route=\/wp\/v2\/pages\/3166\/revisions\/10132"}],"wp:featuredmedia":[{"embeddable":true,"href":"http:\/\/www.ethique-rlaroche.philo-cvm.ca\/index.php?rest_route=\/wp\/v2\/media\/4960"}],"wp:attachment":[{"href":"http:\/\/www.ethique-rlaroche.philo-cvm.ca\/index.php?rest_route=%2Fwp%2Fv2%2Fmedia&parent=3166"}],"curies":[{"name":"wp","href":"https:\/\/api.w.org\/{rel}","templated":true}]}}