{"id":3162,"date":"2020-03-22T14:19:29","date_gmt":"2020-03-22T14:19:29","guid":{"rendered":"https:\/\/ethique-rlaroche.profweb.ca\/?page_id=3162"},"modified":"2022-10-03T17:41:13","modified_gmt":"2022-10-03T17:41:13","slug":"la-signification-des-faits-change-avec-le-point-de-vue-adopte","status":"publish","type":"page","link":"http:\/\/www.ethique-rlaroche.philo-cvm.ca\/?page_id=3162","title":{"rendered":"De la distinction entre public et priv\u00e9"},"content":{"rendered":"\n<h3 class=\"wp-block-heading\">Le\u00e7on 1<\/h3>\n\n\n\n<p>Nos r\u00e9flexions, partant du probl\u00e8me de la repr\u00e9sentation afin d\u2019enqu\u00eater sur la banalisation de la figure de la sorci\u00e8re, tendent \u00e0 montrer qu\u2019il est difficile de lire l\u2019actualit\u00e9 sociale, politique, \u00e9thique et culturelle. La r\u00e9alit\u00e9 \u00e9tant que nos sentiments et nos comportements sont en grande partie d\u00e9termin\u00e9s par une tradition dont on ne mesure pas imm\u00e9diatement les effets, principalement sur les institutions que nous avons tendance \u00e0 prendre pour acquis; un peu comme si ces derni\u00e8res \u00e9taient naturelles. Or Dewey a bien montr\u00e9 que la signification des faits, d\u00e8s lors que nous cherchons \u00e0 comprendre <a href=\"https:\/\/www.ledevoir.com\/opinion\/idees\/586871\/l-humanite-niee-de-joyce-echaquan\">l\u2019humain<\/a>, change avec le point de vue adopt\u00e9. Nos jugements sur la r\u00e9alit\u00e9 sociale sont indissociables du d\u00e9sir qui motive nos fa\u00e7ons d\u2019interpr\u00e9ter et \u00e9valuer les faits. La critique du marxisme de Silvia Federici d&rsquo;un point de vue f\u00e9ministe le montre clairement. <\/p>\n\n\n\n<p>Que nous dit Dewey? Il faut lire l&rsquo;extrait intitul\u00e9 : <a rel=\"noreferrer noopener\" href=\"http:\/\/www.philo-cvm.ca\/?page_id=673\" target=\"_blank\">Distinction entre le public et le priv\u00e9<\/a>, car quelle est notre place en regard de toute ces transactions et ces choix politiques qu&rsquo;on nous pr\u00e9sente comme hors de la sph\u00e8re publique.<\/p>\n\n\n\n<p>En ce sens, il nous faut admettre que le projet de nous constituer et nous reconna\u00eetre, \u00e0 travers nos enqu\u00eates, en tant que public averti ne va pas de soi. Le seul contexte d\u2019un cours obligatoire de philosophie nuit \u00e0 la volont\u00e9 de nous engager en toute libert\u00e9 dans un processus impliquant la critique d\u2019id\u00e9es politiques aux multiples cons\u00e9quences \u00e9thiques et morales. <\/p>\n\n\n\n<p>***<\/p>\n\n\n\n<p class=\"has-background\" style=\"background-color:#c1fffa\"><strong>Comprenez-vous clairement l&rsquo;id\u00e9e que nos propres enqu\u00eates influencent la connaissance des id\u00e9es \u00e0 caract\u00e8re politique et \u00e9thique que nous \u00e9tudions?<\/strong><\/p>\n\n\n\n<p class=\"has-text-align-center\">Une premi\u00e8re vid\u00e9o pour passer du de la r\u00e9flexion sur le f\u00e9minisme \u00e0 la r\u00e9sistance dans le South Bronx.<\/p>\n\n\n\n<figure class=\"wp-block-embed is-type-video is-provider-youtube wp-block-embed-youtube wp-embed-aspect-16-9 wp-has-aspect-ratio\"><div class=\"wp-block-embed__wrapper\">\n<iframe loading=\"lazy\" title=\"Lauryn Hill - Doo-Wop (That Thing) (Official Video)\" width=\"525\" height=\"295\" src=\"https:\/\/www.youtube.com\/embed\/T6QKqFPRZSA?feature=oembed\" frameborder=\"0\" allow=\"accelerometer; autoplay; clipboard-write; encrypted-media; gyroscope; picture-in-picture; web-share\" referrerpolicy=\"strict-origin-when-cross-origin\" allowfullscreen><\/iframe>\n<\/div><\/figure>\n","protected":false},"excerpt":{"rendered":"<p>Le\u00e7on 1 Nos r\u00e9flexions, partant du probl\u00e8me de la repr\u00e9sentation afin d\u2019enqu\u00eater sur la banalisation de la figure de la sorci\u00e8re, tendent \u00e0 montrer qu\u2019il &#8230;<\/p>\n","protected":false},"author":1,"featured_media":139,"parent":0,"menu_order":0,"comment_status":"open","ping_status":"closed","template":"","meta":{"footnotes":""},"class_list":["post-3162","page","type-page","status-publish","has-post-thumbnail","hentry"],"_links":{"self":[{"href":"http:\/\/www.ethique-rlaroche.philo-cvm.ca\/index.php?rest_route=\/wp\/v2\/pages\/3162","targetHints":{"allow":["GET"]}}],"collection":[{"href":"http:\/\/www.ethique-rlaroche.philo-cvm.ca\/index.php?rest_route=\/wp\/v2\/pages"}],"about":[{"href":"http:\/\/www.ethique-rlaroche.philo-cvm.ca\/index.php?rest_route=\/wp\/v2\/types\/page"}],"author":[{"embeddable":true,"href":"http:\/\/www.ethique-rlaroche.philo-cvm.ca\/index.php?rest_route=\/wp\/v2\/users\/1"}],"replies":[{"embeddable":true,"href":"http:\/\/www.ethique-rlaroche.philo-cvm.ca\/index.php?rest_route=%2Fwp%2Fv2%2Fcomments&post=3162"}],"version-history":[{"count":15,"href":"http:\/\/www.ethique-rlaroche.philo-cvm.ca\/index.php?rest_route=\/wp\/v2\/pages\/3162\/revisions"}],"predecessor-version":[{"id":26647,"href":"http:\/\/www.ethique-rlaroche.philo-cvm.ca\/index.php?rest_route=\/wp\/v2\/pages\/3162\/revisions\/26647"}],"wp:featuredmedia":[{"embeddable":true,"href":"http:\/\/www.ethique-rlaroche.philo-cvm.ca\/index.php?rest_route=\/wp\/v2\/media\/139"}],"wp:attachment":[{"href":"http:\/\/www.ethique-rlaroche.philo-cvm.ca\/index.php?rest_route=%2Fwp%2Fv2%2Fmedia&parent=3162"}],"curies":[{"name":"wp","href":"https:\/\/api.w.org\/{rel}","templated":true}]}}