{"id":30730,"date":"2023-11-04T13:36:24","date_gmt":"2023-11-04T13:36:24","guid":{"rendered":"https:\/\/ethique-rlaroche.profweb.ca\/?page_id=30730"},"modified":"2023-11-08T12:06:55","modified_gmt":"2023-11-08T12:06:55","slug":"le-cours-ideal","status":"publish","type":"page","link":"http:\/\/www.ethique-rlaroche.philo-cvm.ca\/?page_id=30730","title":{"rendered":"Pr\u00e9sentation de vos plans de cours"},"content":{"rendered":"\n<h4 class=\"wp-block-heading\"><strong>Quels serait le (ou les) cours id\u00e9al que nous aimerions avoir au sujet des cultures autochtones<\/strong> <strong>?<\/strong><\/h4>\n\n\n\n<h5 class=\"wp-block-heading\">En \u00e9quipe, <\/h5>\n\n\n\n<h5 class=\"wp-block-heading\">1-  cr\u00e9ez un article (comme pour vos documents d&rsquo;enqu\u00eate) et d\u00e9veloppez-y votre plan de cours, <\/h5>\n\n\n\n<h5 class=\"wp-block-heading\">2- placez l&rsquo;hyperlien (url) de votre article dans la fen\u00eatre de commentaire ci-dessous. <\/h5>\n\n\n\n<p><\/p>\n","protected":false},"excerpt":{"rendered":"<p>Quels serait le (ou les) cours id\u00e9al que nous aimerions avoir au sujet des cultures autochtones ? En \u00e9quipe, 1- cr\u00e9ez un article (comme pour &#8230;<\/p>\n","protected":false},"author":1,"featured_media":30737,"parent":0,"menu_order":0,"comment_status":"open","ping_status":"closed","template":"","meta":{"footnotes":""},"class_list":["post-30730","page","type-page","status-publish","has-post-thumbnail","hentry"],"_links":{"self":[{"href":"http:\/\/www.ethique-rlaroche.philo-cvm.ca\/index.php?rest_route=\/wp\/v2\/pages\/30730","targetHints":{"allow":["GET"]}}],"collection":[{"href":"http:\/\/www.ethique-rlaroche.philo-cvm.ca\/index.php?rest_route=\/wp\/v2\/pages"}],"about":[{"href":"http:\/\/www.ethique-rlaroche.philo-cvm.ca\/index.php?rest_route=\/wp\/v2\/types\/page"}],"author":[{"embeddable":true,"href":"http:\/\/www.ethique-rlaroche.philo-cvm.ca\/index.php?rest_route=\/wp\/v2\/users\/1"}],"replies":[{"embeddable":true,"href":"http:\/\/www.ethique-rlaroche.philo-cvm.ca\/index.php?rest_route=%2Fwp%2Fv2%2Fcomments&post=30730"}],"version-history":[{"count":9,"href":"http:\/\/www.ethique-rlaroche.philo-cvm.ca\/index.php?rest_route=\/wp\/v2\/pages\/30730\/revisions"}],"predecessor-version":[{"id":31185,"href":"http:\/\/www.ethique-rlaroche.philo-cvm.ca\/index.php?rest_route=\/wp\/v2\/pages\/30730\/revisions\/31185"}],"wp:featuredmedia":[{"embeddable":true,"href":"http:\/\/www.ethique-rlaroche.philo-cvm.ca\/index.php?rest_route=\/wp\/v2\/media\/30737"}],"wp:attachment":[{"href":"http:\/\/www.ethique-rlaroche.philo-cvm.ca\/index.php?rest_route=%2Fwp%2Fv2%2Fmedia&parent=30730"}],"curies":[{"name":"wp","href":"https:\/\/api.w.org\/{rel}","templated":true}]}}