{"id":30434,"date":"2023-10-27T13:24:06","date_gmt":"2023-10-27T13:24:06","guid":{"rendered":"https:\/\/ethique-rlaroche.profweb.ca\/?page_id=30434"},"modified":"2023-11-08T12:04:58","modified_gmt":"2023-11-08T12:04:58","slug":"comment-nous-defaire-de-nos-apriori","status":"publish","type":"page","link":"http:\/\/www.ethique-rlaroche.philo-cvm.ca\/?page_id=30434","title":{"rendered":"Comment nous d\u00e9faire de nos a priori ?"},"content":{"rendered":"\n<h5 class=\"wp-block-heading\">L&rsquo;id\u00e9e d&rsquo;a priori renvoie \u00e0 ce qui, en nous, est susceptible de faire \u00e9cran \u00e0 la possibilit\u00e9 d&rsquo;entrer en relation avec les communaut\u00e9s autochtones. Il peut s&rsquo;agir de simples pr\u00e9jug\u00e9s ou d&rsquo;attitudes issues de notre \u00e9ducation, de nos institutions etc. <\/h5>\n\n\n\n<h5 class=\"wp-block-heading\">R\u00e9fl\u00e9chissez sur vous-m\u00eames de mani\u00e8re \u00e0 identifier ce qui constitue un ensemble d&rsquo;a priori.<\/h5>\n\n\n\n<h5 class=\"wp-block-heading\">Tentez d&rsquo;identifier des aprioris que vous portez en vous.<\/h5>\n","protected":false},"excerpt":{"rendered":"<p>L&rsquo;id\u00e9e d&rsquo;a priori renvoie \u00e0 ce qui, en nous, est susceptible de faire \u00e9cran \u00e0 la possibilit\u00e9 d&rsquo;entrer en relation avec les communaut\u00e9s autochtones. Il &#8230;<\/p>\n","protected":false},"author":1,"featured_media":30738,"parent":0,"menu_order":0,"comment_status":"open","ping_status":"closed","template":"","meta":{"footnotes":""},"class_list":["post-30434","page","type-page","status-publish","has-post-thumbnail","hentry"],"_links":{"self":[{"href":"http:\/\/www.ethique-rlaroche.philo-cvm.ca\/index.php?rest_route=\/wp\/v2\/pages\/30434","targetHints":{"allow":["GET"]}}],"collection":[{"href":"http:\/\/www.ethique-rlaroche.philo-cvm.ca\/index.php?rest_route=\/wp\/v2\/pages"}],"about":[{"href":"http:\/\/www.ethique-rlaroche.philo-cvm.ca\/index.php?rest_route=\/wp\/v2\/types\/page"}],"author":[{"embeddable":true,"href":"http:\/\/www.ethique-rlaroche.philo-cvm.ca\/index.php?rest_route=\/wp\/v2\/users\/1"}],"replies":[{"embeddable":true,"href":"http:\/\/www.ethique-rlaroche.philo-cvm.ca\/index.php?rest_route=%2Fwp%2Fv2%2Fcomments&post=30434"}],"version-history":[{"count":11,"href":"http:\/\/www.ethique-rlaroche.philo-cvm.ca\/index.php?rest_route=\/wp\/v2\/pages\/30434\/revisions"}],"predecessor-version":[{"id":31183,"href":"http:\/\/www.ethique-rlaroche.philo-cvm.ca\/index.php?rest_route=\/wp\/v2\/pages\/30434\/revisions\/31183"}],"wp:featuredmedia":[{"embeddable":true,"href":"http:\/\/www.ethique-rlaroche.philo-cvm.ca\/index.php?rest_route=\/wp\/v2\/media\/30738"}],"wp:attachment":[{"href":"http:\/\/www.ethique-rlaroche.philo-cvm.ca\/index.php?rest_route=%2Fwp%2Fv2%2Fmedia&parent=30434"}],"curies":[{"name":"wp","href":"https:\/\/api.w.org\/{rel}","templated":true}]}}