{"id":29646,"date":"2023-09-26T12:15:53","date_gmt":"2023-09-26T12:15:53","guid":{"rendered":"https:\/\/ethique-rlaroche.profweb.ca\/?page_id=29646"},"modified":"2024-10-01T13:57:59","modified_gmt":"2024-10-01T13:57:59","slug":"hip-hop-des-communs-a-notre-situation","status":"publish","type":"page","link":"http:\/\/www.ethique-rlaroche.philo-cvm.ca\/?page_id=29646","title":{"rendered":"Hip Hop &#8211; Des communs \u00e0 notre situation"},"content":{"rendered":"\n<p><a href=\"https:\/\/www.qub.ca\/tvaplus\/tva\/revolution\/saison-5\/episode-2-1098187943\">R\u00e9volution<\/a><\/p>\n\n\n\n<p><a href=\"https:\/\/www.youtube.com\/watch?v=S9BgDLAY-us\">Fouki a ruin\u00e9 Occupation double ?<\/a><\/p>\n\n\n\n<p><a href=\"https:\/\/www.youtube.com\/watch?v=5UVe7N8TtXQ\">Lost Loud &#8211; Parano<\/a><\/p>\n\n\n\n<p><a href=\"https:\/\/www.youtube.com\/watch?v=S0QkwTKIWAA\">Cupidon &#8211; D\u00e9g\u00e9n\u00e9rations<\/a><\/p>\n\n\n\n<p><a href=\"https:\/\/www.youtube.com\/watch?v=klF0aEE0lOg\">Kesta &#8211; Mary Gold Starlett<\/a><\/p>\n\n\n\n<p><a href=\"https:\/\/www.youtube.com\/watch?v=m15pMAeaw3U\">Izzy s &#8211; Hood<\/a><\/p>\n\n\n\n<p><a href=\"https:\/\/www.youtube.com\/watch?v=sCfxA5BUnxU\">Ticaso &#8211; Le connaisseur et m\u00e9chant style &#8211; Sur le corner<\/a><\/p>\n\n\n\n<p><a href=\"https:\/\/www.youtube.com\/watch?v=kZTg_1qhFok\">Ticaso &#8211; La rue m&rsquo;appelle encore <\/a><\/p>\n\n\n\n<p><a href=\"https:\/\/www.youtube.com\/watch?v=_ZvgZL6C33I\">5sang14 &#8211; F**k that<\/a><\/p>\n\n\n\n<p>***<\/p>\n\n\n\n<p>Automne 2024<\/p>\n\n\n\n<p>Ticaso Podcast : <a href=\"https:\/\/www.youtube.com\/watch?v=GgZilQQPKNc&amp;t=2362s\">https:\/\/www.youtube.com\/watch?v=GgZilQQPKNc&amp;t=2362s<\/a><\/p>\n\n\n\n<p>Cupidon : <a href=\"https:\/\/www.google.com\/search?client=firefox-b-e&amp;q=Cupidon+gangster+street+ou+rappeur#fpstate=ive&amp;vld=cid:deb6c510,vid:V5ftOs-FWXU,st:0\">https:\/\/www.google.com\/search?client=firefox-b-e&amp;q=Cupidon+gangster+street+ou+rappeur#fpstate=ive&amp;vld=cid:deb6c510,vid:V5ftOs-FWXU,st:0<\/a><\/p>\n\n\n\n<p><\/p>\n","protected":false},"excerpt":{"rendered":"<p>R\u00e9volution Fouki a ruin\u00e9 Occupation double ? Lost Loud &#8211; Parano Cupidon &#8211; D\u00e9g\u00e9n\u00e9rations Kesta &#8211; Mary Gold Starlett Izzy s &#8211; Hood Ticaso &#8211; &#8230;<\/p>\n","protected":false},"author":1,"featured_media":29648,"parent":0,"menu_order":0,"comment_status":"closed","ping_status":"closed","template":"","meta":{"footnotes":""},"class_list":["post-29646","page","type-page","status-publish","has-post-thumbnail","hentry"],"_links":{"self":[{"href":"http:\/\/www.ethique-rlaroche.philo-cvm.ca\/index.php?rest_route=\/wp\/v2\/pages\/29646","targetHints":{"allow":["GET"]}}],"collection":[{"href":"http:\/\/www.ethique-rlaroche.philo-cvm.ca\/index.php?rest_route=\/wp\/v2\/pages"}],"about":[{"href":"http:\/\/www.ethique-rlaroche.philo-cvm.ca\/index.php?rest_route=\/wp\/v2\/types\/page"}],"author":[{"embeddable":true,"href":"http:\/\/www.ethique-rlaroche.philo-cvm.ca\/index.php?rest_route=\/wp\/v2\/users\/1"}],"replies":[{"embeddable":true,"href":"http:\/\/www.ethique-rlaroche.philo-cvm.ca\/index.php?rest_route=%2Fwp%2Fv2%2Fcomments&post=29646"}],"version-history":[{"count":7,"href":"http:\/\/www.ethique-rlaroche.philo-cvm.ca\/index.php?rest_route=\/wp\/v2\/pages\/29646\/revisions"}],"predecessor-version":[{"id":36753,"href":"http:\/\/www.ethique-rlaroche.philo-cvm.ca\/index.php?rest_route=\/wp\/v2\/pages\/29646\/revisions\/36753"}],"wp:featuredmedia":[{"embeddable":true,"href":"http:\/\/www.ethique-rlaroche.philo-cvm.ca\/index.php?rest_route=\/wp\/v2\/media\/29648"}],"wp:attachment":[{"href":"http:\/\/www.ethique-rlaroche.philo-cvm.ca\/index.php?rest_route=%2Fwp%2Fv2%2Fmedia&parent=29646"}],"curies":[{"name":"wp","href":"https:\/\/api.w.org\/{rel}","templated":true}]}}