{"id":18305,"date":"2022-01-26T22:12:48","date_gmt":"2022-01-26T22:12:48","guid":{"rendered":"https:\/\/ethique-rlaroche.profweb.ca\/?page_id=18305"},"modified":"2022-01-26T22:43:54","modified_gmt":"2022-01-26T22:43:54","slug":"je-devais-donner-limpression-dappartenir-a-nimporte-quelle-scene-de-la-vie-quotidienne-de-los-angeles","status":"publish","type":"page","link":"http:\/\/www.ethique-rlaroche.philo-cvm.ca\/?page_id=18305","title":{"rendered":"Je devais donner l\u2019impression d\u2019appartenir \u00e0 n\u2019importe quelle sc\u00e8ne de la vie quotidienne de Los Angeles."},"content":{"rendered":"\n<div class=\"wp-block-image\"><figure class=\"aligncenter size-full\"><img loading=\"lazy\" decoding=\"async\" width=\"960\" height=\"648\" src=\"http:\/\/www.philo-cvm.ca\/wp-content\/uploads\/2022\/01\/6631724aa399c878d6acc7c5bacd011b.jpg\" alt=\"\" class=\"wp-image-18306\" srcset=\"http:\/\/www.ethique-rlaroche.philo-cvm.ca\/wp-content\/uploads\/2022\/01\/6631724aa399c878d6acc7c5bacd011b.jpg 960w, http:\/\/www.ethique-rlaroche.philo-cvm.ca\/wp-content\/uploads\/2022\/01\/6631724aa399c878d6acc7c5bacd011b-300x203.jpg 300w, http:\/\/www.ethique-rlaroche.philo-cvm.ca\/wp-content\/uploads\/2022\/01\/6631724aa399c878d6acc7c5bacd011b-768x518.jpg 768w\" sizes=\"auto, (max-width: 960px) 100vw, 960px\" \/><\/figure><\/div>\n\n\n\n<h5 class=\"has-text-align-center wp-block-heading\" id=\"que-signifie-appartenir-a-une-scene-de-la-vie-quotidienne-nous-comprenons-tres-bien-ce-qu-angela-davis-veut-dire-mais-plus-generalement-dans-le-contexte-d-une-reflexion-portant-sur-le-probleme-de-la-resistance-politique-que-signifie-cette-appartenance\">Que signifie appartenir \u00e0 une sc\u00e8ne de la vie quotidienne ? Nous comprenons tr\u00e8s bien ce qu&rsquo;Angela Davis veut dire mais plus g\u00e9n\u00e9ralement, dans le contexte d&rsquo;une r\u00e9flexion portant sur le probl\u00e8me de la r\u00e9sistance politique, que signifie cette appartenance ?  <\/h5>\n","protected":false},"excerpt":{"rendered":"<p>Que signifie appartenir \u00e0 une sc\u00e8ne de la vie quotidienne ? Nous comprenons tr\u00e8s bien ce qu&rsquo;Angela Davis veut dire mais plus g\u00e9n\u00e9ralement, dans le &#8230;<\/p>\n","protected":false},"author":1,"featured_media":18309,"parent":0,"menu_order":0,"comment_status":"open","ping_status":"closed","template":"","meta":{"footnotes":""},"class_list":["post-18305","page","type-page","status-publish","has-post-thumbnail","hentry"],"_links":{"self":[{"href":"http:\/\/www.ethique-rlaroche.philo-cvm.ca\/index.php?rest_route=\/wp\/v2\/pages\/18305","targetHints":{"allow":["GET"]}}],"collection":[{"href":"http:\/\/www.ethique-rlaroche.philo-cvm.ca\/index.php?rest_route=\/wp\/v2\/pages"}],"about":[{"href":"http:\/\/www.ethique-rlaroche.philo-cvm.ca\/index.php?rest_route=\/wp\/v2\/types\/page"}],"author":[{"embeddable":true,"href":"http:\/\/www.ethique-rlaroche.philo-cvm.ca\/index.php?rest_route=\/wp\/v2\/users\/1"}],"replies":[{"embeddable":true,"href":"http:\/\/www.ethique-rlaroche.philo-cvm.ca\/index.php?rest_route=%2Fwp%2Fv2%2Fcomments&post=18305"}],"version-history":[{"count":7,"href":"http:\/\/www.ethique-rlaroche.philo-cvm.ca\/index.php?rest_route=\/wp\/v2\/pages\/18305\/revisions"}],"predecessor-version":[{"id":18321,"href":"http:\/\/www.ethique-rlaroche.philo-cvm.ca\/index.php?rest_route=\/wp\/v2\/pages\/18305\/revisions\/18321"}],"wp:featuredmedia":[{"embeddable":true,"href":"http:\/\/www.ethique-rlaroche.philo-cvm.ca\/index.php?rest_route=\/wp\/v2\/media\/18309"}],"wp:attachment":[{"href":"http:\/\/www.ethique-rlaroche.philo-cvm.ca\/index.php?rest_route=%2Fwp%2Fv2%2Fmedia&parent=18305"}],"curies":[{"name":"wp","href":"https:\/\/api.w.org\/{rel}","templated":true}]}}